{"id":35521,"date":"2020-01-03T09:57:13","date_gmt":"2020-01-03T08:57:13","guid":{"rendered":"https:\/\/oldfarmhouses.es\/valores\/"},"modified":"2023-04-12T10:12:18","modified_gmt":"2023-04-12T08:12:18","slug":"unsere-werte","status":"publish","type":"page","link":"https:\/\/oldfarmhouses.es\/de\/unsere-werte\/","title":{"rendered":"Unsere Werte"},"content":{"rendered":"<div class=\"wpb-content-wrapper\"><p>[vc_row][vc_column][vc_column_text]<\/p>\n<h2 style=\"font-weight: bold; color: #31312c; text-align: center;\"><span style=\"font-size: 50px; font-weight: 500; letter-spacing: -2px; color: #000000;\">Unsere <\/span><span style=\"font-size: 50px; font-weight: bold; color: #f2b745; letter-spacing: -2px;\">Werte<\/span><\/h2>\n<p>[\/vc_column_text][\/vc_column][\/vc_row][vc_row css=&#8220;.vc_custom_1578041908434{margin-top: 25px !important;}&#8220;][vc_column][vc_column_text]<\/p>\n<h3 style=\"font-weight: bold; color: #31312c; text-align: center;\"><span style=\"font-size: 40px; font-weight: bold; color: #f2b745; letter-spacing: -2px;\">Unsere Pflicht, Unsere Ziel un Werte<\/span><\/h3>\n<p>[\/vc_column_text][\/vc_column][\/vc_row][vc_row][vc_column][vc_column_text]<span style=\"font-size: 14pt;\"><strong>Unsere Pflicht<\/strong><\/span>: Professionalit\u00e4t in der Verwaltung von Immobilienverm\u00f6gen und Immobilienkrediten. Unsere Dienstleistungen m\u00fcssen strenge Standards erf\u00fcllen, die die Grundlage unserer gesch\u00e4ftlichen Zukunft sind und das Ansehen unserer Firma formt.<\/p>\n<p><span style=\"font-size: 14pt;\"><strong>Unser Ziel:<\/strong><\/span> Wir streben danach, f\u00fchrendes Immobilienunternehmen und Vorbild des Immobilienkredit zu werden. Wir beweisen uns auf dem Markt durch eine starke Marke, eine leistungsf\u00e4hige Belegschaft und Arbeitsweise.<\/p>\n<p><span style=\"font-size: 14pt;\"><strong>Werte<\/strong><\/span>.<\/p>\n<ul>\n<li><strong>Redlichkeit<\/strong><\/li>\n<\/ul>\n<p>Wir handeln mit redlicher Professionalit\u00e4t, Integrit\u00e4t und Respekt zu allen Agenten des Immobiliensektor. Wir geben uns M\u00fche, das Vertrauen unserer Kunden, Aktionisten, Angestellten und Lieferanten zu verdienen.<\/p>\n<ul>\n<li><strong>Mannschaftsgeist<\/strong><\/li>\n<\/ul>\n<p>Alle OFHs Mitglieder und Mitarbeiter arbeiten koordiniert zusammen, um unsere Betriebsziele zu erreichen.<\/p>\n<ul>\n<li><strong>Zukunftsorientiertes Engagement<\/strong><\/li>\n<\/ul>\n<p>Wir bauen auf eine nachhaltige Entwicklung unseres Unternehmens.<\/p>\n<ul>\n<li><strong>Exzellenz in unseren Dienstleistungen<\/strong><\/li>\n<\/ul>\n<p>Wir sind dazu bestrebt, unser Bestes zu tun und das Ansehen der OFH Marke zu steigern.[\/vc_column_text][\/vc_column][\/vc_row]<\/p>\n<\/div>","protected":false},"excerpt":{"rendered":"<p>[vc_row][vc_column][vc_column_text] Unsere Werte [\/vc_column_text][\/vc_column][\/vc_row][vc_row css=&#8220;.vc_custom_1578041908434{margin-top: 25px !important;}&#8220;][vc_column][vc_column_text] Unsere Pflicht, Unsere Ziel un Werte [\/vc_column_text][\/vc_column][\/vc_row][vc_row][vc_column][vc_column_text]Unsere Pflicht: Professionalit\u00e4t in der Verwaltung von Immobilienverm\u00f6gen und Immobilienkrediten. Unsere Dienstleistungen m\u00fcssen strenge Standards erf\u00fcllen, die die Grundlage unserer gesch\u00e4ftlichen Zukunft sind und das Ansehen unserer Firma formt. Unser Ziel: Wir streben danach, f\u00fchrendes Immobilienunternehmen und Vorbild des Immobilienkredit zu werden. Wir beweisen uns auf dem Markt durch eine starke &#8230;<\/p>\n","protected":false},"author":2,"featured_media":0,"parent":0,"menu_order":0,"comment_status":"closed","ping_status":"closed","template":"","meta":{"footnotes":""},"acf":[],"_links":{"self":[{"href":"https:\/\/oldfarmhouses.es\/de\/wp-json\/wp\/v2\/pages\/35521"}],"collection":[{"href":"https:\/\/oldfarmhouses.es\/de\/wp-json\/wp\/v2\/pages"}],"about":[{"href":"https:\/\/oldfarmhouses.es\/de\/wp-json\/wp\/v2\/types\/page"}],"author":[{"embeddable":true,"href":"https:\/\/oldfarmhouses.es\/de\/wp-json\/wp\/v2\/users\/2"}],"replies":[{"embeddable":true,"href":"https:\/\/oldfarmhouses.es\/de\/wp-json\/wp\/v2\/comments?post=35521"}],"version-history":[{"count":5,"href":"https:\/\/oldfarmhouses.es\/de\/wp-json\/wp\/v2\/pages\/35521\/revisions"}],"predecessor-version":[{"id":38459,"href":"https:\/\/oldfarmhouses.es\/de\/wp-json\/wp\/v2\/pages\/35521\/revisions\/38459"}],"wp:attachment":[{"href":"https:\/\/oldfarmhouses.es\/de\/wp-json\/wp\/v2\/media?parent=35521"}],"curies":[{"name":"wp","href":"https:\/\/api.w.org\/{rel}","templated":true}]}}