{"id":38452,"date":"2022-05-30T15:39:55","date_gmt":"2022-05-30T13:39:55","guid":{"rendered":"https:\/\/oldfarmhouses.es\/?page_id=38452"},"modified":"2023-11-06T08:01:04","modified_gmt":"2023-11-06T07:01:04","slug":"rental-solution","status":"publish","type":"page","link":"https:\/\/oldfarmhouses.es\/de\/rental-solution\/","title":{"rendered":"Rental Solution"},"content":{"rendered":"<div class=\"wpb-content-wrapper\"><p>[vc_row][vc_column][vc_column_text]<\/p>\n<h1 style=\"font-weight: bold; color: #31312c; text-align: center;\"><span style=\"font-size: 50px; font-weight: bold; color: #f2b745; letter-spacing: -2px;\">OFH <\/span><span style=\"font-size: 50px; font-weight: 500; letter-spacing: -2px; color: #000000;\">RENTAL SOLUTION<\/span><\/h1>\n<p>[\/vc_column_text][\/vc_column][\/vc_row][vc_row equal_height=&#8220;yes&#8220; content_placement=&#8220;middle&#8220;][vc_column width=&#8220;1\/2&#8243;][vc_column_text css_animation=&#8220;fadeInLeft&#8220;]<\/p>\n<h2><span style=\"font-size: 14pt;\">Totale Vermietungsverwaltung von Ihrer Immobilie<\/span><\/h2>\n<p>Unsere Dienstleistungen beschr\u00e4nken sich nicht nur auf die Region de Murcia und die Stelle unseres B\u00fcros. Nach einer gr\u00fcndlichen Analyse von den Bed\u00fcrfnissen unserer Kunde, merken wir, dass Viele davon einen kompletten Vermietungsverwaltungsdienst f\u00fcr ihre Immobilien w\u00fcnschen. Deshalb bieten wir Ihnen OFH Rental Solution an. Sie k\u00f6nnen ab jetzt alle Vorteile und Dienstleistungen genie\u03b2en f\u00fcr lediglich 35\u20ac pro Monat.[\/vc_column_text][\/vc_column][vc_column width=&#8220;1\/2&#8243;][vc_single_image image=&#8220;35966&#8243; img_size=&#8220;large&#8220; alignment=&#8220;center&#8220; css_animation=&#8220;fadeInRight&#8220; el_class=&#8220;imgCasa&#8220;][\/vc_column][\/vc_row][vc_row equal_height=&#8220;yes&#8220; content_placement=&#8220;middle&#8220;][vc_column width=&#8220;1\/2&#8243;][vc_column_text css_animation=&#8220;fadeInLeft&#8220;]<\/p>\n<h3><span style=\"font-size: 12pt;\">Was bietet eigentlich OFH Rental Solution an?<\/span><\/h3>\n<p>&#8211; Garantierte Mietzahlung.<br \/>\n&#8211; Juristische Beratung.<br \/>\n&#8211; Werbung f\u00fcr Ihre Immobilie in sozialen Netzwerken.<strong><br \/>\n<\/strong>&#8211; H\u00e4ufige Zustandskontrolle Ihrer Immobilie.<br \/>\n&#8211; \u00c4nderung des Inhabers der Stroms- und Wassersversorgung.<br \/>\n&#8211; Mithilfe beim Umgang mit der Eigent\u00fcmergemeinschaft.<strong><br \/>\n<\/strong>&#8211; Aufr\u00e4umung und Umbau von Ihrer Immobilie.<br \/>\n&#8211; Einzugs- und Auszugsverifizierung des Mieters.<strong><br \/>\n<\/strong>&#8211; Schl\u00fcsselverwahrung.<strong><br \/>\n<\/strong>&#8211; Schadenfallverwaltung mit der Versicherungsgesellschaft.<br \/>\n&#8211; Verkaufsverwaltung von Ihrer Immobilie.[\/vc_column_text][\/vc_column][vc_column width=&#8220;1\/2&#8243;][vc_column_text css_animation=&#8220;fadeInRight&#8220;]Wenn Sie das anspricht oder Sie mehr Infos dazu erhalten m\u00f6chten, nehmen Sie gerne Kontakt mit uns auf. Ganz unten finden Sie unsere Kontaktnummer sowie ein Kontaktformular.[\/vc_column_text][\/vc_column][\/vc_row][vc_row equal_height=&#8220;yes&#8220;][vc_column width=&#8220;1\/2&#8243; offset=&#8220;vc_hidden-md vc_hidden-sm vc_hidden-xs&#8220;][vc_single_image image=&#8220;35979&#8243; img_size=&#8220;430&#215;792&#8243; alignment=&#8220;center&#8220; css_animation=&#8220;zoomInUp&#8220;][\/vc_column][vc_column width=&#8220;1\/2&#8243; offset=&#8220;vc_hidden-md vc_hidden-sm vc_hidden-xs&#8220;][vc_column_text css_animation=&#8220;fadeInRight&#8220;]<\/p>\n<h3 style=\"text-align: left;\"><span style=\"font-size: 24pt;\"><strong>F\u00fcr wen ist OFH<\/strong><\/span><\/h3>\n<h3 style=\"text-align: left;\"><span style=\"font-size: 24pt;\"> Rental Solution bestimmt?<\/span><\/h3>\n<p>[\/vc_column_text][vc_column_text css_animation=&#8220;fadeIn&#8220; css=&#8220;.vc_custom_1653917894590{padding-top: 40px !important;padding-right: 200px !important;padding-bottom: 40px !important;padding-left: 20px !important;background-image: url(http:\/\/oldfarmhouses.es\/wp-content\/uploads\/2020\/12\/ALQUILER.png?id=35985) !important;background-position: center !important;background-repeat: no-repeat !important;background-size: contain !important;}&#8220;]<span style=\"color: #000000; font-size: 18pt;\">Privatpersonen<\/span><br \/>\n<span style=\"color: #ffffff; font-size: 14pt;\">Vermietung<\/span><\/p>\n<p><span style=\"color: #000000;\">Das ist ideal, falls Sie einen totalen Verwaltungsdienst w\u00fcnschen f\u00fcr Ihre vermietete Immobilie.<\/span>[\/vc_column_text][vc_column_text css_animation=&#8220;fadeIn&#8220; css=&#8220;.vc_custom_1653918629743{padding-top: 40px !important;padding-right: 200px !important;padding-bottom: 40px !important;padding-left: 20px !important;background-image: url(http:\/\/oldfarmhouses.es\/wp-content\/uploads\/2020\/12\/VENTA.png?id=36046) !important;background-position: center !important;background-repeat: no-repeat !important;background-size: contain !important;}&#8220;]<span style=\"color: #000000; font-size: 18pt;\">Privatpersonen<\/span><br \/>\n<span style=\"color: #ffffff; font-size: 14pt;\">Verkauf<\/span><\/p>\n<p><span style=\"color: #000000;\">Wenn Sie mal beschlie\u03b2en, Ihre Immobilie zu verkaufen, Sie k\u00f6nnen es einfach tun durch OFH Rental Solution.<\/span>[\/vc_column_text][\/vc_column][\/vc_row][vc_row equal_height=&#8220;yes&#8220;][vc_column offset=&#8220;vc_hidden-lg vc_hidden-sm vc_hidden-xs&#8220;][vc_single_image image=&#8220;35979&#8243; img_size=&#8220;430&#215;792&#8243; alignment=&#8220;center&#8220;][vc_column_text]<\/p>\n<h3 style=\"text-align: left;\"><span style=\"font-size: 24pt;\"><strong>A qui\u00e9n va dirigido<\/strong><\/span><\/h3>\n<h3 style=\"text-align: left;\"><span style=\"font-size: 24pt;\"> OFH RENTAL SOLUTION<\/span><\/h3>\n<p>[\/vc_column_text][vc_column_text css=&#8220;.vc_custom_1625576885107{padding-top: 80px !important;padding-right: 360px !important;padding-bottom: 80px !important;padding-left: 20px !important;background-image: url(http:\/\/oldfarmhouses.es\/wp-content\/uploads\/2020\/12\/ALQUILER.png?id=35985) !important;background-position: center !important;background-repeat: no-repeat !important;background-size: cover !important;}&#8220;]<span style=\"color: #000000; font-size: 18pt;\">PARTICULARES<\/span><br \/>\n<span style=\"color: #ffffff; font-size: 14pt;\">ALQUILER<\/span><\/p>\n<p><span style=\"color: #000000;\">Si est\u00e1s buscando una soluci\u00f3n completa de la gesti\u00f3n del alquiler de tu vivienda, OFH RENTAL SOLUTION es para ti.<\/span>[\/vc_column_text][vc_column_text css=&#8220;.vc_custom_1625576871139{padding-top: 80px !important;padding-right: 360px !important;padding-bottom: 80px !important;padding-left: 20px !important;background-image: url(http:\/\/oldfarmhouses.es\/wp-content\/uploads\/2020\/12\/VENTA.png?id=36046) !important;background-position: center !important;background-repeat: no-repeat !important;background-size: cover !important;}&#8220;]<span style=\"color: #000000; font-size: 18pt;\">PARTICULARES<\/span><br \/>\n<span style=\"color: #ffffff; font-size: 14pt;\">VENTA<\/span><\/p>\n<p><span style=\"color: #000000;\">Adem\u00e1s, si en alg\u00fan momento decides poner en venta tu vivienda o gestionarla con tus inquilinos, gracias a <a style=\"color: #000000;\" href=\"https:\/\/oldfarmhouses.es\/\">OFH<\/a> RENTAL SOLUTION podr\u00e1s hacerlo de una forma muy sencilla.<\/span>[\/vc_column_text][\/vc_column][\/vc_row][vc_row equal_height=&#8220;yes&#8220;][vc_column offset=&#8220;vc_hidden-lg vc_hidden-md&#8220;][vc_single_image image=&#8220;35979&#8243; img_size=&#8220;430&#215;792&#8243; alignment=&#8220;center&#8220;][vc_column_text]<\/p>\n<h3 style=\"text-align: left;\"><span style=\"font-size: 24pt;\"><strong>A qui\u00e9n va dirigido<\/strong><\/span><\/h3>\n<h3 style=\"text-align: left;\"><span style=\"font-size: 24pt;\"> OFH RENTAL SOLUTION<\/span><\/h3>\n<p>[\/vc_column_text][vc_column_text css=&#8220;.vc_custom_1625577040266{padding-top: 80px !important;padding-right: 20px !important;padding-bottom: 80px !important;padding-left: 20px !important;background-color: #e3b845 !important;background-position: center !important;background-repeat: no-repeat !important;background-size: cover !important;}&#8220;]<span style=\"color: #000000; font-size: 18pt;\">PARTICULARES<\/span><br \/>\n<span style=\"color: #ffffff; font-size: 14pt;\">ALQUILER<\/span><\/p>\n<p><span style=\"color: #000000;\">Si est\u00e1s buscando una soluci\u00f3n completa de la gesti\u00f3n del alquiler de tu vivienda, OFH RENTAL SOLUTION es para ti.<\/span>[\/vc_column_text][vc_column_text css=&#8220;.vc_custom_1625577055779{padding-top: 80px !important;padding-right: 20px !important;padding-bottom: 80px !important;padding-left: 20px !important;background-color: #e3b845 !important;background-position: center !important;background-repeat: no-repeat !important;background-size: cover !important;}&#8220;]<span style=\"color: #000000; font-size: 18pt;\">PARTICULARES<\/span><br \/>\n<span style=\"color: #ffffff; font-size: 14pt;\">VENTA<\/span><\/p>\n<p><span style=\"color: #000000;\">Adem\u00e1s, si en alg\u00fan momento decides poner en venta tu vivienda o gestionarla con tus inquilinos, gracias a <a style=\"color: #000000;\" href=\"https:\/\/oldfarmhouses.es\/\">OFH<\/a> RENTAL SOLUTION podr\u00e1s hacerlo de una forma muy sencilla.<\/span>[\/vc_column_text][\/vc_column][\/vc_row][vc_row equal_height=&#8220;yes&#8220; disable_element=&#8220;yes&#8220; css=&#8220;.vc_custom_1625571131544{padding-right: 50px !important;}&#8220;][vc_column width=&#8220;1\/2&#8243;][vc_single_image image=&#8220;35979&#8243; img_size=&#8220;430&#215;792&#8243; alignment=&#8220;center&#8220;][\/vc_column][vc_column width=&#8220;1\/2&#8243;][vc_column_text]<\/p>\n<h3 style=\"text-align: left;\"><span style=\"font-size: 24pt;\"><strong>A qui\u00e9n va dirigido<\/strong><\/span><\/h3>\n<h3 style=\"text-align: left;\"><span style=\"font-size: 24pt;\"> OFH RENTAL SOLUTION<\/span><\/h3>\n<p>[\/vc_column_text][vc_hoverbox image=&#8220;35985&#8243; primary_title=&#8220;PARTICULARES ALQUILER&#8220; primary_align=&#8220;left&#8220; hover_title=&#8220;PARTICULARES ALQUILER&#8220; hover_background_color=&#8220;custom&#8220; el_width=&#8220;80&#8243; align=&#8220;left&#8220; hover_custom_background=&#8220;#e1b947&#8243; css=&#8220;.vc_custom_1608224142298{padding-bottom: 20px !important;}&#8220;]<span style=\"color: #ffffff;\">Si est\u00e1s buscando una soluci\u00f3n completa de la gesti\u00f3n del alquiler de tu vivienda, OFH RENTAL SOLUTION es para ti.<\/span>[\/vc_hoverbox][vc_hoverbox image=&#8220;36046&#8243; primary_title=&#8220;PARTICULARES VENTA&#8220; primary_align=&#8220;left&#8220; hover_title=&#8220;PARTICULARES VENTA&#8220; hover_background_color=&#8220;custom&#8220; el_width=&#8220;80&#8243; align=&#8220;right&#8220; hover_custom_background=&#8220;#e1b947&#8243; css=&#8220;.vc_custom_1608224188311{padding-top: 30px !important;}&#8220;]<span style=\"color: #ffffff;\">Adem\u00e1s, si en alg\u00fan momento decides poner en venta tu vivienda o gestionarla con tus inquilinos, gracias a <a style=\"color: #ffffff;\" href=\"https:\/\/oldfarmhouses.es\/\">OFH<\/a> RENTAL SOLUTION podr\u00e1s hacerlo de una forma muy sencilla.<\/span>[\/vc_hoverbox][\/vc_column][\/vc_row][vc_row][vc_column width=&#8220;2\/3&#8243;]\n<div class=\"wpcf7 no-js\" id=\"wpcf7-f38455-o1\" lang=\"es-ES\" dir=\"ltr\">\n<div class=\"screen-reader-response\"><p role=\"status\" aria-live=\"polite\" aria-atomic=\"true\"><\/p> <ul><\/ul><\/div>\n<form action=\"\/de\/wp-json\/wp\/v2\/pages\/38452#wpcf7-f38455-o1\" method=\"post\" class=\"wpcf7-form init\" aria-label=\"Formulario de contacto\" novalidate=\"novalidate\" data-status=\"init\">\n<div style=\"display: none;\">\n<input type=\"hidden\" name=\"_wpcf7\" value=\"38455\" \/>\n<input type=\"hidden\" name=\"_wpcf7_version\" value=\"5.7.7\" \/>\n<input type=\"hidden\" name=\"_wpcf7_locale\" value=\"es_ES\" \/>\n<input type=\"hidden\" name=\"_wpcf7_unit_tag\" value=\"wpcf7-f38455-o1\" \/>\n<input type=\"hidden\" name=\"_wpcf7_container_post\" value=\"0\" \/>\n<input type=\"hidden\" name=\"_wpcf7_posted_data_hash\" value=\"\" \/>\n<input type=\"hidden\" name=\"_wpcf7_recaptcha_response\" value=\"\" \/>\n<\/div>\n<p><label> Name (erforderlich)<br \/>\n<span class=\"wpcf7-form-control-wrap\" data-name=\"your-name\"><input size=\"40\" class=\"wpcf7-form-control wpcf7-text wpcf7-validates-as-required\" aria-required=\"true\" aria-invalid=\"false\" value=\"\" type=\"text\" name=\"your-name\" \/><\/span> <\/label>\n<\/p>\n<p><label> Email (erforderlich)<br \/>\n<span class=\"wpcf7-form-control-wrap\" data-name=\"your-email\"><input size=\"40\" class=\"wpcf7-form-control wpcf7-text wpcf7-email wpcf7-validates-as-required wpcf7-validates-as-email\" aria-required=\"true\" aria-invalid=\"false\" value=\"\" type=\"email\" name=\"your-email\" \/><\/span> <\/label>\n<\/p>\n<p><label> Telefon (erforderlich)<br \/>\n<span class=\"wpcf7-form-control-wrap\" data-name=\"phone\"><input size=\"40\" class=\"wpcf7-form-control wpcf7-text wpcf7-tel wpcf7-validates-as-required wpcf7-validates-as-tel\" aria-required=\"true\" aria-invalid=\"false\" value=\"\" type=\"tel\" name=\"phone\" \/><\/span> <\/label>\n<\/p>\n<p><label> Betreff<br \/>\n<span class=\"wpcf7-form-control-wrap\" data-name=\"your-subject\"><input size=\"40\" class=\"wpcf7-form-control wpcf7-text\" aria-invalid=\"false\" value=\"\" type=\"text\" name=\"your-subject\" \/><\/span> <\/label>\n<\/p>\n<p><label> Message<br \/>\n<span class=\"wpcf7-form-control-wrap\" data-name=\"your-message\"><textarea cols=\"40\" rows=\"10\" class=\"wpcf7-form-control wpcf7-textarea\" aria-invalid=\"false\" name=\"your-message\"><\/textarea><\/span> <\/label>\n<\/p>\n<p><input class=\"wpcf7-form-control has-spinner wpcf7-submit\" type=\"submit\" value=\"Nachricht\" \/>\n<\/p><div class=\"wpcf7-response-output\" aria-hidden=\"true\"><\/div>\n<\/form>\n<\/div>\n[\/vc_column][vc_column width=&#8220;1\/3&#8243;][vc_column_text]<\/p>\n<h3>Kontaktieren Sie uns<\/h3>\n<p>[\/vc_column_text][vc_column_text]<\/p>\n<h4>Hauptb\u00fcro<\/h4>\n<p>Avda. Balsicas 4 bajo<br \/>\n30709 Roldan, Murcia<br \/>\n<a href=\"tel:+34868701655\">Tel: +34 868 701 655<\/a><br \/>\n<a href=\"tel:+34623018292\">Tel: +34 623 018 292<\/a><br \/>\nfarmhouses@oldfarmhouses.es[\/vc_column_text][\/vc_column][\/vc_row]<\/p>\n<\/div>","protected":false},"excerpt":{"rendered":"<p>[vc_row][vc_column][vc_column_text] OFH RENTAL SOLUTION [\/vc_column_text][\/vc_column][\/vc_row][vc_row equal_height=&#8220;yes&#8220; content_placement=&#8220;middle&#8220;][vc_column width=&#8220;1\/2&#8243;][vc_column_text css_animation=&#8220;fadeInLeft&#8220;] Totale Vermietungsverwaltung von Ihrer Immobilie Unsere Dienstleistungen beschr\u00e4nken sich nicht nur auf die Region de Murcia und die Stelle unseres B\u00fcros. Nach einer gr\u00fcndlichen Analyse von den Bed\u00fcrfnissen unserer Kunde, merken wir, dass Viele davon einen kompletten Vermietungsverwaltungsdienst f\u00fcr ihre Immobilien w\u00fcnschen. Deshalb bieten wir Ihnen OFH Rental Solution an. Sie k\u00f6nnen ab jetzt alle &#8230;<\/p>\n","protected":false},"author":2,"featured_media":0,"parent":0,"menu_order":0,"comment_status":"closed","ping_status":"closed","template":"","meta":{"footnotes":""},"acf":[],"_links":{"self":[{"href":"https:\/\/oldfarmhouses.es\/de\/wp-json\/wp\/v2\/pages\/38452"}],"collection":[{"href":"https:\/\/oldfarmhouses.es\/de\/wp-json\/wp\/v2\/pages"}],"about":[{"href":"https:\/\/oldfarmhouses.es\/de\/wp-json\/wp\/v2\/types\/page"}],"author":[{"embeddable":true,"href":"https:\/\/oldfarmhouses.es\/de\/wp-json\/wp\/v2\/users\/2"}],"replies":[{"embeddable":true,"href":"https:\/\/oldfarmhouses.es\/de\/wp-json\/wp\/v2\/comments?post=38452"}],"version-history":[{"count":4,"href":"https:\/\/oldfarmhouses.es\/de\/wp-json\/wp\/v2\/pages\/38452\/revisions"}],"predecessor-version":[{"id":38457,"href":"https:\/\/oldfarmhouses.es\/de\/wp-json\/wp\/v2\/pages\/38452\/revisions\/38457"}],"wp:attachment":[{"href":"https:\/\/oldfarmhouses.es\/de\/wp-json\/wp\/v2\/media?parent=38452"}],"curies":[{"name":"wp","href":"https:\/\/api.w.org\/{rel}","templated":true}]}}