{"id":38728,"date":"2022-10-05T16:30:29","date_gmt":"2022-10-05T14:30:29","guid":{"rendered":"https:\/\/oldfarmhouses.es\/homepage\/"},"modified":"2024-11-08T12:33:27","modified_gmt":"2024-11-08T11:33:27","slug":"homepage","status":"publish","type":"page","link":"https:\/\/oldfarmhouses.es\/de\/","title":{"rendered":"Homepage"},"content":{"rendered":"<div class=\"wpb-content-wrapper\"><p>[vc_row][vc_column][vc_column_text css=&#8220;.vc_custom_1655378803370{margin-top: -250px !important;}&#8220;][BAmbos KUBE][\/vc_column_text][\/vc_column][\/vc_row][vc_row css=&#8220;.vc_custom_1655378923073{margin-top: 40px !important;}&#8220;][vc_column][vc_single_image image=&#8220;39860&#8243; img_size=&#8220;full&#8220; alignment=&#8220;center&#8220; onclick=&#8220;custom_link&#8220; link=&#8220;https:\/\/oldfarmhouses.es\/de\/registerkarte-immobilienverkauf\/luxuriose-villa-in-el-alba-residencial-17952626\/&#8220;][\/vc_column][\/vc_row][vc_row full_width=&#8220;stretch_row&#8220; type=&#8220;in_container&#8220; full_screen_row_position=&#8220;middle&#8220; column_margin=&#8220;default&#8220; scene_position=&#8220;center&#8220; text_color=&#8220;dark&#8220; text_align=&#8220;left&#8220; overlay_strength=&#8220;0.3&#8243; shape_divider_position=&#8220;bottom&#8220; bg_image_animation=&#8220;none&#8220; css=&#8220;.vc_custom_1501066072255{padding-bottom: 60px !important;background-color: #ffffff !important;}&#8220;][vc_column column_padding=&#8220;no-extra-padding&#8220; column_padding_position=&#8220;all&#8220; background_color_opacity=&#8220;1&#8243; background_hover_color_opacity=&#8220;1&#8243; column_link_target=&#8220;_self&#8220; column_shadow=&#8220;none&#8220; column_border_radius=&#8220;none&#8220; tablet_width_inherit=&#8220;default&#8220; tablet_text_alignment=&#8220;default&#8220; phone_text_alignment=&#8220;default&#8220; overlay_strength=&#8220;0.3&#8243; column_border_width=&#8220;none&#8220; column_border_style=&#8220;solid&#8220; bg_image_animation=&#8220;none&#8220;][vc_row_inner text_align=&#8220;left&#8220; column_margin=&#8220;default&#8220;][vc_column_inner width=&#8220;1\/6&#8243; column_padding=&#8220;no-extra-padding&#8220; column_padding_position=&#8220;all&#8220; background_color_opacity=&#8220;1&#8243; background_hover_color_opacity=&#8220;1&#8243; column_shadow=&#8220;none&#8220; column_border_radius=&#8220;none&#8220; column_link_target=&#8220;_self&#8220; tablet_width_inherit=&#8220;default&#8220; overlay_strength=&#8220;0.3&#8243; column_border_width=&#8220;none&#8220; column_border_style=&#8220;solid&#8220; bg_image_animation=&#8220;none&#8220;][\/vc_column_inner][vc_column_inner width=&#8220;2\/3&#8243; column_padding=&#8220;no-extra-padding&#8220; column_padding_position=&#8220;all&#8220; background_color_opacity=&#8220;1&#8243; background_hover_color_opacity=&#8220;1&#8243; column_shadow=&#8220;none&#8220; column_border_radius=&#8220;none&#8220; column_link_target=&#8220;_self&#8220; tablet_width_inherit=&#8220;default&#8220; overlay_strength=&#8220;0.3&#8243; column_border_width=&#8220;none&#8220; column_border_style=&#8220;solid&#8220; bg_image_animation=&#8220;none&#8220;][vc_column_text css_animation=&#8220;bottom-to-top&#8220; css=&#8220;.vc_custom_1576681875785{padding-top: 40px !important;padding-bottom: 40px !important;}&#8220;]<\/p>\n<h2 style=\"font-weight: bold; color: #31312c; text-align: center;\"><span style=\"font-size: 50px; font-weight: 300; letter-spacing: -2px; color: #000000;\">Bezaubernde <\/span><span style=\"font-size: 50px; font-weight: bold; color: #f2b745; letter-spacing: -2px;\">Objekte<\/span><\/h2>\n<p>[\/vc_column_text][\/vc_column_inner][vc_column_inner width=&#8220;1\/6&#8243; column_padding=&#8220;no-extra-padding&#8220; column_padding_position=&#8220;all&#8220; background_color_opacity=&#8220;1&#8243; background_hover_color_opacity=&#8220;1&#8243; column_shadow=&#8220;none&#8220; column_border_radius=&#8220;none&#8220; column_link_target=&#8220;_self&#8220; tablet_width_inherit=&#8220;default&#8220; overlay_strength=&#8220;0.3&#8243; column_border_width=&#8220;none&#8220; column_border_style=&#8220;solid&#8220; bg_image_animation=&#8220;none&#8220;][\/vc_column_inner][\/vc_row_inner][vc_row_inner][vc_column_inner][vc_column_text][Destacadas KUBE][\/vc_column_text][\/vc_column_inner][\/vc_row_inner][\/vc_column][\/vc_row][vc_row full_width=&#8220;stretch_row&#8220; equal_height=&#8220;yes&#8220; content_placement=&#8220;middle&#8220; bg_type=&#8220;image&#8220; parallax_style=&#8220;vcpb-default&#8220; bg_image_new=&#8220;id^35335|url^https:\/\/oldfarmhouses.es\/wp-content\/uploads\/2020\/01\/banner-home.jpg|caption^null|alt^null|title^banner-home|description^null&#8220; bg_image_repeat=&#8220;no-repeat&#8220; bg_image_posiiton=&#8220;40% 50%&#8220; enable_overlay=&#8220;enable_overlay_value&#8220; overlay_color=&#8220;#0a0a0a&#8220; overlay_pattern_opacity=&#8220;45&#8243; overlay_pattern_size=&#8220;500&#8243; type=&#8220;full_width_background&#8220; full_screen_row_position=&#8220;middle&#8220; column_margin=&#8220;default&#8220; bg_image=&#8220;19388&#8243; bg_position=&#8220;center center&#8220; bg_repeat=&#8220;no-repeat&#8220; bg_color=&#8220;#eaeaea&#8220; scene_position=&#8220;center&#8220; text_color=&#8220;dark&#8220; text_align=&#8220;left&#8220; enable_gradient=&#8220;true&#8220; color_overlay=&#8220;#dddddd&#8220; color_overlay_2=&#8220;#aaaaaa&#8220; gradient_direction=&#8220;top_to_bottom&#8220; overlay_strength=&#8220;0.5&#8243; shape_divider_position=&#8220;bottom&#8220; bg_image_animation=&#8220;none&#8220; css=&#8220;.vc_custom_1578583447798{border-top-width: 5px !important;background-position: center !important;background-repeat: no-repeat !important;background-size: contain !important;border-top-color: #f2b745 !important;border-top-style: solid !important;}&#8220; shape_type=&#8220;&#8220;][vc_column column_padding=&#8220;no-extra-padding&#8220; column_padding_position=&#8220;all&#8220; background_color_opacity=&#8220;1&#8243; background_hover_color_opacity=&#8220;1&#8243; column_link_target=&#8220;_self&#8220; column_shadow=&#8220;none&#8220; column_border_radius=&#8220;none&#8220; top_margin=&#8220;65&#8243; bottom_margin=&#8220;65&#8243; tablet_width_inherit=&#8220;default&#8220; tablet_text_alignment=&#8220;default&#8220; phone_text_alignment=&#8220;default&#8220; overlay_strength=&#8220;0.3&#8243; column_border_width=&#8220;none&#8220; column_border_style=&#8220;solid&#8220; bg_image_animation=&#8220;none&#8220; css=&#8220;.vc_custom_1560961247466{padding-top: 75px !important;padding-bottom: 75px !important;}&#8220;][vc_column_text css=&#8220;.vc_custom_1573493240454{margin-bottom: 15px !important;}&#8220;]<\/p>\n<p style=\"text-align: center;\"><span style=\"text-align: center; font-size: 50px; font-weight: bold; color: #f2b745; letter-spacing: -2px;\">Unsere Firma<\/span><\/p>\n<p>[\/vc_column_text][vc_column_text css=&#8220;.vc_custom_1576682530236{margin-top: 0px !important;margin-bottom: 15px !important;padding-top: 0px !important;padding-bottom: 0px !important;}&#8220;]<\/p>\n<p style=\"text-align: center;\"><span style=\"color: #ffffff; font-size: 23px;\"><strong>OLD FARMHOUSES<\/strong><\/span><\/p>\n<p>[\/vc_column_text][vc_column_text]<\/p>\n<p style=\"text-align: center;\"><span style=\"color: #ffffff; font-size: 16px;\">Old Farm Houses ist eine Immobilienfirma fokusiert auf Management, Marketing, und Vermittlungsdienstleistungen auf nationaler sowie auf internationaler Ebene. Zufriedene Kunden sind unser Ziel. Old Farm Houses besch\u00e4ftigt multidisziplin\u00e4r ausgebildete und in dem Bereich sehr erfahrene und qualifizierte Fachleute in Bereichen Marketing und Vermarktung von Immobilien auf nationaler sowie internationaler Ebene.<\/span><\/p>\n<p>[\/vc_column_text][\/vc_column][vc_column][\/vc_column][\/vc_row][vc_row full_width=&#8220;stretch_row_content_no_spaces&#8220; disable_element=&#8220;yes&#8220; type=&#8220;in_container&#8220; full_screen_row_position=&#8220;middle&#8220; column_margin=&#8220;default&#8220; scene_position=&#8220;center&#8220; text_color=&#8220;dark&#8220; text_align=&#8220;left&#8220; overlay_strength=&#8220;0.3&#8243; shape_divider_position=&#8220;bottom&#8220; bg_image_animation=&#8220;none&#8220; css=&#8220;.vc_custom_1578992320032{padding-bottom: 60px !important;background-color: #ffffff !important;}&#8220; el_id=&#8220;primerRow&#8220;][vc_column column_padding=&#8220;no-extra-padding&#8220; column_padding_position=&#8220;all&#8220; background_color_opacity=&#8220;1&#8243; background_hover_color_opacity=&#8220;1&#8243; column_link_target=&#8220;_self&#8220; column_shadow=&#8220;none&#8220; column_border_radius=&#8220;none&#8220; tablet_width_inherit=&#8220;default&#8220; tablet_text_alignment=&#8220;default&#8220; phone_text_alignment=&#8220;default&#8220; overlay_strength=&#8220;0.3&#8243; column_border_width=&#8220;none&#8220; column_border_style=&#8220;solid&#8220; bg_image_animation=&#8220;none&#8220;][vc_column_text css_animation=&#8220;bottom-to-top&#8220; css=&#8220;.vc_custom_1573493233735{padding-top: 40px !important;padding-bottom: 40px !important;}&#8220;]<\/p>\n<h2 style=\"font-weight: bold; color: #31312c; text-align: center;\"><span style=\"font-size: 50px; font-weight: 300; letter-spacing: -2px; color: #000000;\">Promociones <\/span><span style=\"font-size: 50px; font-weight: bold; color: #f2b745; letter-spacing: -2px;\">Obra Nueva<\/span><\/h2>\n<p style=\"text-align: center; font-size: 18px; font-weight: 300;\">Descubre nuestras promociones de obra nueva<\/p>\n<p>[\/vc_column_text][\/vc_column][\/vc_row][vc_row type=&#8220;in_container&#8220; full_screen_row_position=&#8220;middle&#8220; column_margin=&#8220;default&#8220; scene_position=&#8220;center&#8220; text_color=&#8220;dark&#8220; text_align=&#8220;left&#8220; overlay_strength=&#8220;0.3&#8243; shape_divider_position=&#8220;bottom&#8220; bg_image_animation=&#8220;none&#8220;][vc_column column_padding=&#8220;no-extra-padding&#8220; column_padding_position=&#8220;all&#8220; background_color_opacity=&#8220;1&#8243; background_hover_color_opacity=&#8220;1&#8243; column_link_target=&#8220;_self&#8220; column_shadow=&#8220;none&#8220; column_border_radius=&#8220;none&#8220; tablet_width_inherit=&#8220;default&#8220; tablet_text_alignment=&#8220;default&#8220; phone_text_alignment=&#8220;default&#8220; overlay_strength=&#8220;0.3&#8243; column_border_width=&#8220;none&#8220; column_border_style=&#8220;solid&#8220; bg_image_animation=&#8220;none&#8220;][vc_column_text css_animation=&#8220;bottom-to-top&#8220; css=&#8220;.vc_custom_1576682309709{padding-top: 40px !important;padding-bottom: 40px !important;}&#8220;]<\/p>\n<h2 style=\"font-weight: bold; color: #31312c; text-align: center;\"><span style=\"font-size: 50px; font-weight: bold; color: #f2b745; letter-spacing: -2px;\">Neue <\/span> <span style=\"font-size: 50px; font-weight: 300; letter-spacing: -2px; color: #000000;\"> Immobilien<\/span><\/h2>\n<p>[\/vc_column_text][vc_column_text]<\/p>\n<p style=\"text-align: center;\"><span style=\"font-size: 16px;\">Mehr als 25 Jahre Erfahrung im Verkauf von Stadth\u00e4usern, Villen, H\u00f6hlenh\u00e4usern, Grundst\u00fccken, Fincas, Landh\u00e4usern, Steinruinen, Strandh\u00e4usern und H\u00e4usern in Restaurierungs- und Renovierungsprojekten zusammen mit Wohngebieten und Golfpl\u00e4tzen<\/span><\/p>\n<p>[\/vc_column_text][vc_column_text][Nuevas KUBE][\/vc_column_text][vc_raw_html]PC9kaXY+[\/vc_raw_html][\/vc_column][\/vc_row]<\/p>\n<\/div>","protected":false},"excerpt":{"rendered":"<p>[vc_row][vc_column][vc_column_text css=&#8220;.vc_custom_1655378803370{margin-top: -250px !important;}&#8220;][BAmbos KUBE][\/vc_column_text][\/vc_column][\/vc_row][vc_row css=&#8220;.vc_custom_1655378923073{margin-top: 40px !important;}&#8220;][vc_column][vc_single_image image=&#8220;39860&#8243; img_size=&#8220;full&#8220; alignment=&#8220;center&#8220; onclick=&#8220;custom_link&#8220; link=&#8220;https:\/\/oldfarmhouses.es\/de\/registerkarte-immobilienverkauf\/luxuriose-villa-in-el-alba-residencial-17952626\/&#8220;][\/vc_column][\/vc_row][vc_row full_width=&#8220;stretch_row&#8220; type=&#8220;in_container&#8220; full_screen_row_position=&#8220;middle&#8220; column_margin=&#8220;default&#8220; scene_position=&#8220;center&#8220; text_color=&#8220;dark&#8220; text_align=&#8220;left&#8220; overlay_strength=&#8220;0.3&#8243; shape_divider_position=&#8220;bottom&#8220; bg_image_animation=&#8220;none&#8220; css=&#8220;.vc_custom_1501066072255{padding-bottom: 60px !important;background-color: #ffffff !important;}&#8220;][vc_column column_padding=&#8220;no-extra-padding&#8220; column_padding_position=&#8220;all&#8220; background_color_opacity=&#8220;1&#8243; background_hover_color_opacity=&#8220;1&#8243; column_link_target=&#8220;_self&#8220; column_shadow=&#8220;none&#8220; column_border_radius=&#8220;none&#8220; tablet_width_inherit=&#8220;default&#8220; tablet_text_alignment=&#8220;default&#8220; phone_text_alignment=&#8220;default&#8220; overlay_strength=&#8220;0.3&#8243; column_border_width=&#8220;none&#8220; column_border_style=&#8220;solid&#8220; bg_image_animation=&#8220;none&#8220;][vc_row_inner text_align=&#8220;left&#8220; column_margin=&#8220;default&#8220;][vc_column_inner width=&#8220;1\/6&#8243; column_padding=&#8220;no-extra-padding&#8220; column_padding_position=&#8220;all&#8220; background_color_opacity=&#8220;1&#8243; background_hover_color_opacity=&#8220;1&#8243; column_shadow=&#8220;none&#8220; column_border_radius=&#8220;none&#8220; column_link_target=&#8220;_self&#8220; tablet_width_inherit=&#8220;default&#8220; overlay_strength=&#8220;0.3&#8243; column_border_width=&#8220;none&#8220; column_border_style=&#8220;solid&#8220; bg_image_animation=&#8220;none&#8220;][\/vc_column_inner][vc_column_inner width=&#8220;2\/3&#8243; column_padding=&#8220;no-extra-padding&#8220; column_padding_position=&#8220;all&#8220; background_color_opacity=&#8220;1&#8243; background_hover_color_opacity=&#8220;1&#8243; column_shadow=&#8220;none&#8220; column_border_radius=&#8220;none&#8220; &#8230;<\/p>\n","protected":false},"author":2,"featured_media":39812,"parent":0,"menu_order":0,"comment_status":"closed","ping_status":"closed","template":"","meta":{"footnotes":""},"acf":[],"_links":{"self":[{"href":"https:\/\/oldfarmhouses.es\/de\/wp-json\/wp\/v2\/pages\/38728"}],"collection":[{"href":"https:\/\/oldfarmhouses.es\/de\/wp-json\/wp\/v2\/pages"}],"about":[{"href":"https:\/\/oldfarmhouses.es\/de\/wp-json\/wp\/v2\/types\/page"}],"author":[{"embeddable":true,"href":"https:\/\/oldfarmhouses.es\/de\/wp-json\/wp\/v2\/users\/2"}],"replies":[{"embeddable":true,"href":"https:\/\/oldfarmhouses.es\/de\/wp-json\/wp\/v2\/comments?post=38728"}],"version-history":[{"count":7,"href":"https:\/\/oldfarmhouses.es\/de\/wp-json\/wp\/v2\/pages\/38728\/revisions"}],"predecessor-version":[{"id":39911,"href":"https:\/\/oldfarmhouses.es\/de\/wp-json\/wp\/v2\/pages\/38728\/revisions\/39911"}],"wp:featuredmedia":[{"embeddable":true,"href":"https:\/\/oldfarmhouses.es\/de\/wp-json\/wp\/v2\/media\/39812"}],"wp:attachment":[{"href":"https:\/\/oldfarmhouses.es\/de\/wp-json\/wp\/v2\/media?parent=38728"}],"curies":[{"name":"wp","href":"https:\/\/api.w.org\/{rel}","templated":true}]}}