{"id":38762,"date":"2022-10-13T08:51:45","date_gmt":"2022-10-13T06:51:45","guid":{"rendered":"https:\/\/oldfarmhouses.es\/?page_id=38762"},"modified":"2022-10-13T08:56:58","modified_gmt":"2022-10-13T06:56:58","slug":"immobilienpersonal-shopper","status":"publish","type":"page","link":"https:\/\/oldfarmhouses.es\/de\/immobilienpersonal-shopper\/","title":{"rendered":"Immobilienpersonal Shopper"},"content":{"rendered":"<div class=\"wpb-content-wrapper\"><p>[vc_row][vc_column][vc_column_text css_animation=&#8220;fadeInLeft&#8220;]<\/p>\n<h2 style=\"font-weight: bold; color: #31312c; text-align: left;\"><span style=\"font-size: 50px; font-weight: 500; letter-spacing: -2px; color: #000000;\">IMMOBILIENPERSONAL<br \/>\n<\/span><span style=\"font-size: 50px; font-weight: bold; color: #f2b745; letter-spacing: -2px;\">SHOPPER<\/span><\/h2>\n<p>[\/vc_column_text][\/vc_column][\/vc_row][vc_row][vc_column width=&#8220;1\/2&#8243;][vc_column_text css_animation=&#8220;fadeInLeft&#8220;]Ein\u202fPersonal Shopper ist ein Berater, der den K\u00e4ufer w\u00e4hrend des ganzen Prozesses unterst\u00fctzt, ihn \u00fcber die notwendigen legalen Verfahren informiert und die Option ausw\u00e4hlt, die sich individuell an seine Bed\u00fcrfnisse anpasst und ihm alle Prozesse verdolmetscht, damit er alle Einzelheiten begreift. Au\u00dferdem hilft er ihm beim Einzug in seinen neuen Wohnort.<\/p>\n<h2><span style=\"font-size: 12pt;\"><strong>Wir lassen Sie nicht im Stich: Agent des K\u00e4ufers.<\/strong><\/span><\/h2>\n<p>Im Unterschied zu anderen Dienstleistungen, besteht die Pflicht des Personal Shoppers in der Verteidigung der Interessen des K\u00e4ufers. Es ist sehr wichtig, dass er einen st\u00e4ndigen Beistand genie\u00dft, denn der Kauf einer Immobilie ist eine bedeutsame Entscheidung. Wir ergreifen die erforderlichen Ma\u00dfnahmen, um f\u00fcr die Sicherheit Ihrer Interessen Gew\u00e4hr zu leisten. Wir geben uns damit nicht zufrieden, nur dem K\u00e4ufer zu helfen. Alle Agenten sind Bestandteile von jeder Operation.<\/p>\n<p>Bei <a href=\"https:\/\/oldfarmhouses.es\/de\/\"><strong>Old Farmhouses<\/strong><\/a> besch\u00e4ftigen wir uns mit Kaufs-, Verkaufs- und Vermittlungsoperationen, um einen besseren Dienst anbieten zu k\u00f6nnen.[\/vc_column_text][\/vc_column][vc_column width=&#8220;1\/2&#8243;][vc_single_image image=&#8220;36271&#8243; img_size=&#8220;full&#8220; alignment=&#8220;center&#8220; css_animation=&#8220;fadeInRight&#8220;][\/vc_column][\/vc_row][vc_row][vc_column][vc_column_text css_animation=&#8220;fadeInLeft&#8220;]<\/p>\n<h2>Vorteile des Personal Shoppersdienstes<\/h2>\n<p>Sie bekommen so viele Fotos wie Sie ben\u00f6tigen, eine virtuelle Besichtigung und eine Vorteil- und Nachteilauflistung dank unserer umfangreichen Erfahrung.[\/vc_column_text][\/vc_column][\/vc_row][vc_row][vc_column width=&#8220;1\/2&#8243;][vc_column_text css_animation=&#8220;fadeInLeft&#8220;]<strong>Orientierung<\/strong>: Er informiert sich \u00fcber Ihre Bed\u00fcrfnisse und sucht die beste L\u00f6sung f\u00fcr Sie.<\/p>\n<p><strong>Beratung<\/strong>: W\u00e4hrend des ganzen Such- und Kaufprozesses. Man bietet Ihnen verschiedene M\u00f6glichkeiten an und analysiert jene, die sich am Bestens an Sie anpasst.<\/p>\n<p><strong>Es kostet Sie weniger Geld<\/strong>: Der Personal Shopper besch\u00e4ftigt sich mit allem. Er verhandelt \u00fcber den Preis und erledigt alle b\u00fcrokratischen Verfahren, um es Ihnen zu ersparen, vor Ort anwesend sein zu m\u00fcssen.<\/p>\n<p><strong>Es kostet Sie weniger Zeit<\/strong>: Eine Immobilie zu kaufen ist wohl Eine der wichtigsten Entscheidungen, die wir je in unserem Leben zu treffen haben. Der Personal Shopper erspart Ihnen den Stress, sich um die b\u00fcrokratischen Prozeduren k\u00fcmmern zu m\u00fcssen.[\/vc_column_text][\/vc_column][vc_column width=&#8220;1\/2&#8243;][vc_column_text css_animation=&#8220;fadeInRight&#8220;]<strong>Beschaffung aller erforderlichen Dokumente<\/strong>: Um alle erforderlichen Dokumente f\u00fcr den Kauf einer Immobilie muss man Bescheid wissen, besonders wenn man ins Ausland zieht. Der Personal Shopper erspart Ihnen auch diese Sorge. Wir beschaffen:<\/p>\n<p>&#8211; <strong>NIE (Identifikationsnummer f\u00fcr Ausl\u00e4nder in Spanien)<\/strong>.<\/p>\n<p>&#8211; <strong>Handlungsvollmacht<\/strong>.<\/p>\n<p>&#8211; <strong>Bankkontoser\u00f6ffnung in Spanien<\/strong>.<\/p>\n<p>&#8211; <strong>Juristische Beratung<\/strong>.<\/p>\n<p>&#8211; <strong>\u00dcbersetzung von Urkunden und Dokumenten<\/strong>.<\/p>\n<p>&#8211; <strong>Kaufvertrag (Anzahlung)<\/strong>.<\/p>\n<p>&#8211; <strong>Namens\u00e4nderung der Fakturen<\/strong>.[\/vc_column_text][\/vc_column][\/vc_row][vc_row disable_element=&#8220;yes&#8220;][vc_column][vc_single_image image=&#8220;36286&#8243; img_size=&#8220;full&#8220;][vc_column_text css_animation=&#8220;fadeInLeft&#8220; el_id=&#8220;texto1&#8243;]<span style=\"font-size: 14pt;\"><span style=\"color: #ffffff;\">Todo esto con una<\/span> <span style=\"font-size: 18pt; color: #000000;\">tarifa plana<\/span> <span style=\"color: #ffffff;\">que<\/span> <span style=\"color: #000000; font-size: 18pt;\">no pagar\u00e1s hasta haber encontrado tu propiedad.<\/span><span style=\"color: #ffffff;\"> Nuestra m\u00e1xima es hacer que encuentres tu nuevo hogar.<\/span><\/span><\/p>\n<p>&nbsp;<\/p>\n<p><span style=\"font-size: 14pt;\"><span style=\"color: #ffffff;\">Conoce a tu <\/span><span style=\"font-size: 18pt; color: #000000;\">Personal Shopper Inmobiliario<\/span><span style=\"color: #ffffff;\"> en Murcia con la garant\u00eda de Old Farmhouses.<\/span><\/span>[\/vc_column_text][vc_column_text css_animation=&#8220;fadeInLeft&#8220; el_id=&#8220;texto2&#8243;]<span style=\"font-size: 10pt; color: #000000;\"><span style=\"color: #ffffff;\">Todo esto con una<\/span> <span style=\"font-size: 12pt;\">tarifa plana<\/span> <span style=\"color: #ffffff;\">que<\/span> <span style=\"font-size: 12pt;\">no pagar\u00e1s hasta haber encontrado tu propieda<\/span>d. <span style=\"color: #ffffff;\">Nuestra m\u00e1xima es hacer que encuentres tu nuevo hogar.<\/span><\/span><\/p>\n<p><span style=\"font-size: 10pt; color: #000000;\"><span style=\"color: #ffffff;\">Conoce a tu <span style=\"color: #000000; font-size: 12pt;\">Personal<\/span><\/span> <span style=\"font-size: 12pt;\">Shopper Inmobiliario<\/span> <span style=\"color: #ffffff;\">en Murcia con la garant\u00eda de Old Farmhouses.<\/span><\/span>[\/vc_column_text][vc_column_text css_animation=&#8220;fadeInLeft&#8220; el_id=&#8220;texto3&#8243;]<span style=\"font-size: 8pt; color: #000000;\"><span style=\"color: #ffffff;\">Todo esto con una<\/span> <span style=\"font-size: 10pt;\">tarifa plana<\/span> <span style=\"color: #ffffff;\">que<\/span><span style=\"font-size: 10pt;\"> no pagar\u00e1s hasta haber encontrado tu propiedad.<\/span> <span style=\"color: #ffffff;\">Nuestra m\u00e1xima es hacer que encuentres tu nuevo hogar.<\/span><\/span><\/p>\n<p><span style=\"font-size: 8pt; color: #000000;\"><span style=\"color: #ffffff;\">Conoce a tu<span style=\"font-size: 10pt; color: #000000;\"> Personal<\/span><\/span><span style=\"font-size: 10pt;\"> Shopper Inmobiliario<\/span> <span style=\"color: #ffffff;\">en Murcia con la garant\u00eda de Old Farmhouses.<\/span><\/span>[\/vc_column_text][\/vc_column][\/vc_row][vc_row][vc_column width=&#8220;1\/2&#8243;][vc_video link=&#8220;https:\/\/www.youtube.com\/watch?v=_SLZPNiNeXI&amp;ab_channel=OldFarmhousesSpain&#8220;][\/vc_column][vc_column width=&#8220;1\/2&#8243;][vc_video link=&#8220;https:\/\/www.youtube.com\/watch?v=9dqoC-tHIDc&amp;ab_channel=OldFarmhousesSpain&#8220;][\/vc_column][\/vc_row][vc_row][vc_column][\/vc_column][\/vc_row][vc_row][vc_column css_animation=&#8220;fadeInLeft&#8220; width=&#8220;2\/3&#8243;]\n<div class=\"wpcf7 no-js\" id=\"wpcf7-f38455-o1\" lang=\"es-ES\" dir=\"ltr\">\n<div class=\"screen-reader-response\"><p role=\"status\" aria-live=\"polite\" aria-atomic=\"true\"><\/p> <ul><\/ul><\/div>\n<form action=\"\/de\/wp-json\/wp\/v2\/pages\/38762#wpcf7-f38455-o1\" method=\"post\" class=\"wpcf7-form init\" aria-label=\"Formulario de contacto\" novalidate=\"novalidate\" data-status=\"init\">\n<div style=\"display: none;\">\n<input type=\"hidden\" name=\"_wpcf7\" value=\"38455\" \/>\n<input type=\"hidden\" name=\"_wpcf7_version\" value=\"5.7.7\" \/>\n<input type=\"hidden\" name=\"_wpcf7_locale\" value=\"es_ES\" \/>\n<input type=\"hidden\" name=\"_wpcf7_unit_tag\" value=\"wpcf7-f38455-o1\" \/>\n<input type=\"hidden\" name=\"_wpcf7_container_post\" value=\"0\" \/>\n<input type=\"hidden\" name=\"_wpcf7_posted_data_hash\" value=\"\" \/>\n<input type=\"hidden\" name=\"_wpcf7_recaptcha_response\" value=\"\" \/>\n<\/div>\n<p><label> Name (erforderlich)<br \/>\n<span class=\"wpcf7-form-control-wrap\" data-name=\"your-name\"><input size=\"40\" class=\"wpcf7-form-control wpcf7-text wpcf7-validates-as-required\" aria-required=\"true\" aria-invalid=\"false\" value=\"\" type=\"text\" name=\"your-name\" \/><\/span> <\/label>\n<\/p>\n<p><label> Email (erforderlich)<br \/>\n<span class=\"wpcf7-form-control-wrap\" data-name=\"your-email\"><input size=\"40\" class=\"wpcf7-form-control wpcf7-text wpcf7-email wpcf7-validates-as-required wpcf7-validates-as-email\" aria-required=\"true\" aria-invalid=\"false\" value=\"\" type=\"email\" name=\"your-email\" \/><\/span> <\/label>\n<\/p>\n<p><label> Telefon (erforderlich)<br \/>\n<span class=\"wpcf7-form-control-wrap\" data-name=\"phone\"><input size=\"40\" class=\"wpcf7-form-control wpcf7-text wpcf7-tel wpcf7-validates-as-required wpcf7-validates-as-tel\" aria-required=\"true\" aria-invalid=\"false\" value=\"\" type=\"tel\" name=\"phone\" \/><\/span> <\/label>\n<\/p>\n<p><label> Betreff<br \/>\n<span class=\"wpcf7-form-control-wrap\" data-name=\"your-subject\"><input size=\"40\" class=\"wpcf7-form-control wpcf7-text\" aria-invalid=\"false\" value=\"\" type=\"text\" name=\"your-subject\" \/><\/span> <\/label>\n<\/p>\n<p><label> Message<br \/>\n<span class=\"wpcf7-form-control-wrap\" data-name=\"your-message\"><textarea cols=\"40\" rows=\"10\" class=\"wpcf7-form-control wpcf7-textarea\" aria-invalid=\"false\" name=\"your-message\"><\/textarea><\/span> <\/label>\n<\/p>\n<p><input class=\"wpcf7-form-control has-spinner wpcf7-submit\" type=\"submit\" value=\"Nachricht\" \/>\n<\/p><div class=\"wpcf7-response-output\" aria-hidden=\"true\"><\/div>\n<\/form>\n<\/div>\n[\/vc_column][vc_column width=&#8220;1\/3&#8243;][vc_column_text css_animation=&#8220;fadeInRight&#8220;]<\/p>\n<h3>Kontakt<\/h3>\n<p>[\/vc_column_text][vc_column_text css_animation=&#8220;fadeInRight&#8220;]<\/p>\n<h4>Hauptb\u00fcro<\/h4>\n<p>Avda. Balsicas 4 bajo<br \/>\n30709 Roldan, Murcia<br \/>\n<a href=\"tel:+34868701655\">Tel: +34 868 701 655<\/a><br \/>\n<a href=\"tel:+34623018292\">Tel: +34 623 018 292<\/a><br \/>\nfarmhouses@oldfarmhouses.es[\/vc_column_text][vc_separator][vc_separator][\/vc_column][\/vc_row]<\/p>\n<\/div>","protected":false},"excerpt":{"rendered":"<p>[vc_row][vc_column][vc_column_text css_animation=&#8220;fadeInLeft&#8220;] IMMOBILIENPERSONAL SHOPPER [\/vc_column_text][\/vc_column][\/vc_row][vc_row][vc_column width=&#8220;1\/2&#8243;][vc_column_text css_animation=&#8220;fadeInLeft&#8220;]Ein\u202fPersonal Shopper ist ein Berater, der den K\u00e4ufer w\u00e4hrend des ganzen Prozesses unterst\u00fctzt, ihn \u00fcber die notwendigen legalen Verfahren informiert und die Option ausw\u00e4hlt, die sich individuell an seine Bed\u00fcrfnisse anpasst und ihm alle Prozesse verdolmetscht, damit er alle Einzelheiten begreift. Au\u00dferdem hilft er ihm beim Einzug in seinen neuen Wohnort. Wir lassen Sie nicht im Stich: Agent &#8230;<\/p>\n","protected":false},"author":2,"featured_media":0,"parent":0,"menu_order":0,"comment_status":"closed","ping_status":"closed","template":"","meta":{"footnotes":""},"acf":[],"_links":{"self":[{"href":"https:\/\/oldfarmhouses.es\/de\/wp-json\/wp\/v2\/pages\/38762"}],"collection":[{"href":"https:\/\/oldfarmhouses.es\/de\/wp-json\/wp\/v2\/pages"}],"about":[{"href":"https:\/\/oldfarmhouses.es\/de\/wp-json\/wp\/v2\/types\/page"}],"author":[{"embeddable":true,"href":"https:\/\/oldfarmhouses.es\/de\/wp-json\/wp\/v2\/users\/2"}],"replies":[{"embeddable":true,"href":"https:\/\/oldfarmhouses.es\/de\/wp-json\/wp\/v2\/comments?post=38762"}],"version-history":[{"count":4,"href":"https:\/\/oldfarmhouses.es\/de\/wp-json\/wp\/v2\/pages\/38762\/revisions"}],"predecessor-version":[{"id":38766,"href":"https:\/\/oldfarmhouses.es\/de\/wp-json\/wp\/v2\/pages\/38762\/revisions\/38766"}],"wp:attachment":[{"href":"https:\/\/oldfarmhouses.es\/de\/wp-json\/wp\/v2\/media?parent=38762"}],"curies":[{"name":"wp","href":"https:\/\/api.w.org\/{rel}","templated":true}]}}