{"id":35528,"date":"2020-01-03T09:57:13","date_gmt":"2020-01-03T08:57:13","guid":{"rendered":"https:\/\/oldfarmhouses.es\/valores\/"},"modified":"2021-03-23T13:37:40","modified_gmt":"2021-03-23T12:37:40","slug":"valeurs","status":"publish","type":"page","link":"https:\/\/oldfarmhouses.es\/fr\/valeurs\/","title":{"rendered":"Valeurs"},"content":{"rendered":"<div class=\"wpb-content-wrapper\"><p>[vc_row][vc_column][vc_column_text]<\/p>\n<h2 style=\"font-weight: bold; color: #31312c; text-align: center;\"><span style=\"font-size: 50px; font-weight: 500; letter-spacing: -2px; color: #000000;\">Nos <\/span><span style=\"font-size: 50px; font-weight: bold; color: #f2b745; letter-spacing: -2px;\">valeurs<\/span><\/h2>\n<p>[\/vc_column_text][\/vc_column][\/vc_row][vc_row css=\u00a0\u00bb.vc_custom_1578041908434{margin-top: 25px !important;}\u00a0\u00bb][vc_column][vc_column_text]<\/p>\n<h3 style=\"font-weight: bold; color: #31312c; text-align: center;\"><span style=\"font-size: 40px; font-weight: bold; color: #f2b745; letter-spacing: -2px;\">Objetifs, Vision y Valeurs<\/span><\/h3>\n<p>[\/vc_column_text][\/vc_column][\/vc_row][vc_row][vc_column][vc_column_text]<strong>Nos objetifs<\/strong>. Nous sommes expertes en gestion d\u2019actifs et cr\u00e9dits immobiliers, reconnus pour notre professionnalisme et solidit\u00e9. Nous sommes engag\u00e9s pour le rendement d\u2019un service diff\u00e9rentiel \u00e0 nos clients avec standards de qualit\u00e9 rigureux, qui sont la base de notre avenir et qui g\u00e9n\u00e9ratrices de valeur pour notre firme.<\/p>\n<p><strong>Notre Vision<\/strong>. \u00catre la compagnie leader en gestion des affaires immobiliers et une r\u00e9f\u00e9rence de cr\u00e9dit immobilier avec une marque prestigieuse et avec cr\u00e9dibilit\u00e9 dans les march\u00e9s en raison de\u00a0 l\u2019excellence de notre \u00e9quipe et gestion.<\/p>\n<p><strong>Valeurs<\/strong>.<\/p>\n<ul>\n<li><strong>Honn\u00eatet\u00e9<\/strong>.<\/li>\n<\/ul>\n<p>Nous proc\u00e9dons avec honn\u00eatet\u00e9 professionnelle, integrit\u00e9 et respect pour tous les agents du secteur immobilier. Nous nous effor\u00e7eons afin de m\u00e9riter la confiance de nos clients, acctionnaires, employ\u00e9s et fournisseurs.<\/p>\n<ul>\n<li><strong>Esprit d\u2019\u00e9quipe<\/strong><\/li>\n<\/ul>\n<p>Tous les membres et collaborateurs de OFH travaillons ensemble pour l\u2019accomplissement de nos objetifs professionneles. Nous nous aidons mutuellement. Nous sommes une \u00e9quipe et de cette fa\u00e7on nous gagnons en confiance et qualit\u00e9 de service.<\/p>\n<ul>\n<li><strong>Engagement avec notre avenir<\/strong><\/li>\n<\/ul>\n<p>Nous nous tenons responsables de l\u2019avenir durable de notre firme. Donc, nous prenons et g\u00e9rons les initiatives pour que notre compagnie continue \u00e0 se d\u00e9velopper.<\/p>\n<ul>\n<li><strong>Excellence de service.<\/strong><\/li>\n<\/ul>\n<p>Nous sommes engag\u00e9s pour le meilleur service. Nous rendons un service diff\u00e9rentiel \u00e0 nos clients. Nous cr\u00e9ons le prestige de la marque \u201cOFH\u201d \u00e0 travers notre professionnalisme et notre bon faire.[\/vc_column_text][\/vc_column][\/vc_row]<\/p>\n<\/div>","protected":false},"excerpt":{"rendered":"<p>[vc_row][vc_column][vc_column_text] Nos valeurs [\/vc_column_text][\/vc_column][\/vc_row][vc_row css=\u00a0\u00bb.vc_custom_1578041908434{margin-top: 25px !important;}\u00a0\u00bb][vc_column][vc_column_text] Objetifs, Vision y Valeurs [\/vc_column_text][\/vc_column][\/vc_row][vc_row][vc_column][vc_column_text]Nos objetifs. Nous sommes expertes en gestion d\u2019actifs et cr\u00e9dits immobiliers, reconnus pour notre professionnalisme et solidit\u00e9. Nous sommes engag\u00e9s pour le rendement d\u2019un service diff\u00e9rentiel \u00e0 nos clients avec standards de qualit\u00e9 rigureux, qui sont la base de notre avenir et qui g\u00e9n\u00e9ratrices de valeur pour notre firme. Notre Vision. \u00catre la &#8230;<\/p>\n","protected":false},"author":2,"featured_media":0,"parent":0,"menu_order":0,"comment_status":"closed","ping_status":"closed","template":"","meta":{"footnotes":""},"acf":[],"_links":{"self":[{"href":"https:\/\/oldfarmhouses.es\/fr\/wp-json\/wp\/v2\/pages\/35528"}],"collection":[{"href":"https:\/\/oldfarmhouses.es\/fr\/wp-json\/wp\/v2\/pages"}],"about":[{"href":"https:\/\/oldfarmhouses.es\/fr\/wp-json\/wp\/v2\/types\/page"}],"author":[{"embeddable":true,"href":"https:\/\/oldfarmhouses.es\/fr\/wp-json\/wp\/v2\/users\/2"}],"replies":[{"embeddable":true,"href":"https:\/\/oldfarmhouses.es\/fr\/wp-json\/wp\/v2\/comments?post=35528"}],"version-history":[{"count":2,"href":"https:\/\/oldfarmhouses.es\/fr\/wp-json\/wp\/v2\/pages\/35528\/revisions"}],"predecessor-version":[{"id":35531,"href":"https:\/\/oldfarmhouses.es\/fr\/wp-json\/wp\/v2\/pages\/35528\/revisions\/35531"}],"wp:attachment":[{"href":"https:\/\/oldfarmhouses.es\/fr\/wp-json\/wp\/v2\/media?parent=35528"}],"curies":[{"name":"wp","href":"https:\/\/api.w.org\/{rel}","templated":true}]}}