{"id":38474,"date":"2022-06-06T13:10:35","date_gmt":"2022-06-06T11:10:35","guid":{"rendered":"https:\/\/oldfarmhouses.es\/?page_id=38474"},"modified":"2022-06-06T13:28:53","modified_gmt":"2022-06-06T11:28:53","slug":"personal-shopper-immobilier","status":"publish","type":"page","link":"https:\/\/oldfarmhouses.es\/fr\/personal-shopper-immobilier\/","title":{"rendered":"Personal shopper immobilier"},"content":{"rendered":"<div class=\"wpb-content-wrapper\"><p>[vc_row][vc_column][vc_column_text css_animation=\u00a0\u00bbfadeInLeft\u00a0\u00bb]<\/p>\n<h2 style=\"font-weight: bold; color: #31312c; text-align: left;\"><span style=\"font-size: 50px; font-weight: 500; letter-spacing: -2px; color: #000000;\">PERSONAL SHOPPER<br \/>\n<\/span><span style=\"font-size: 50px; font-weight: bold; color: #f2b745; letter-spacing: -2px;\">IMMOBILIER<\/span><\/h2>\n<p>[\/vc_column_text][\/vc_column][\/vc_row][vc_row][vc_column width=\u00a0\u00bb1\/2&Prime;][vc_column_text css_animation=\u00a0\u00bbfadeInLeft\u00a0\u00bb]Un Personal Shopper Immmobilier, c\u2019est un professional consultatif qui assiste au client pendant tout le processus d\u2019achat. Il lui informe de toutes les d\u00e9marches l\u00e9gales n\u00e9cessaires, trouve la meilleure option selon les pr\u00e9f\u00e9rences du client et s\u2019occupe de traduire et expliquer toutes les \u00e9tapes afin que le client en comprenne tous les d\u00e9tails. En plus, il lui aide \u00e0 s\u2019installer dans sa nouvelle r\u00e9sidence.<\/p>\n<h2><span style=\"font-size: 12pt;\"><strong>Nous ne vous laissons de c\u00f4t\u00e9 : Agent de l\u2019acheteur<\/strong><\/span><\/h2>\n<p>\u00c0 la diff\u00e9rence des autres services, le devoir du Personal Shopper, c\u2019est de prot\u00e9ger le client. Le client a besoin d\u2019assistance constante, car l\u2019achat d\u2019un bien est une d\u00e9cision tr\u00e8s importante. Nous nous occupons de veiller sur vos int\u00e9r\u00eats. Nous ne nous limitons seulement \u00e0 aider au vendeur. Les deux, l\u2019acheteur et vendeur, sont cruciaux dans n\u2019importe quelle op\u00e9ration.<\/p>\n<p>Chez Old Farm Houses, nous rassemblons les trois fonctions (Acheteur, interm\u00e9diaire et vendeur) afin d\u2019offrir \u00e0 nos clients un service plus complet.[\/vc_column_text][\/vc_column][vc_column width=\u00a0\u00bb1\/2&Prime;][vc_single_image image=\u00a0\u00bb36271&Prime; img_size=\u00a0\u00bbfull\u00a0\u00bb alignment=\u00a0\u00bbcenter\u00a0\u00bb css_animation=\u00a0\u00bbfadeInRight\u00a0\u00bb][\/vc_column][\/vc_row][vc_row][vc_column][vc_column_text css_animation=\u00a0\u00bbfadeInLeft\u00a0\u00bb]<\/p>\n<h2><strong>Les avantages d\u2019engager un Personal Shopper Immobilier<\/strong><\/h2>\n<p>Vous pourrez recevoir tant de photos que n\u00e9cessaire, profiter d\u2019une visite virtuelle et recevoir une liste d\u2019avantages et d\u00e9savantages de chaque immeuble gr\u00e2ce \u00e0 notre vaste exp\u00e9rience. En plus, nous vous offrons:[\/vc_column_text][\/vc_column][\/vc_row][vc_row][vc_column width=\u00a0\u00bb1\/2&Prime;][vc_column_text css_animation=\u00a0\u00bbfadeInLeft\u00a0\u00bb]<strong>Guide:<\/strong> Nous nous informons sur vos n\u00e9cessit\u00e9s et trouvons la solution qui s\u2019adapte au mieux \u00e0 vous.<\/p>\n<p><strong>Assistance:<\/strong> Nous vous accompagnons pendant tout le processus de recherche et d\u2019achat. Nous vous \u00e9coutons constamment, vous offrons plusieurs options et en analysons la meilleure.<\/p>\n<p><strong>Vous \u00e9pargnez de l\u2019argent:<\/strong> Vous pourrez n\u00e9gocier le prix du bien, \u00e9viter les d\u00e9placements pour le trouver et de s\u2019occuper des d\u00e9marches l\u00e9gales. Il ne vous faudra pas d\u2019\u00eatre physiquement sur la place. Le Personal Shopper s\u2019occupera de tout.<\/p>\n<p><strong>Vous \u00e9pargnez du temps:<\/strong> L\u2019achat d\u2019un bien n\u2019est seulement l\u2019une des d\u00e9cisions les plus importantes dans la vie. C\u2019est aussi l\u2019une qui requiert beaucoup de temps et g\u00e9n\u00e8re assez de stress. Le Personal Shopper vous \u00e9pargne cette g\u00eane, en s\u2019occupant des gestions et d\u00e9marches.[\/vc_column_text][\/vc_column][vc_column width=\u00a0\u00bb1\/2&Prime;][vc_column_text css_animation=\u00a0\u00bbfadeInRight\u00a0\u00bb]<strong>Gestion de tous les documents n\u00e9cessaires:<\/strong> Il est indispensable de conna\u00eetre tous les document requis pour l\u2019achat d\u2019un bien, surtout si vous allez d\u00e9m\u00e9nager dans un autre pays. Gr\u00e2ce au Personal Shopper, vous ne devrez pas vous en inqui\u00e9ter. Nous g\u00e9rons :<\/p>\n<p>&#8211; <strong>NIE<\/strong>.<\/p>\n<p>&#8211; <strong>Procuration<\/strong>.<\/p>\n<p>&#8211; <strong>Ouverture de compte bancaire en Espagne<\/strong>.<\/p>\n<p>&#8211; <strong>Gestion l\u00e9gale<\/strong>.<\/p>\n<p>&#8211; <strong>Traduction d\u2019actes et documents<\/strong>.<\/p>\n<p>&#8211; <strong>Contrat d\u2019arrhes<\/strong>.<\/p>\n<p>&#8211; <strong>Changement de nom de factures<\/strong>.[\/vc_column_text][\/vc_column][\/vc_row][vc_row disable_element=\u00a0\u00bbyes\u00a0\u00bb][vc_column][vc_single_image image=\u00a0\u00bb36286&Prime; img_size=\u00a0\u00bbfull\u00a0\u00bb][vc_column_text css_animation=\u00a0\u00bbfadeInLeft\u00a0\u00bb el_id=\u00a0\u00bbtexto1&Prime;]<span style=\"font-size: 14pt;\"><span style=\"color: #ffffff;\">Todo esto con una<\/span> <span style=\"font-size: 18pt; color: #000000;\">tarifa plana<\/span> <span style=\"color: #ffffff;\">que<\/span> <span style=\"color: #000000; font-size: 18pt;\">no pagar\u00e1s hasta haber encontrado tu propiedad.<\/span><span style=\"color: #ffffff;\"> Nuestra m\u00e1xima es hacer que encuentres tu nuevo hogar.<\/span><\/span><\/p>\n<p>&nbsp;<\/p>\n<p><span style=\"font-size: 14pt;\"><span style=\"color: #ffffff;\">Conoce a tu <\/span><span style=\"font-size: 18pt; color: #000000;\">Personal Shopper Inmobiliario<\/span><span style=\"color: #ffffff;\"> en Murcia con la garant\u00eda de Old Farmhouses.<\/span><\/span>[\/vc_column_text][vc_column_text css_animation=\u00a0\u00bbfadeInLeft\u00a0\u00bb el_id=\u00a0\u00bbtexto2&Prime;]<span style=\"font-size: 10pt; color: #000000;\"><span style=\"color: #ffffff;\">Todo esto con una<\/span> <span style=\"font-size: 12pt;\">tarifa plana<\/span> <span style=\"color: #ffffff;\">que<\/span> <span style=\"font-size: 12pt;\">no pagar\u00e1s hasta haber encontrado tu propieda<\/span>d. <span style=\"color: #ffffff;\">Nuestra m\u00e1xima es hacer que encuentres tu nuevo hogar.<\/span><\/span><\/p>\n<p><span style=\"font-size: 10pt; color: #000000;\"><span style=\"color: #ffffff;\">Conoce a tu <span style=\"color: #000000; font-size: 12pt;\">Personal<\/span><\/span> <span style=\"font-size: 12pt;\">Shopper Inmobiliario<\/span> <span style=\"color: #ffffff;\">en Murcia con la garant\u00eda de Old Farmhouses.<\/span><\/span>[\/vc_column_text][vc_column_text css_animation=\u00a0\u00bbfadeInLeft\u00a0\u00bb el_id=\u00a0\u00bbtexto3&Prime;]<span style=\"font-size: 8pt; color: #000000;\"><span style=\"color: #ffffff;\">Todo esto con una<\/span> <span style=\"font-size: 10pt;\">tarifa plana<\/span> <span style=\"color: #ffffff;\">que<\/span><span style=\"font-size: 10pt;\"> no pagar\u00e1s hasta haber encontrado tu propiedad.<\/span> <span style=\"color: #ffffff;\">Nuestra m\u00e1xima es hacer que encuentres tu nuevo hogar.<\/span><\/span><\/p>\n<p><span style=\"font-size: 8pt; color: #000000;\"><span style=\"color: #ffffff;\">Conoce a tu<span style=\"font-size: 10pt; color: #000000;\"> Personal<\/span><\/span><span style=\"font-size: 10pt;\"> Shopper Inmobiliario<\/span> <span style=\"color: #ffffff;\">en Murcia con la garant\u00eda de Old Farmhouses.<\/span><\/span>[\/vc_column_text][\/vc_column][\/vc_row][vc_row][vc_column width=\u00a0\u00bb1\/2&Prime;][vc_video link=\u00a0\u00bbhttps:\/\/www.youtube.com\/watch?v=_SLZPNiNeXI&amp;ab_channel=OldFarmhousesSpain\u00a0\u00bb][\/vc_column][vc_column width=\u00a0\u00bb1\/2&Prime;][vc_video link=\u00a0\u00bbhttps:\/\/www.youtube.com\/watch?v=9dqoC-tHIDc&amp;ab_channel=OldFarmhousesSpain\u00a0\u00bb][\/vc_column][\/vc_row][vc_row][vc_column][vc_column_text css_animation=\u00a0\u00bbbounceInLeft\u00a0\u00bb]<strong>Souhaitez-vous que nous vous aidions \u00e0 trouver votre maison id\u00e9ale avec les avantages d&rsquo;un shopping immobilier personnel? Dites-nous comment vous contacter:<\/strong>[\/vc_column_text][\/vc_column][\/vc_row][vc_row][vc_column css_animation=\u00a0\u00bbfadeInLeft\u00a0\u00bb width=\u00a0\u00bb2\/3&Prime;]\n<div class=\"wpcf7 no-js\" id=\"wpcf7-f38439-o1\" lang=\"es-ES\" dir=\"ltr\">\n<div class=\"screen-reader-response\"><p role=\"status\" aria-live=\"polite\" aria-atomic=\"true\"><\/p> <ul><\/ul><\/div>\n<form action=\"\/fr\/wp-json\/wp\/v2\/pages\/38474#wpcf7-f38439-o1\" method=\"post\" class=\"wpcf7-form init\" aria-label=\"Formulario de contacto\" novalidate=\"novalidate\" data-status=\"init\">\n<div style=\"display: none;\">\n<input type=\"hidden\" name=\"_wpcf7\" value=\"38439\" \/>\n<input type=\"hidden\" name=\"_wpcf7_version\" value=\"5.7.7\" \/>\n<input type=\"hidden\" name=\"_wpcf7_locale\" value=\"es_ES\" \/>\n<input type=\"hidden\" name=\"_wpcf7_unit_tag\" value=\"wpcf7-f38439-o1\" \/>\n<input type=\"hidden\" name=\"_wpcf7_container_post\" value=\"0\" \/>\n<input type=\"hidden\" name=\"_wpcf7_posted_data_hash\" value=\"\" \/>\n<input type=\"hidden\" name=\"_wpcf7_recaptcha_response\" value=\"\" \/>\n<\/div>\n<p><label> Pr\u00e9nom (requ\u00e9rir)<br \/>\n<span class=\"wpcf7-form-control-wrap\" data-name=\"your-name\"><input size=\"40\" class=\"wpcf7-form-control wpcf7-text wpcf7-validates-as-required\" aria-required=\"true\" aria-invalid=\"false\" value=\"\" type=\"text\" name=\"your-name\" \/><\/span> <\/label>\n<\/p>\n<p><label> Email (requ\u00e9rir)<br \/>\n<span class=\"wpcf7-form-control-wrap\" data-name=\"your-email\"><input size=\"40\" class=\"wpcf7-form-control wpcf7-text wpcf7-email wpcf7-validates-as-required wpcf7-validates-as-email\" aria-required=\"true\" aria-invalid=\"false\" value=\"\" type=\"email\" name=\"your-email\" \/><\/span> <\/label>\n<\/p>\n<p><label> T\u00e9l\u00e9phone (requ\u00e9rir)<br \/>\n<span class=\"wpcf7-form-control-wrap\" data-name=\"phone\"><input size=\"40\" class=\"wpcf7-form-control wpcf7-text wpcf7-tel wpcf7-validates-as-required wpcf7-validates-as-tel\" aria-required=\"true\" aria-invalid=\"false\" value=\"\" type=\"tel\" name=\"phone\" \/><\/span> <\/label>\n<\/p>\n<p><label> Sujet<br \/>\n<span class=\"wpcf7-form-control-wrap\" data-name=\"your-subject\"><input size=\"40\" class=\"wpcf7-form-control wpcf7-text\" aria-invalid=\"false\" value=\"\" type=\"text\" name=\"your-subject\" \/><\/span> <\/label>\n<\/p>\n<p><label> Message<br \/>\n<span class=\"wpcf7-form-control-wrap\" data-name=\"your-message\"><textarea cols=\"40\" rows=\"10\" class=\"wpcf7-form-control wpcf7-textarea\" aria-invalid=\"false\" name=\"your-message\"><\/textarea><\/span> <\/label>\n<\/p>\n<p><input class=\"wpcf7-form-control has-spinner wpcf7-submit\" type=\"submit\" value=\"Envoyer\" \/>\n<\/p><div class=\"wpcf7-response-output\" aria-hidden=\"true\"><\/div>\n<\/form>\n<\/div>\n[\/vc_column][vc_column width=\u00a0\u00bb1\/3&Prime;][vc_column_text css_animation=\u00a0\u00bbfadeInRight\u00a0\u00bb]<\/p>\n<h3>Contact<\/h3>\n<p>[\/vc_column_text][vc_column_text css_animation=\u00a0\u00bbfadeInRight\u00a0\u00bb]<\/p>\n<h4>Bureau central<\/h4>\n<p>Avda. Balsicas 4 bajo<br \/>\n30709 Roldan, Murcia<br \/>\n<a href=\"tel:+34868701655\">Tel: +34 868 701 655<\/a><br \/>\n<a href=\"tel:+34623018292\">Tel: +34 623 018 292<\/a><br \/>\nfarmhouses@oldfarmhouses.es[\/vc_column_text][vc_separator][vc_separator][\/vc_column][\/vc_row]<\/p>\n<\/div>","protected":false},"excerpt":{"rendered":"<p>[vc_row][vc_column][vc_column_text css_animation=\u00a0\u00bbfadeInLeft\u00a0\u00bb] PERSONAL SHOPPER IMMOBILIER [\/vc_column_text][\/vc_column][\/vc_row][vc_row][vc_column width=\u00a0\u00bb1\/2&Prime;][vc_column_text css_animation=\u00a0\u00bbfadeInLeft\u00a0\u00bb]Un Personal Shopper Immmobilier, c\u2019est un professional consultatif qui assiste au client pendant tout le processus d\u2019achat. Il lui informe de toutes les d\u00e9marches l\u00e9gales n\u00e9cessaires, trouve la meilleure option selon les pr\u00e9f\u00e9rences du client et s\u2019occupe de traduire et expliquer toutes les \u00e9tapes afin que le client en comprenne tous les d\u00e9tails. En plus, il lui &#8230;<\/p>\n","protected":false},"author":2,"featured_media":0,"parent":0,"menu_order":0,"comment_status":"closed","ping_status":"closed","template":"","meta":{"footnotes":""},"acf":[],"_links":{"self":[{"href":"https:\/\/oldfarmhouses.es\/fr\/wp-json\/wp\/v2\/pages\/38474"}],"collection":[{"href":"https:\/\/oldfarmhouses.es\/fr\/wp-json\/wp\/v2\/pages"}],"about":[{"href":"https:\/\/oldfarmhouses.es\/fr\/wp-json\/wp\/v2\/types\/page"}],"author":[{"embeddable":true,"href":"https:\/\/oldfarmhouses.es\/fr\/wp-json\/wp\/v2\/users\/2"}],"replies":[{"embeddable":true,"href":"https:\/\/oldfarmhouses.es\/fr\/wp-json\/wp\/v2\/comments?post=38474"}],"version-history":[{"count":7,"href":"https:\/\/oldfarmhouses.es\/fr\/wp-json\/wp\/v2\/pages\/38474\/revisions"}],"predecessor-version":[{"id":38481,"href":"https:\/\/oldfarmhouses.es\/fr\/wp-json\/wp\/v2\/pages\/38474\/revisions\/38481"}],"wp:attachment":[{"href":"https:\/\/oldfarmhouses.es\/fr\/wp-json\/wp\/v2\/media?parent=38474"}],"curies":[{"name":"wp","href":"https:\/\/api.w.org\/{rel}","templated":true}]}}