{"id":38524,"date":"2022-06-09T13:03:44","date_gmt":"2022-06-09T11:03:44","guid":{"rendered":"https:\/\/oldfarmhouses.es\/?page_id=38524"},"modified":"2022-06-21T10:49:39","modified_gmt":"2022-06-21T08:49:39","slug":"propriete","status":"publish","type":"page","link":"https:\/\/oldfarmhouses.es\/fr\/propriete\/","title":{"rendered":"Propri\u00e9t\u00e9 \u00e0 vendre"},"content":{"rendered":"<div class=\"wpb-content-wrapper\"><p>[vc_row el_class=\u00a0\u00bbcustom-ficha\u00a0\u00bb][vc_column][vc_column_text][FVenta KUBE][\/vc_column_text][\/vc_column][\/vc_row]<\/p>\n<\/div>","protected":false},"excerpt":{"rendered":"<p>[vc_row el_class=\u00a0\u00bbcustom-ficha\u00a0\u00bb][vc_column][vc_column_text][FVenta KUBE][\/vc_column_text][\/vc_column][\/vc_row]<\/p>\n","protected":false},"author":2,"featured_media":0,"parent":0,"menu_order":0,"comment_status":"closed","ping_status":"closed","template":"","meta":{"footnotes":""},"acf":[],"_links":{"self":[{"href":"https:\/\/oldfarmhouses.es\/fr\/wp-json\/wp\/v2\/pages\/38524"}],"collection":[{"href":"https:\/\/oldfarmhouses.es\/fr\/wp-json\/wp\/v2\/pages"}],"about":[{"href":"https:\/\/oldfarmhouses.es\/fr\/wp-json\/wp\/v2\/types\/page"}],"author":[{"embeddable":true,"href":"https:\/\/oldfarmhouses.es\/fr\/wp-json\/wp\/v2\/users\/2"}],"replies":[{"embeddable":true,"href":"https:\/\/oldfarmhouses.es\/fr\/wp-json\/wp\/v2\/comments?post=38524"}],"version-history":[{"count":2,"href":"https:\/\/oldfarmhouses.es\/fr\/wp-json\/wp\/v2\/pages\/38524\/revisions"}],"predecessor-version":[{"id":38526,"href":"https:\/\/oldfarmhouses.es\/fr\/wp-json\/wp\/v2\/pages\/38524\/revisions\/38526"}],"wp:attachment":[{"href":"https:\/\/oldfarmhouses.es\/fr\/wp-json\/wp\/v2\/media?parent=38524"}],"curies":[{"name":"wp","href":"https:\/\/api.w.org\/{rel}","templated":true}]}}