{"id":39593,"date":"2023-04-12T09:53:02","date_gmt":"2023-04-12T07:53:02","guid":{"rendered":"https:\/\/oldfarmhouses.es\/?page_id=39593"},"modified":"2024-11-08T12:00:36","modified_gmt":"2024-11-08T11:00:36","slug":"rental-solution","status":"publish","type":"page","link":"https:\/\/oldfarmhouses.es\/nl\/rental-solution\/","title":{"rendered":"Rental Solution"},"content":{"rendered":"<div class=\"wpb-content-wrapper\"><p>[vc_row][vc_column][vc_column_text]<\/p>\n<h1 style=\"font-weight: bold; color: #31312c; text-align: center;\"><span style=\"font-size: 50px; font-weight: bold; color: #f2b745; letter-spacing: -2px;\">OFH <\/span><span style=\"font-size: 50px; font-weight: 500; letter-spacing: -2px; color: #000000;\">RENTAL SOLUTION<\/span><\/h1>\n<p>[\/vc_column_text][\/vc_column][\/vc_row][vc_row equal_height=&#8221;yes&#8221; content_placement=&#8221;middle&#8221;][vc_column width=&#8221;1\/2&#8243;][vc_column_text css_animation=&#8221;fadeInLeft&#8221;]<\/p>\n<h2><span style=\"font-size: 14pt;\">Volledig beheer van uw verhuurde woning<\/span><\/h2>\n<p>Onze diensten beperken zich niet alleen tot de regio Murcia en onze kantoren. Na een grondige analyse van de behoeften van onze klanten hebben we vastgesteld dat veel van hen op zoek zijn naar een volledige beheerservice voor hun verhuurde eigendommen. Daarom bieden wij u OFH Rental Solution aan. U kunt nu profiteren van alle voordelen en diensten voor slechts \u20ac35 per maand.[\/vc_column_text][\/vc_column][vc_column width=&#8221;1\/2&#8243;][vc_single_image image=&#8221;35966&#8243; img_size=&#8221;large&#8221; alignment=&#8221;center&#8221; css_animation=&#8221;fadeInRight&#8221; el_class=&#8221;imgCasa&#8221;][\/vc_column][\/vc_row][vc_row equal_height=&#8221;yes&#8221; content_placement=&#8221;middle&#8221;][vc_column width=&#8221;1\/2&#8243;][vc_column_text css_animation=&#8221;fadeInLeft&#8221;]<\/p>\n<h3><span style=\"font-size: 12pt;\">Wat biedt OFH Rental Solution aan?<\/span><\/h3>\n<p>&#8211; Gegarandeerde huurbetaling.<br \/>\n&#8211; Juridisch advies.<br \/>\n&#8211; Promotie van uw woning op sociale netwerken. <strong><br \/>\n<\/strong>&#8211; Regelmatige inspectie van uw woning.<br \/>\n&#8211; Overname van energie- en watercontracten op naam van de huurder.<br \/>\n&#8211; Ondersteuning bij communicatie met de Vereniging van Eigenaren.<strong><br \/>\n<\/strong>&#8211; Schoonmaak en renovatie van uw woning.<br \/>\n&#8211; Controle bij in- en uitchecken van de huurder. <strong><br \/>\n<\/strong>&#8211; Sleutelbeheer.<strong><br \/>\n<\/strong>&#8211; Schadebeheer met de verzekeringsmaatschappij.<br \/>\n&#8211; Beheer van de verkoop van uw woning.[\/vc_column_text][\/vc_column][vc_column width=&#8221;1\/2&#8243;][vc_column_text css_animation=&#8221;fadeInRight&#8221;]Bent u ge\u00efnteresseerd of wilt u meer informatie krijgen? Neem gerust contact met ons op via het onderstaande telefoonnummer of vul het contactformulier in.[\/vc_column_text][\/vc_column][\/vc_row][vc_row equal_height=&#8221;yes&#8221;][vc_column width=&#8221;1\/2&#8243; offset=&#8221;vc_hidden-md vc_hidden-sm vc_hidden-xs&#8221;][vc_single_image image=&#8221;35979&#8243; img_size=&#8221;430&#215;792&#8243; alignment=&#8221;center&#8221; css_animation=&#8221;zoomInUp&#8221;][\/vc_column][vc_column width=&#8221;1\/2&#8243; offset=&#8221;vc_hidden-md vc_hidden-sm vc_hidden-xs&#8221;][vc_column_text css_animation=&#8221;fadeInRight&#8221;]<\/p>\n<h3 style=\"text-align: left;\"><span style=\"font-size: 24pt;\"><strong>Voor wie is OFH<\/strong><\/span><\/h3>\n<h3 style=\"text-align: left;\"><span style=\"font-size: 24pt;\"> Rental Solution bedoeld?<\/span><\/h3>\n<p>[\/vc_column_text][vc_column_text css_animation=&#8221;fadeIn&#8221; css=&#8221;.vc_custom_1731062358094{padding-top: 40px !important;padding-right: 200px !important;padding-bottom: 40px !important;padding-left: 20px !important;background-image: url(http:\/\/oldfarmhouses.es\/wp-content\/uploads\/2020\/12\/ALQUILER.png?id=35985) !important;background-position: center !important;background-repeat: no-repeat !important;background-size: contain !important;}&#8221;]<span style=\"color: #000000; font-size: 18pt;\">Particuliere<\/span><br \/>\n<span style=\"color: #ffffff; font-size: 14pt;\">Verhuur<\/span><\/p>\n<p><span style=\"color: #000000;\">Ideaal voor verhuurders die behoefte hebben aan een volledige beheerservice voor hun verhuurde woning.<\/span>[\/vc_column_text][vc_column_text css_animation=&#8221;fadeIn&#8221; css=&#8221;.vc_custom_1731063634095{padding-top: 40px !important;padding-right: 200px !important;padding-bottom: 40px !important;padding-left: 20px !important;background-image: url(http:\/\/oldfarmhouses.es\/wp-content\/uploads\/2020\/12\/VENTA.png?id=36046) !important;background-position: center !important;background-repeat: no-repeat !important;background-size: contain !important;}&#8221;]<span style=\"color: #000000; font-size: 18pt;\">Particuliere<\/span><br \/>\n<span style=\"color: #ffffff; font-size: 14pt;\">Verkoop<\/span><\/p>\n<p><span style=\"color: #000000;\">Als u besluit uw woning te verkopen, kunt u dit eenvoudig doen via<br \/>\nOFH Rental Solution. <\/span>[\/vc_column_text][\/vc_column][\/vc_row][vc_row equal_height=&#8221;yes&#8221;][vc_column offset=&#8221;vc_hidden-lg vc_hidden-sm vc_hidden-xs&#8221;][vc_single_image image=&#8221;35979&#8243; img_size=&#8221;430&#215;792&#8243; alignment=&#8221;center&#8221;][vc_column_text]<\/p>\n<h3 style=\"text-align: left;\"><span style=\"font-size: 24pt;\"><strong>A qui\u00e9n va dirigido<\/strong><\/span><\/h3>\n<h3 style=\"text-align: left;\"><span style=\"font-size: 24pt;\"> OFH RENTAL SOLUTION<\/span><\/h3>\n<p>[\/vc_column_text][vc_column_text css=&#8221;.vc_custom_1625576885107{padding-top: 80px !important;padding-right: 360px !important;padding-bottom: 80px !important;padding-left: 20px !important;background-image: url(http:\/\/oldfarmhouses.es\/wp-content\/uploads\/2020\/12\/ALQUILER.png?id=35985) !important;background-position: center !important;background-repeat: no-repeat !important;background-size: cover !important;}&#8221;]<span style=\"color: #000000; font-size: 18pt;\">PARTICULARES<\/span><br \/>\n<span style=\"color: #ffffff; font-size: 14pt;\">ALQUILER<\/span><\/p>\n<p><span style=\"color: #000000;\">Si est\u00e1s buscando una soluci\u00f3n completa de la gesti\u00f3n del alquiler de tu vivienda, OFH RENTAL SOLUTION es para ti.<\/span>[\/vc_column_text][vc_column_text css=&#8221;.vc_custom_1625576871139{padding-top: 80px !important;padding-right: 360px !important;padding-bottom: 80px !important;padding-left: 20px !important;background-image: url(http:\/\/oldfarmhouses.es\/wp-content\/uploads\/2020\/12\/VENTA.png?id=36046) !important;background-position: center !important;background-repeat: no-repeat !important;background-size: cover !important;}&#8221;]<span style=\"color: #000000; font-size: 18pt;\">PARTICULARES<\/span><br \/>\n<span style=\"color: #ffffff; font-size: 14pt;\">VENTA<\/span><\/p>\n<p><span style=\"color: #000000;\">Adem\u00e1s, si en alg\u00fan momento decides poner en venta tu vivienda o gestionarla con tus inquilinos, gracias a <a style=\"color: #000000;\" href=\"https:\/\/oldfarmhouses.es\/\">OFH<\/a> RENTAL SOLUTION podr\u00e1s hacerlo de una forma muy sencilla.<\/span>[\/vc_column_text][\/vc_column][\/vc_row][vc_row equal_height=&#8221;yes&#8221;][vc_column offset=&#8221;vc_hidden-lg vc_hidden-md&#8221;][vc_single_image image=&#8221;35979&#8243; img_size=&#8221;430&#215;792&#8243; alignment=&#8221;center&#8221;][vc_column_text]<\/p>\n<h3 style=\"text-align: left;\"><span style=\"font-size: 24pt;\"><strong>A qui\u00e9n va dirigido<\/strong><\/span><\/h3>\n<h3 style=\"text-align: left;\"><span style=\"font-size: 24pt;\"> OFH RENTAL SOLUTION<\/span><\/h3>\n<p>[\/vc_column_text][vc_column_text css=&#8221;.vc_custom_1625577040266{padding-top: 80px !important;padding-right: 20px !important;padding-bottom: 80px !important;padding-left: 20px !important;background-color: #e3b845 !important;background-position: center !important;background-repeat: no-repeat !important;background-size: cover !important;}&#8221;]<span style=\"color: #000000; font-size: 18pt;\">PARTICULARES<\/span><br \/>\n<span style=\"color: #ffffff; font-size: 14pt;\">ALQUILER<\/span><\/p>\n<p><span style=\"color: #000000;\">Si est\u00e1s buscando una soluci\u00f3n completa de la gesti\u00f3n del alquiler de tu vivienda, OFH RENTAL SOLUTION es para ti.<\/span>[\/vc_column_text][vc_column_text css=&#8221;.vc_custom_1625577055779{padding-top: 80px !important;padding-right: 20px !important;padding-bottom: 80px !important;padding-left: 20px !important;background-color: #e3b845 !important;background-position: center !important;background-repeat: no-repeat !important;background-size: cover !important;}&#8221;]<span style=\"color: #000000; font-size: 18pt;\">PARTICULARES<\/span><br \/>\n<span style=\"color: #ffffff; font-size: 14pt;\">VENTA<\/span><\/p>\n<p><span style=\"color: #000000;\">Adem\u00e1s, si en alg\u00fan momento decides poner en venta tu vivienda o gestionarla con tus inquilinos, gracias a <a style=\"color: #000000;\" href=\"https:\/\/oldfarmhouses.es\/\">OFH<\/a> RENTAL SOLUTION podr\u00e1s hacerlo de una forma muy sencilla.<\/span>[\/vc_column_text][\/vc_column][\/vc_row][vc_row equal_height=&#8221;yes&#8221; disable_element=&#8221;yes&#8221; css=&#8221;.vc_custom_1625571131544{padding-right: 50px !important;}&#8221;][vc_column width=&#8221;1\/2&#8243;][vc_single_image image=&#8221;35979&#8243; img_size=&#8221;430&#215;792&#8243; alignment=&#8221;center&#8221;][\/vc_column][vc_column width=&#8221;1\/2&#8243;][vc_column_text]<\/p>\n<h3 style=\"text-align: left;\"><span style=\"font-size: 24pt;\"><strong>A qui\u00e9n va dirigido<\/strong><\/span><\/h3>\n<h3 style=\"text-align: left;\"><span style=\"font-size: 24pt;\"> OFH RENTAL SOLUTION<\/span><\/h3>\n<p>[\/vc_column_text][vc_hoverbox image=&#8221;35985&#8243; primary_title=&#8221;PARTICULARES ALQUILER&#8221; primary_align=&#8221;left&#8221; hover_title=&#8221;PARTICULARES ALQUILER&#8221; hover_background_color=&#8221;custom&#8221; el_width=&#8221;80&#8243; align=&#8221;left&#8221; hover_custom_background=&#8221;#e1b947&#8243; css=&#8221;.vc_custom_1608224142298{padding-bottom: 20px !important;}&#8221;]<span style=\"color: #ffffff;\">Si est\u00e1s buscando una soluci\u00f3n completa de la gesti\u00f3n del alquiler de tu vivienda, OFH RENTAL SOLUTION es para ti.<\/span>[\/vc_hoverbox][vc_hoverbox image=&#8221;36046&#8243; primary_title=&#8221;PARTICULARES VENTA&#8221; primary_align=&#8221;left&#8221; hover_title=&#8221;PARTICULARES VENTA&#8221; hover_background_color=&#8221;custom&#8221; el_width=&#8221;80&#8243; align=&#8221;right&#8221; hover_custom_background=&#8221;#e1b947&#8243; css=&#8221;.vc_custom_1608224188311{padding-top: 30px !important;}&#8221;]<span style=\"color: #ffffff;\">Adem\u00e1s, si en alg\u00fan momento decides poner en venta tu vivienda o gestionarla con tus inquilinos, gracias a <a style=\"color: #ffffff;\" href=\"https:\/\/oldfarmhouses.es\/\">OFH<\/a> RENTAL SOLUTION podr\u00e1s hacerlo de una forma muy sencilla.<\/span>[\/vc_hoverbox][\/vc_column][\/vc_row][vc_row][vc_column width=&#8221;2\/3&#8243;]\n<div class=\"wpcf7 no-js\" id=\"wpcf7-f39583-o1\" lang=\"es-ES\" dir=\"ltr\">\n<div class=\"screen-reader-response\"><p role=\"status\" aria-live=\"polite\" aria-atomic=\"true\"><\/p> <ul><\/ul><\/div>\n<form action=\"\/nl\/wp-json\/wp\/v2\/pages\/39593#wpcf7-f39583-o1\" method=\"post\" class=\"wpcf7-form init\" aria-label=\"Formulario de contacto\" novalidate=\"novalidate\" data-status=\"init\">\n<div style=\"display: none;\">\n<input type=\"hidden\" name=\"_wpcf7\" value=\"39583\" \/>\n<input type=\"hidden\" name=\"_wpcf7_version\" value=\"5.7.7\" \/>\n<input type=\"hidden\" name=\"_wpcf7_locale\" value=\"es_ES\" \/>\n<input type=\"hidden\" name=\"_wpcf7_unit_tag\" value=\"wpcf7-f39583-o1\" \/>\n<input type=\"hidden\" name=\"_wpcf7_container_post\" value=\"0\" \/>\n<input type=\"hidden\" name=\"_wpcf7_posted_data_hash\" value=\"\" \/>\n<input type=\"hidden\" name=\"_wpcf7_recaptcha_response\" value=\"\" \/>\n<\/div>\n<p><label> Naam (verplicht)<br \/>\n<span class=\"wpcf7-form-control-wrap\" data-name=\"your-name\"><input size=\"40\" class=\"wpcf7-form-control wpcf7-text wpcf7-validates-as-required\" aria-required=\"true\" aria-invalid=\"false\" value=\"\" type=\"text\" name=\"your-name\" \/><\/span> <\/label>\n<\/p>\n<p><label> E-mailadres (verplicht)<br \/>\n<span class=\"wpcf7-form-control-wrap\" data-name=\"your-email\"><input size=\"40\" class=\"wpcf7-form-control wpcf7-text wpcf7-email wpcf7-validates-as-required wpcf7-validates-as-email\" aria-required=\"true\" aria-invalid=\"false\" value=\"\" type=\"email\" name=\"your-email\" \/><\/span> <\/label>\n<\/p>\n<p><label> Telefoonnummer (verplicht)<br \/>\n<span class=\"wpcf7-form-control-wrap\" data-name=\"phone\"><input size=\"40\" class=\"wpcf7-form-control wpcf7-text wpcf7-tel wpcf7-validates-as-required wpcf7-validates-as-tel\" aria-required=\"true\" aria-invalid=\"false\" value=\"\" type=\"tel\" name=\"phone\" \/><\/span> <\/label>\n<\/p>\n<p><label> Onderwerp<br \/>\n<span class=\"wpcf7-form-control-wrap\" data-name=\"your-subject\"><input size=\"40\" class=\"wpcf7-form-control wpcf7-text\" aria-invalid=\"false\" value=\"\" type=\"text\" name=\"your-subject\" \/><\/span> <\/label>\n<\/p>\n<p><label> Bericht<br \/>\n<span class=\"wpcf7-form-control-wrap\" data-name=\"your-message\"><textarea cols=\"40\" rows=\"10\" class=\"wpcf7-form-control wpcf7-textarea\" aria-invalid=\"false\" name=\"your-message\"><\/textarea><\/span> <\/label>\n<\/p>\n<p><input class=\"wpcf7-form-control has-spinner wpcf7-submit\" type=\"submit\" value=\"Versturen\" \/>\n<\/p><div class=\"wpcf7-response-output\" aria-hidden=\"true\"><\/div>\n<\/form>\n<\/div>\n[\/vc_column][vc_column width=&#8221;1\/3&#8243;][vc_column_text]<\/p>\n<h3>Neem contact met ons op<\/h3>\n<p>[\/vc_column_text][vc_column_text]<\/p>\n<h4>Hoofdkantoor<\/h4>\n<p>Avda. Balsicas 4 bajo<br \/>\n30709 Roldan, Murcia<br \/>\n<a href=\"tel:+34868701655\">Tel: +34 868 701 655<\/a><br \/>\n<a href=\"tel:+34623018292\">Tel: +34 623 018 292<\/a><br \/>\nfarmhouses@oldfarmhouses.es[\/vc_column_text][\/vc_column][\/vc_row]<\/p>\n<\/div>","protected":false},"excerpt":{"rendered":"<p>[vc_row][vc_column][vc_column_text] OFH RENTAL SOLUTION [\/vc_column_text][\/vc_column][\/vc_row][vc_row equal_height=&#8221;yes&#8221; content_placement=&#8221;middle&#8221;][vc_column width=&#8221;1\/2&#8243;][vc_column_text css_animation=&#8221;fadeInLeft&#8221;] Volledig beheer van uw verhuurde woning Onze diensten beperken zich niet alleen tot de regio Murcia en onze kantoren. Na een grondige analyse van de behoeften van onze klanten hebben we vastgesteld dat veel van hen op zoek zijn naar een volledige beheerservice voor hun verhuurde eigendommen. Daarom bieden wij u OFH Rental Solution aan. &#8230;<\/p>\n","protected":false},"author":2,"featured_media":0,"parent":0,"menu_order":0,"comment_status":"closed","ping_status":"closed","template":"","meta":{"footnotes":""},"acf":[],"_links":{"self":[{"href":"https:\/\/oldfarmhouses.es\/nl\/wp-json\/wp\/v2\/pages\/39593"}],"collection":[{"href":"https:\/\/oldfarmhouses.es\/nl\/wp-json\/wp\/v2\/pages"}],"about":[{"href":"https:\/\/oldfarmhouses.es\/nl\/wp-json\/wp\/v2\/types\/page"}],"author":[{"embeddable":true,"href":"https:\/\/oldfarmhouses.es\/nl\/wp-json\/wp\/v2\/users\/2"}],"replies":[{"embeddable":true,"href":"https:\/\/oldfarmhouses.es\/nl\/wp-json\/wp\/v2\/comments?post=39593"}],"version-history":[{"count":10,"href":"https:\/\/oldfarmhouses.es\/nl\/wp-json\/wp\/v2\/pages\/39593\/revisions"}],"predecessor-version":[{"id":39905,"href":"https:\/\/oldfarmhouses.es\/nl\/wp-json\/wp\/v2\/pages\/39593\/revisions\/39905"}],"wp:attachment":[{"href":"https:\/\/oldfarmhouses.es\/nl\/wp-json\/wp\/v2\/media?parent=39593"}],"curies":[{"name":"wp","href":"https:\/\/api.w.org\/{rel}","templated":true}]}}