{"id":39953,"date":"2024-11-14T17:23:56","date_gmt":"2024-11-14T16:23:56","guid":{"rendered":"https:\/\/oldfarmhouses.es\/?page_id=39953"},"modified":"2024-11-15T09:09:59","modified_gmt":"2024-11-15T08:09:59","slug":"rental-solution","status":"publish","type":"page","link":"https:\/\/oldfarmhouses.es\/pl\/rental-solution\/","title":{"rendered":"Rental Solution"},"content":{"rendered":"<div class=\"wpb-content-wrapper\"><p>[vc_row][vc_column][vc_column_text]<\/p>\n<h1 style=\"font-weight: bold; color: #31312c; text-align: center;\"><span style=\"font-size: 50px; font-weight: bold; color: #f2b745; letter-spacing: -2px;\">OFH <\/span><span style=\"font-size: 50px; font-weight: 500; letter-spacing: -2px; color: #000000;\">RENTAL SOLUTION<\/span><\/h1>\n<p>[\/vc_column_text][\/vc_column][\/vc_row][vc_row equal_height=&#8221;yes&#8221; content_placement=&#8221;middle&#8221;][vc_column width=&#8221;1\/2&#8243;][vc_column_text css_animation=&#8221;fadeInLeft&#8221;]<\/p>\n<h2><span style=\"font-size: 14pt;\">Kompleksowe zarz\u0105dzanie wynajmem Twojej nieruchomo\u015bci<\/span><\/h2>\n<p>Nasze us\u0142ugi wychodz\u0105 poza tradycyjne biurowe granice. Po dok\u0142adnym zbadaniu potrzeb naszych klient\u00f3w zauwa\u017cyli\u015bmy, \u017ce wielu z nich wymaga profesjonalnego zarz\u0105dzania wynajmem swojej nieruchomo\u015bci. Dlatego stworzyli\u015bmy OFH Rental Solution \u2013 kompletn\u0105 us\u0142ug\u0119 zarz\u0105dzania wynajmem za jedyne 35 \u20ac miesi\u0119cznie.[\/vc_column_text][\/vc_column][vc_column width=&#8221;1\/2&#8243;][vc_single_image image=&#8221;35966&#8243; img_size=&#8221;large&#8221; alignment=&#8221;center&#8221; css_animation=&#8221;fadeInRight&#8221; el_class=&#8221;imgCasa&#8221;][\/vc_column][\/vc_row][vc_row equal_height=&#8221;yes&#8221; content_placement=&#8221;middle&#8221;][vc_column width=&#8221;1\/2&#8243;][vc_column_text css_animation=&#8221;fadeInLeft&#8221;]<\/p>\n<h3><span style=\"font-size: 12pt;\">Co zawiera OFH Rental Solution?<\/span><\/h3>\n<p>&#8211; <strong>Gwarantowana op\u0142ata<\/strong> czynszu.<br \/>\n&#8211; <strong>Pomoc<\/strong> prawna.<br \/>\n&#8211; Promocja nieruchomo\u015bci na <strong>platformach spo\u0142eczno\u015bciowych.<br \/>\n<\/strong>&#8211; <strong>Regularna<\/strong> kontrola <strong>stanu nieruchomo\u015bci<\/strong>.<br \/>\n&#8211; Obs\u0142uga zmiany <strong>dostawc\u00f3w<\/strong> pr\u0105du i wody.<br \/>\n&#8211; Wsparcie w <strong>kontaktach z zarz\u0105dc\u0105 wsp\u00f3lnoty.<br \/>\n<\/strong>&#8211; <strong>Sprz\u0105tanie i przygotowanie<\/strong> nieruchomo\u015bci.<br \/>\n&#8211; Obs\u0142uga przyjazd\u00f3w <strong>i wyjazd\u00f3w najemc\u00f3w.<br \/>\n<\/strong>&#8211; Przechowywanie <strong>kluczy.<br \/>\n<\/strong>&#8211; Zarz\u0105dzanie roszczeniami <strong>ubezpieczeniowymi w przypadku po\u017caru,<\/strong> trz\u0119sienia ziemi i innych zdarze\u0144.<br \/>\n&#8211; Mo\u017cliwo\u015b\u0107 <strong>sprzeda\u017cy nieruchomo\u015bci.<\/strong>[\/vc_column_text][\/vc_column][vc_column width=&#8221;1\/2&#8243;][vc_column_text css_animation=&#8221;fadeInRight&#8221;]Skontaktuj si\u0119 z nami, je\u015bli chcesz skorzysta\u0107 z naszej oferty lub potrzebujesz dodatkowych informacji. Mo\u017cesz zadzwoni\u0107 do nas lub wype\u0142ni\u0107 formularz <a href=\"https:\/\/oldfarmhouses.es\/contacto\/\">kontaktowy<\/a>.[\/vc_column_text][\/vc_column][\/vc_row][vc_row equal_height=&#8221;yes&#8221;][vc_column width=&#8221;1\/2&#8243; offset=&#8221;vc_hidden-md vc_hidden-sm vc_hidden-xs&#8221;][vc_single_image image=&#8221;35979&#8243; img_size=&#8221;430&#215;792&#8243; alignment=&#8221;center&#8221; css_animation=&#8221;zoomInUp&#8221;][\/vc_column][vc_column width=&#8221;1\/2&#8243; offset=&#8221;vc_hidden-md vc_hidden-sm vc_hidden-xs&#8221;][vc_column_text css_animation=&#8221;fadeInRight&#8221;]<\/p>\n<h3 style=\"text-align: left;\"><span style=\"font-size: 24pt;\"><strong>Dla kogo jest przeznaczone<\/strong><\/span><\/h3>\n<h3 style=\"text-align: left;\"><span style=\"font-size: 24pt;\"> OFH RENTAL SOLUTION<\/span><\/h3>\n<p>[\/vc_column_text][vc_column_text css_animation=&#8221;fadeIn&#8221; css=&#8221;.vc_custom_1731601366393{padding-top: 40px !important;padding-right: 200px !important;padding-bottom: 40px !important;padding-left: 20px !important;background-image: url(http:\/\/oldfarmhouses.es\/wp-content\/uploads\/2020\/12\/ALQUILER.png?id=35985) !important;background-position: center !important;background-repeat: no-repeat !important;background-size: contain !important;}&#8221;]<span style=\"color: #000000; font-size: 18pt;\">Dla os\u00f3b prywatnych<\/span><br \/>\n<span style=\"color: #ffffff; font-size: 14pt;\">Wynajem<\/span><\/p>\n<p><span style=\"color: #000000;\">Je\u015bli szukasz kompleksowego zarz\u0105dzania wynajmem swojej nieruchomo\u015bci, ta us\u0142uga jest idealna dla Ciebie.<\/span>[\/vc_column_text][vc_column_text css_animation=&#8221;fadeIn&#8221; css=&#8221;.vc_custom_1731602329845{padding-top: 40px !important;padding-right: 200px !important;padding-bottom: 40px !important;padding-left: 20px !important;background-image: url(http:\/\/oldfarmhouses.es\/wp-content\/uploads\/2020\/12\/VENTA.png?id=36046) !important;background-position: center !important;background-repeat: no-repeat !important;background-size: contain !important;}&#8221;]<span style=\"color: #000000; font-size: 18pt;\">Dla os\u00f3b prywatnych<\/span><br \/>\n<span style=\"color: #ffffff; font-size: 14pt;\">Sprzeda\u017c<\/span><\/p>\n<p><span style=\"color: #000000;\">Je\u017celi zdecydujesz si\u0119 na sprzeda\u017c nieruchomo\u015bci, r\u00f3wnie\u017c pomo\u017cemy Ci w tym procesie, korzystaj\u0105c z <a style=\"color: #000000;\" href=\"https:\/\/oldfarmhouses.es\/\">OFH<\/a> RENTAL SOLUTION.<\/span>[\/vc_column_text][\/vc_column][\/vc_row][vc_row equal_height=&#8221;yes&#8221;][vc_column offset=&#8221;vc_hidden-lg vc_hidden-sm vc_hidden-xs&#8221;][vc_single_image image=&#8221;35979&#8243; img_size=&#8221;430&#215;792&#8243; alignment=&#8221;center&#8221;][vc_column_text]<\/p>\n<h3 style=\"text-align: left;\"><span style=\"font-size: 24pt;\"><strong>Dla kogo jest przeznaczone<\/strong><\/span><\/h3>\n<h3 style=\"text-align: left;\"><span style=\"font-size: 24pt;\"> OFH RENTAL SOLUTION<\/span><\/h3>\n<p>[\/vc_column_text][vc_column_text css=&#8221;.vc_custom_1731658160983{padding-top: 80px !important;padding-right: 360px !important;padding-bottom: 80px !important;padding-left: 20px !important;background-image: url(http:\/\/oldfarmhouses.es\/wp-content\/uploads\/2020\/12\/ALQUILER.png?id=35985) !important;background-position: center !important;background-repeat: no-repeat !important;background-size: cover !important;}&#8221;]<span style=\"color: #000000; font-size: 18pt;\">Dla os\u00f3b prywatnych<\/span><br \/>\n<span style=\"color: #ffffff; font-size: 14pt;\">Wynajem<\/span><\/p>\n<p><span style=\"color: #000000;\">Je\u015bli szukasz kompleksowego zarz\u0105dzania wynajmem swojej nieruchomo\u015bci, ta us\u0142uga jest idealna dla Ciebie.<\/span>[\/vc_column_text][vc_column_text css=&#8221;.vc_custom_1731658187632{padding-top: 80px !important;padding-right: 360px !important;padding-bottom: 80px !important;padding-left: 20px !important;background-image: url(http:\/\/oldfarmhouses.es\/wp-content\/uploads\/2020\/12\/VENTA.png?id=36046) !important;background-position: center !important;background-repeat: no-repeat !important;background-size: cover !important;}&#8221;]<span style=\"color: #000000; font-size: 18pt;\">Dla os\u00f3b prywatnych<\/span><br \/>\n<span style=\"color: #ffffff; font-size: 14pt;\">Sprzeda\u017c<\/span><\/p>\n<p><span style=\"color: #000000;\">Je\u017celi zdecydujesz si\u0119 na sprzeda\u017c nieruchomo\u015bci, r\u00f3wnie\u017c pomo\u017cemy Ci w tym procesie, korzystaj\u0105c z <a style=\"color: #000000;\" href=\"https:\/\/oldfarmhouses.es\/\">OFH<\/a> RENTAL SOLUTION.<\/span>[\/vc_column_text][\/vc_column][\/vc_row][vc_row equal_height=&#8221;yes&#8221;][vc_column offset=&#8221;vc_hidden-lg vc_hidden-md&#8221;][vc_single_image image=&#8221;35979&#8243; img_size=&#8221;430&#215;792&#8243; alignment=&#8221;center&#8221;][vc_column_text]<\/p>\n<h3 style=\"text-align: left;\"><span style=\"font-size: 24pt;\"><strong>Dla kogo jest przeznaczone<\/strong><\/span><\/h3>\n<h3 style=\"text-align: left;\"><span style=\"font-size: 24pt;\"> OFH RENTAL SOLUTION<\/span><\/h3>\n<p>[\/vc_column_text][vc_column_text css=&#8221;.vc_custom_1731658168904{padding-top: 80px !important;padding-right: 20px !important;padding-bottom: 80px !important;padding-left: 20px !important;background-color: #e3b845 !important;background-position: center !important;background-repeat: no-repeat !important;background-size: cover !important;}&#8221;]<span style=\"color: #000000; font-size: 18pt;\">Dla os\u00f3b prywatnych<\/span><br \/>\n<span style=\"color: #ffffff; font-size: 14pt;\">Wynajem<\/span><\/p>\n<p><span style=\"color: #000000;\">Je\u015bli szukasz kompleksowego zarz\u0105dzania wynajmem swojej nieruchomo\u015bci, ta us\u0142uga jest idealna dla Ciebie.<\/span>[\/vc_column_text][vc_column_text css=&#8221;.vc_custom_1731658195514{padding-top: 80px !important;padding-right: 20px !important;padding-bottom: 80px !important;padding-left: 20px !important;background-color: #e3b845 !important;background-position: center !important;background-repeat: no-repeat !important;background-size: cover !important;}&#8221;]<span style=\"color: #000000; font-size: 18pt;\">Dla os\u00f3b prywatnych<\/span><br \/>\n<span style=\"color: #ffffff; font-size: 14pt;\">Sprzeda\u017c<\/span><\/p>\n<p><span style=\"color: #000000;\">Je\u017celi zdecydujesz si\u0119 na sprzeda\u017c nieruchomo\u015bci, r\u00f3wnie\u017c pomo\u017cemy Ci w tym procesie, korzystaj\u0105c z <a style=\"color: #000000;\" href=\"https:\/\/oldfarmhouses.es\/\">OFH<\/a> RENTAL SOLUTION.<\/span>[\/vc_column_text][\/vc_column][\/vc_row][vc_row equal_height=&#8221;yes&#8221; disable_element=&#8221;yes&#8221; css=&#8221;.vc_custom_1625571131544{padding-right: 50px !important;}&#8221;][vc_column width=&#8221;1\/2&#8243;][vc_single_image image=&#8221;35979&#8243; img_size=&#8221;430&#215;792&#8243; alignment=&#8221;center&#8221;][\/vc_column][vc_column width=&#8221;1\/2&#8243;][vc_column_text]<\/p>\n<h3 style=\"text-align: left;\"><span style=\"font-size: 24pt;\"><strong>A qui\u00e9n va dirigido<\/strong><\/span><\/h3>\n<h3 style=\"text-align: left;\"><span style=\"font-size: 24pt;\"> OFH RENTAL SOLUTION<\/span><\/h3>\n<p>[\/vc_column_text][vc_hoverbox image=&#8221;35985&#8243; primary_title=&#8221;PARTICULARES ALQUILER&#8221; primary_align=&#8221;left&#8221; hover_title=&#8221;PARTICULARES ALQUILER&#8221; hover_background_color=&#8221;custom&#8221; el_width=&#8221;80&#8243; align=&#8221;left&#8221; hover_custom_background=&#8221;#e1b947&#8243; css=&#8221;.vc_custom_1608224142298{padding-bottom: 20px !important;}&#8221;]<span style=\"color: #ffffff;\">Si est\u00e1s buscando una soluci\u00f3n completa de la gesti\u00f3n del alquiler de tu vivienda, OFH RENTAL SOLUTION es para ti.<\/span>[\/vc_hoverbox][vc_hoverbox image=&#8221;36046&#8243; primary_title=&#8221;PARTICULARES VENTA&#8221; primary_align=&#8221;left&#8221; hover_title=&#8221;PARTICULARES VENTA&#8221; hover_background_color=&#8221;custom&#8221; el_width=&#8221;80&#8243; align=&#8221;right&#8221; hover_custom_background=&#8221;#e1b947&#8243; css=&#8221;.vc_custom_1608224188311{padding-top: 30px !important;}&#8221;]<span style=\"color: #ffffff;\">Adem\u00e1s, si en alg\u00fan momento decides poner en venta tu vivienda o gestionarla con tus inquilinos, gracias a <a style=\"color: #ffffff;\" href=\"https:\/\/oldfarmhouses.es\/\">OFH<\/a> RENTAL SOLUTION podr\u00e1s hacerlo de una forma muy sencilla.<\/span>[\/vc_hoverbox][\/vc_column][\/vc_row][vc_row][vc_column width=&#8221;2\/3&#8243;]\n<div class=\"wpcf7 no-js\" id=\"wpcf7-f39961-o1\" lang=\"es-ES\" dir=\"ltr\">\n<div class=\"screen-reader-response\"><p role=\"status\" aria-live=\"polite\" aria-atomic=\"true\"><\/p> <ul><\/ul><\/div>\n<form action=\"\/pl\/wp-json\/wp\/v2\/pages\/39953#wpcf7-f39961-o1\" method=\"post\" class=\"wpcf7-form init\" aria-label=\"Formulario de contacto\" novalidate=\"novalidate\" data-status=\"init\">\n<div style=\"display: none;\">\n<input type=\"hidden\" name=\"_wpcf7\" value=\"39961\" \/>\n<input type=\"hidden\" name=\"_wpcf7_version\" value=\"5.7.7\" \/>\n<input type=\"hidden\" name=\"_wpcf7_locale\" value=\"es_ES\" \/>\n<input type=\"hidden\" name=\"_wpcf7_unit_tag\" value=\"wpcf7-f39961-o1\" \/>\n<input type=\"hidden\" name=\"_wpcf7_container_post\" value=\"0\" \/>\n<input type=\"hidden\" name=\"_wpcf7_posted_data_hash\" value=\"\" \/>\n<input type=\"hidden\" name=\"_wpcf7_recaptcha_response\" value=\"\" \/>\n<\/div>\n<p><label> Imi\u0119 (wymagane)<br \/>\n<span class=\"wpcf7-form-control-wrap\" data-name=\"your-name\"><input size=\"40\" class=\"wpcf7-form-control wpcf7-text wpcf7-validates-as-required\" aria-required=\"true\" aria-invalid=\"false\" value=\"\" type=\"text\" name=\"your-name\" \/><\/span> <\/label>\n<\/p>\n<p><label> E-mail (wymagane)<br \/>\n<span class=\"wpcf7-form-control-wrap\" data-name=\"your-email\"><input size=\"40\" class=\"wpcf7-form-control wpcf7-text wpcf7-email wpcf7-validates-as-required wpcf7-validates-as-email\" aria-required=\"true\" aria-invalid=\"false\" value=\"\" type=\"email\" name=\"your-email\" \/><\/span> <\/label>\n<\/p>\n<p><label> Telefon (wymagane)<br \/>\n<span class=\"wpcf7-form-control-wrap\" data-name=\"phone\"><input size=\"40\" class=\"wpcf7-form-control wpcf7-text wpcf7-tel wpcf7-validates-as-required wpcf7-validates-as-tel\" aria-required=\"true\" aria-invalid=\"false\" value=\"\" type=\"tel\" name=\"phone\" \/><\/span> <\/label>\n<\/p>\n<p><label> Temat<br \/>\n<span class=\"wpcf7-form-control-wrap\" data-name=\"your-subject\"><input size=\"40\" class=\"wpcf7-form-control wpcf7-text\" aria-invalid=\"false\" value=\"\" type=\"text\" name=\"your-subject\" \/><\/span> <\/label>\n<\/p>\n<p><label> Wiadomo\u015b\u0107<br \/>\n<span class=\"wpcf7-form-control-wrap\" data-name=\"your-message\"><textarea cols=\"40\" rows=\"10\" class=\"wpcf7-form-control wpcf7-textarea\" aria-invalid=\"false\" name=\"your-message\"><\/textarea><\/span> <\/label>\n<\/p>\n<p><input class=\"wpcf7-form-control has-spinner wpcf7-submit\" type=\"submit\" value=\"Wys\u0142a\u0107\" \/>\n<\/p><div class=\"wpcf7-response-output\" aria-hidden=\"true\"><\/div>\n<\/form>\n<\/div>\n[\/vc_column][vc_column width=&#8221;1\/3&#8243;][vc_column_text]<\/p>\n<h3>Napisz do nas ju\u017c dzi\u015b!<\/h3>\n<p>[\/vc_column_text][vc_column_text]<\/p>\n<h4>Nasze Biuro<\/h4>\n<p>Avda. Balsicas 4 bajo<br \/>\n30709 Roldan, Murcia<br \/>\n<a href=\"tel:+34868701655\">Tel: +34 868 701 655<\/a><br \/>\n<a href=\"tel:+34623018292\">Tel: +34 623 018 292<\/a><br \/>\nfarmhouses@oldfarmhouses.es[\/vc_column_text][\/vc_column][\/vc_row]<\/p>\n<\/div>","protected":false},"excerpt":{"rendered":"<p>[vc_row][vc_column][vc_column_text] OFH RENTAL SOLUTION [\/vc_column_text][\/vc_column][\/vc_row][vc_row equal_height=&#8221;yes&#8221; content_placement=&#8221;middle&#8221;][vc_column width=&#8221;1\/2&#8243;][vc_column_text css_animation=&#8221;fadeInLeft&#8221;] Kompleksowe zarz\u0105dzanie wynajmem Twojej nieruchomo\u015bci Nasze us\u0142ugi wychodz\u0105 poza tradycyjne biurowe granice. Po dok\u0142adnym zbadaniu potrzeb naszych klient\u00f3w zauwa\u017cyli\u015bmy, \u017ce wielu z nich wymaga profesjonalnego zarz\u0105dzania wynajmem swojej nieruchomo\u015bci. Dlatego stworzyli\u015bmy OFH Rental Solution \u2013 kompletn\u0105 us\u0142ug\u0119 zarz\u0105dzania wynajmem za jedyne 35 \u20ac miesi\u0119cznie.[\/vc_column_text][\/vc_column][vc_column width=&#8221;1\/2&#8243;][vc_single_image image=&#8221;35966&#8243; img_size=&#8221;large&#8221; alignment=&#8221;center&#8221; css_animation=&#8221;fadeInRight&#8221; el_class=&#8221;imgCasa&#8221;][\/vc_column][\/vc_row][vc_row equal_height=&#8221;yes&#8221; content_placement=&#8221;middle&#8221;][vc_column width=&#8221;1\/2&#8243;][vc_column_text css_animation=&#8221;fadeInLeft&#8221;] Co &#8230;<\/p>\n","protected":false},"author":2,"featured_media":0,"parent":0,"menu_order":0,"comment_status":"closed","ping_status":"closed","template":"","meta":{"footnotes":""},"acf":[],"_links":{"self":[{"href":"https:\/\/oldfarmhouses.es\/pl\/wp-json\/wp\/v2\/pages\/39953"}],"collection":[{"href":"https:\/\/oldfarmhouses.es\/pl\/wp-json\/wp\/v2\/pages"}],"about":[{"href":"https:\/\/oldfarmhouses.es\/pl\/wp-json\/wp\/v2\/types\/page"}],"author":[{"embeddable":true,"href":"https:\/\/oldfarmhouses.es\/pl\/wp-json\/wp\/v2\/users\/2"}],"replies":[{"embeddable":true,"href":"https:\/\/oldfarmhouses.es\/pl\/wp-json\/wp\/v2\/comments?post=39953"}],"version-history":[{"count":5,"href":"https:\/\/oldfarmhouses.es\/pl\/wp-json\/wp\/v2\/pages\/39953\/revisions"}],"predecessor-version":[{"id":39970,"href":"https:\/\/oldfarmhouses.es\/pl\/wp-json\/wp\/v2\/pages\/39953\/revisions\/39970"}],"wp:attachment":[{"href":"https:\/\/oldfarmhouses.es\/pl\/wp-json\/wp\/v2\/media?parent=39953"}],"curies":[{"name":"wp","href":"https:\/\/api.w.org\/{rel}","templated":true}]}}