{"id":39963,"date":"2024-11-14T17:52:53","date_gmt":"2024-11-14T16:52:53","guid":{"rendered":"https:\/\/oldfarmhouses.es\/?page_id=39963"},"modified":"2024-11-15T09:20:34","modified_gmt":"2024-11-15T08:20:34","slug":"personal-shopper","status":"publish","type":"page","link":"https:\/\/oldfarmhouses.es\/pl\/personal-shopper\/","title":{"rendered":"Personal Shopper"},"content":{"rendered":"<div class=\"wpb-content-wrapper\"><p>[vc_row][vc_column][vc_column_text css_animation=&#8221;fadeInLeft&#8221;]<\/p>\n<h2 style=\"font-weight: bold; color: #31312c; text-align: left;\"><span style=\"font-size: 50px; font-weight: 500; letter-spacing: -2px; color: #000000;\">PERSONAL SHOPPER<br \/>\n<\/span><span style=\"font-size: 50px; font-weight: bold; color: #f2b745; letter-spacing: -2px;\">NIERUCHOMO\u015aCI<\/span><\/h2>\n<p>[\/vc_column_text][\/vc_column][\/vc_row][vc_row][vc_column width=&#8221;1\/2&#8243;][vc_column_text css_animation=&#8221;fadeInLeft&#8221;]<strong>Personal Shopper<\/strong> w dziedzinie nieruchomo\u015bci to dedykowany doradca, strong&gt;kt\u00f3ry wspiera klienta na ka\u017cdym etapie procesu zakupu. Informuje o wszystkich procedurach prawnych, analizuje <strong>potrzeby klienta<\/strong>, wybiera najlepsze opcje i <strong>wyja\u015bnia ka\u017cdy szczeg\u00f3\u0142<\/strong>, by pom\u00f3c w podj\u0119ciu optymalnej decyzji. Dodatkowo, u\u0142atwia adaptacj\u0119 do nowego miejsca zamieszkania.<\/p>\n<h2><span style=\"font-size: 12pt;\"><strong>Tw\u00f3j agent, zawsze przy Tobie<\/strong><\/span><\/h2>\n<p>W przeciwie\u0144stwie do innych us\u0142ug, <strong>Personal Shopper<\/strong> dzia\u0142a wy\u0142\u0105cznie w <strong>interesie kupuj\u0105cego<\/strong>. Wiemy, jak wa\u017cne jest zapewnienie pe\u0142nego wsparcia, poniewa\u017c zakup nieruchomo\u015bci to jedna z kluczowych decyzji w \u017cyciu. Doceniamy zaanga\u017cowanie wszystkich uczestnik\u00f3w tego procesu i zapewniamy profesjonalne wsparcie na ka\u017cdym kroku.<\/p>\n<p>Dlatego <a href=\"https:\/\/oldfarmhouses.es\/\"><strong>Old Farmhouses<\/strong><\/a> anga\u017cuje si\u0119 we wszystkie dzia\u0142ania zwi\u0105zane z kupnem, sprzeda\u017c\u0105 i po\u015brednictwem, oferuj\u0105c us\u0142ugi najwy\u017cszej jako\u015bci.[\/vc_column_text][\/vc_column][vc_column width=&#8221;1\/2&#8243;][vc_single_image image=&#8221;36271&#8243; img_size=&#8221;full&#8221; alignment=&#8221;center&#8221; css_animation=&#8221;fadeInRight&#8221;][\/vc_column][\/vc_row][vc_row][vc_column][vc_column_text css_animation=&#8221;fadeInLeft&#8221;]<\/p>\n<h2><strong>Korzy\u015bci z us\u0142ugi Personal Shopper<\/strong><\/h2>\n<p>Dzi\u0119ki naszemu do\u015bwiadczeniu w bran\u017cy uzyskasz <strong>dost\u0119p do szczeg\u00f3\u0142owych zdj\u0119\u0107<\/strong>, obiektywnych raport\u00f3w oraz <strong>wirtualnych wizyt nieruchomo\u015bci<\/strong>. W naszej ofercie znajdziesz r\u00f3wnie\u017c:[\/vc_column_text][\/vc_column][\/vc_row][vc_row][vc_column width=&#8221;1\/2&#8243;][vc_column_text css_animation=&#8221;fadeInLeft&#8221;]<strong>Szczeg\u00f3\u0142owa analiza potrzeb<\/strong>: Zbadamy Twoje wymagania, aby znale\u017a\u0107 nieruchomo\u015b\u0107 idealnie dopasowan\u0105 do Twoich oczekiwa\u0144.<\/p>\n<p><strong>Doradztwo na ka\u017cdym etapie<\/strong>: Przez ca\u0142y proces nasz agent zaprezentuje Ci najlepsze opcje, wybieraj\u0105c t\u0119, kt\u00f3ra najlepiej odpowiada Twoim potrzebom.<\/p>\n<p><strong>Oszcz\u0119dno\u015b\u0107 pieni\u0119dzy<\/strong>: Personal Shopper zajmuje si\u0119 wszystkimi formalno\u015bciami, dzi\u0119ki czemu nie musisz by\u0107 obecny\/a przy ka\u017cdym etapie zakupu.<\/p>\n<p><strong>Oszcz\u0119dno\u015b\u0107 czasu<\/strong>: Zakup nieruchomo\u015bci to wa\u017cna decyzja, cz\u0119sto zwi\u0105zana ze stresem. Nasza us\u0142uga minimalizuje formalno\u015bci i pozwala Ci unikn\u0105\u0107 niepotrzebnych trudno\u015bci.[\/vc_column_text][\/vc_column][vc_column width=&#8221;1\/2&#8243;][vc_column_text css_animation=&#8221;fadeInRight&#8221;]<strong>Pe\u0142na dokumentacja<\/strong>: Doskonale znamy lokalne wymogi prawne i zajmiemy si\u0119 wszystkimi niezb\u0119dnymi dokumentami, zw\u0142aszcza gdy chodzi o \u017cycie za granic\u0105. W zakres naszych us\u0142ug wchodz\u0105:<\/p>\n<p>&#8211; Uzyskanie <strong>NIE (Numeru Identyfikacji Obcokrajowca)<\/strong>.<\/p>\n<p>&#8211; <strong>Pe\u0142nomocnictwa<\/strong>.<\/p>\n<p>&#8211; Otwieranie <strong>konta bankowego<\/strong>.<\/p>\n<p>&#8211; <strong>Pomoc prawna<\/strong>.<\/p>\n<p>&#8211; <strong>T\u0142umaczenie<\/strong> dokument\u00f3w.<\/p>\n<p>&#8211; Umowy rezerwacyjne.<\/p>\n<p>&#8211; <strong>Zmiana nazwiska<\/strong> na rachunkach.[\/vc_column_text][\/vc_column][\/vc_row][vc_row disable_element=&#8221;yes&#8221;][vc_column][vc_single_image image=&#8221;36286&#8243; img_size=&#8221;full&#8221;][vc_column_text css_animation=&#8221;fadeInLeft&#8221; el_id=&#8221;texto1&#8243;]<span style=\"font-size: 14pt;\"><span style=\"color: #ffffff;\">Todo esto con una<\/span> <span style=\"font-size: 18pt; color: #000000;\">tarifa plana<\/span> <span style=\"color: #ffffff;\">que<\/span> <span style=\"color: #000000; font-size: 18pt;\">no pagar\u00e1s hasta haber encontrado tu propiedad.<\/span><span style=\"color: #ffffff;\"> Nuestra m\u00e1xima es hacer que encuentres tu nuevo hogar.<\/span><\/span><\/p>\n<p>&nbsp;<\/p>\n<p><span style=\"font-size: 14pt;\"><span style=\"color: #ffffff;\">Conoce a tu <\/span><span style=\"font-size: 18pt; color: #000000;\">Personal Shopper Inmobiliario<\/span><span style=\"color: #ffffff;\"> en Murcia con la garant\u00eda de Old Farmhouses.<\/span><\/span>[\/vc_column_text][vc_column_text css_animation=&#8221;fadeInLeft&#8221; el_id=&#8221;texto2&#8243;]<span style=\"font-size: 10pt; color: #000000;\"><span style=\"color: #ffffff;\">Todo esto con una<\/span> <span style=\"font-size: 12pt;\">tarifa plana<\/span> <span style=\"color: #ffffff;\">que<\/span> <span style=\"font-size: 12pt;\">no pagar\u00e1s hasta haber encontrado tu propieda<\/span>d. <span style=\"color: #ffffff;\">Nuestra m\u00e1xima es hacer que encuentres tu nuevo hogar.<\/span><\/span><\/p>\n<p><span style=\"font-size: 10pt; color: #000000;\"><span style=\"color: #ffffff;\">Conoce a tu <span style=\"color: #000000; font-size: 12pt;\">Personal<\/span><\/span> <span style=\"font-size: 12pt;\">Shopper Inmobiliario<\/span> <span style=\"color: #ffffff;\">en Murcia con la garant\u00eda de Old Farmhouses.<\/span><\/span>[\/vc_column_text][vc_column_text css_animation=&#8221;fadeInLeft&#8221; el_id=&#8221;texto3&#8243;]<span style=\"font-size: 8pt; color: #000000;\"><span style=\"color: #ffffff;\">Todo esto con una<\/span> <span style=\"font-size: 10pt;\">tarifa plana<\/span> <span style=\"color: #ffffff;\">que<\/span><span style=\"font-size: 10pt;\"> no pagar\u00e1s hasta haber encontrado tu propiedad.<\/span> <span style=\"color: #ffffff;\">Nuestra m\u00e1xima es hacer que encuentres tu nuevo hogar.<\/span><\/span><\/p>\n<p><span style=\"font-size: 8pt; color: #000000;\"><span style=\"color: #ffffff;\">Conoce a tu<span style=\"font-size: 10pt; color: #000000;\"> Personal<\/span><\/span><span style=\"font-size: 10pt;\"> Shopper Inmobiliario<\/span> <span style=\"color: #ffffff;\">en Murcia con la garant\u00eda de Old Farmhouses.<\/span><\/span>[\/vc_column_text][\/vc_column][\/vc_row][vc_row][vc_column width=&#8221;1\/2&#8243;][vc_video link=&#8221;https:\/\/www.youtube.com\/watch?v=_SLZPNiNeXI&amp;ab_channel=OldFarmhousesSpain&#8221;][\/vc_column][vc_column width=&#8221;1\/2&#8243;][vc_video link=&#8221;https:\/\/www.youtube.com\/watch?v=9dqoC-tHIDc&amp;ab_channel=OldFarmhousesSpain&#8221;][\/vc_column][\/vc_row][vc_row][vc_column][vc_column_text css_animation=&#8221;bounceInLeft&#8221;]<strong>Czy chcesz, aby\u015bmy pomogli Ci znale\u017a\u0107 idealny dom, korzystaj\u0105c z zalet osobistych zakup\u00f3w w nieruchomo\u015bciach? Powiedz nam jak si\u0119 z Tob\u0105 skontaktowa\u0107:<\/strong>[\/vc_column_text][\/vc_column][\/vc_row][vc_row][vc_column css_animation=&#8221;fadeInLeft&#8221; width=&#8221;2\/3&#8243;]\n<div class=\"wpcf7 no-js\" id=\"wpcf7-f39961-o1\" lang=\"es-ES\" dir=\"ltr\">\n<div class=\"screen-reader-response\"><p role=\"status\" aria-live=\"polite\" aria-atomic=\"true\"><\/p> <ul><\/ul><\/div>\n<form action=\"\/pl\/wp-json\/wp\/v2\/pages\/39963#wpcf7-f39961-o1\" method=\"post\" class=\"wpcf7-form init\" aria-label=\"Formulario de contacto\" novalidate=\"novalidate\" data-status=\"init\">\n<div style=\"display: none;\">\n<input type=\"hidden\" name=\"_wpcf7\" value=\"39961\" \/>\n<input type=\"hidden\" name=\"_wpcf7_version\" value=\"5.7.7\" \/>\n<input type=\"hidden\" name=\"_wpcf7_locale\" value=\"es_ES\" \/>\n<input type=\"hidden\" name=\"_wpcf7_unit_tag\" value=\"wpcf7-f39961-o1\" \/>\n<input type=\"hidden\" name=\"_wpcf7_container_post\" value=\"0\" \/>\n<input type=\"hidden\" name=\"_wpcf7_posted_data_hash\" value=\"\" \/>\n<input type=\"hidden\" name=\"_wpcf7_recaptcha_response\" value=\"\" \/>\n<\/div>\n<p><label> Imi\u0119 (wymagane)<br \/>\n<span class=\"wpcf7-form-control-wrap\" data-name=\"your-name\"><input size=\"40\" class=\"wpcf7-form-control wpcf7-text wpcf7-validates-as-required\" aria-required=\"true\" aria-invalid=\"false\" value=\"\" type=\"text\" name=\"your-name\" \/><\/span> <\/label>\n<\/p>\n<p><label> E-mail (wymagane)<br \/>\n<span class=\"wpcf7-form-control-wrap\" data-name=\"your-email\"><input size=\"40\" class=\"wpcf7-form-control wpcf7-text wpcf7-email wpcf7-validates-as-required wpcf7-validates-as-email\" aria-required=\"true\" aria-invalid=\"false\" value=\"\" type=\"email\" name=\"your-email\" \/><\/span> <\/label>\n<\/p>\n<p><label> Telefon (wymagane)<br \/>\n<span class=\"wpcf7-form-control-wrap\" data-name=\"phone\"><input size=\"40\" class=\"wpcf7-form-control wpcf7-text wpcf7-tel wpcf7-validates-as-required wpcf7-validates-as-tel\" aria-required=\"true\" aria-invalid=\"false\" value=\"\" type=\"tel\" name=\"phone\" \/><\/span> <\/label>\n<\/p>\n<p><label> Temat<br \/>\n<span class=\"wpcf7-form-control-wrap\" data-name=\"your-subject\"><input size=\"40\" class=\"wpcf7-form-control wpcf7-text\" aria-invalid=\"false\" value=\"\" type=\"text\" name=\"your-subject\" \/><\/span> <\/label>\n<\/p>\n<p><label> Wiadomo\u015b\u0107<br \/>\n<span class=\"wpcf7-form-control-wrap\" data-name=\"your-message\"><textarea cols=\"40\" rows=\"10\" class=\"wpcf7-form-control wpcf7-textarea\" aria-invalid=\"false\" name=\"your-message\"><\/textarea><\/span> <\/label>\n<\/p>\n<p><input class=\"wpcf7-form-control has-spinner wpcf7-submit\" type=\"submit\" value=\"Wys\u0142a\u0107\" \/>\n<\/p><div class=\"wpcf7-response-output\" aria-hidden=\"true\"><\/div>\n<\/form>\n<\/div>\n[\/vc_column][vc_column width=&#8221;1\/3&#8243;][vc_column_text css_animation=&#8221;fadeInRight&#8221;]<\/p>\n<h3>Napisz do nas ju\u017c dzi\u015b!<\/h3>\n<p>[\/vc_column_text][vc_column_text css_animation=&#8221;fadeInRight&#8221;]<\/p>\n<h4>Nasze Biuro<\/h4>\n<p>Avda. Balsicas 4 bajo<br \/>\n30709 Roldan, Murcia<br \/>\n<a href=\"tel:+34868701655\">Tel: +34 868 701 655<\/a><br \/>\n<a href=\"tel:+34623018292\">Tel: +34 623 018 292<\/a><br \/>\nfarmhouses@oldfarmhouses.es[\/vc_column_text][\/vc_column][\/vc_row]<\/p>\n<\/div>","protected":false},"excerpt":{"rendered":"<p>[vc_row][vc_column][vc_column_text css_animation=&#8221;fadeInLeft&#8221;] PERSONAL SHOPPER NIERUCHOMO\u015aCI [\/vc_column_text][\/vc_column][\/vc_row][vc_row][vc_column width=&#8221;1\/2&#8243;][vc_column_text css_animation=&#8221;fadeInLeft&#8221;]Personal Shopper w dziedzinie nieruchomo\u015bci to dedykowany doradca, strong&gt;kt\u00f3ry wspiera klienta na ka\u017cdym etapie procesu zakupu. Informuje o wszystkich procedurach prawnych, analizuje potrzeby klienta, wybiera najlepsze opcje i wyja\u015bnia ka\u017cdy szczeg\u00f3\u0142, by pom\u00f3c w podj\u0119ciu optymalnej decyzji. Dodatkowo, u\u0142atwia adaptacj\u0119 do nowego miejsca zamieszkania. Tw\u00f3j agent, zawsze przy Tobie W przeciwie\u0144stwie do innych us\u0142ug, Personal Shopper dzia\u0142a &#8230;<\/p>\n","protected":false},"author":2,"featured_media":0,"parent":0,"menu_order":0,"comment_status":"closed","ping_status":"closed","template":"","meta":{"footnotes":""},"acf":[],"_links":{"self":[{"href":"https:\/\/oldfarmhouses.es\/pl\/wp-json\/wp\/v2\/pages\/39963"}],"collection":[{"href":"https:\/\/oldfarmhouses.es\/pl\/wp-json\/wp\/v2\/pages"}],"about":[{"href":"https:\/\/oldfarmhouses.es\/pl\/wp-json\/wp\/v2\/types\/page"}],"author":[{"embeddable":true,"href":"https:\/\/oldfarmhouses.es\/pl\/wp-json\/wp\/v2\/users\/2"}],"replies":[{"embeddable":true,"href":"https:\/\/oldfarmhouses.es\/pl\/wp-json\/wp\/v2\/comments?post=39963"}],"version-history":[{"count":6,"href":"https:\/\/oldfarmhouses.es\/pl\/wp-json\/wp\/v2\/pages\/39963\/revisions"}],"predecessor-version":[{"id":39971,"href":"https:\/\/oldfarmhouses.es\/pl\/wp-json\/wp\/v2\/pages\/39963\/revisions\/39971"}],"wp:attachment":[{"href":"https:\/\/oldfarmhouses.es\/pl\/wp-json\/wp\/v2\/media?parent=39963"}],"curies":[{"name":"wp","href":"https:\/\/api.w.org\/{rel}","templated":true}]}}