{"id":39972,"date":"2024-11-15T09:29:18","date_gmt":"2024-11-15T08:29:18","guid":{"rendered":"https:\/\/oldfarmhouses.es\/?page_id=39972"},"modified":"2024-11-15T09:29:52","modified_gmt":"2024-11-15T08:29:52","slug":"valores","status":"publish","type":"page","link":"https:\/\/oldfarmhouses.es\/pl\/valores\/","title":{"rendered":"Valores"},"content":{"rendered":"<div class=\"wpb-content-wrapper\"><p>[vc_row][vc_column][vc_column_text]<\/p>\n<h2 style=\"font-weight: bold; color: #31312c; text-align: center;\"><span style=\"font-size: 50px; font-weight: 500; letter-spacing: -2px; color: #000000;\">Nasze <\/span><span style=\"font-size: 50px; font-weight: bold; color: #f2b745; letter-spacing: -2px;\">warto\u015bci<\/span><\/h2>\n<p>[\/vc_column_text][\/vc_column][\/vc_row][vc_row css=&#8221;.vc_custom_1578041908434{margin-top: 25px !important;}&#8221;][vc_column][vc_column_text]<\/p>\n<h3 style=\"font-weight: bold; color: #31312c; text-align: center;\"><span style=\"font-size: 40px; font-weight: bold; color: #f2b745; letter-spacing: -2px;\">Zobowi\u0105zania ,Cel a Warto\u015bci<\/span><\/h3>\n<p>[\/vc_column_text][\/vc_column][\/vc_row][vc_row][vc_column][vc_column_text]<strong>Nasze Zobowi\u0105zania<\/strong>\u00a0Jeste\u015bmy do\u015bwiadczonym zespo\u0142em specjalist\u00f3w w zarz\u0105dzaniu nieruchomo\u015bciami i kredytami hipotecznymi, a nasze do\u015bwiadczenie i profesjonalizm przyczyni\u0142y si\u0119 do zdobycia presti\u017cu w bran\u017cy. Nasz\u0105 misj\u0105 jest \u015bwiadczenie wysokiej jako\u015bci us\u0142ug, kt\u00f3re spe\u0142niaj\u0105 najwy\u017csze standardy i stanowi\u0105 fundament naszego biznesu, podnosz\u0105c presti\u017c naszej firmy.<\/p>\n<p>&nbsp;<\/p>\n<p><strong>Nasz Cel<\/strong>\u00a0D\u0105\u017cymy do zdobycia pozycji lidera w bran\u017cy nieruchomo\u015bci i kredyt\u00f3w hipotecznych, buduj\u0105c zaufanie na rynkach dzi\u0119ki marce o wysokiej renomie, kompetentnemu personelowi i sprawdzonym metodom pracy.<\/p>\n<p><strong>\u00a0<\/strong><\/p>\n<p><strong>Nasze Warto\u015bci<\/strong><\/p>\n<ul>\n<li><strong>Uczciwo\u015b\u0107.<\/strong><\/li>\n<\/ul>\n<p>Dzia\u0142amy w spos\u00f3b etyczny, otwarty i z szacunkiem dla wszystkich uczestnik\u00f3w bran\u017cy nieruchomo\u015bci. Naszym celem jest zdobycie zaufania klient\u00f3w, pracownik\u00f3w, akcjonariuszy i dostawc\u00f3w.<\/p>\n<ul>\n<li><strong>Duch zespo\u0142owy.<\/strong><\/li>\n<\/ul>\n<p>Nasi pracownicy wsp\u00f3\u0142pracuj\u0105 ze sob\u0105, by osi\u0105gn\u0105\u0107 wsp\u00f3lne cele zawodowe. Wzajemne wsparcie w zespole pozwala nam podnosi\u0107 jako\u015b\u0107 i efektywno\u015b\u0107 \u015bwiadczonych us\u0142ug.<\/p>\n<ul>\n<li><strong>Zaanga\u017cowanie w przysz\u0142o\u015b\u0107.<\/strong><\/li>\n<\/ul>\n<p>Bierzemy odpowiedzialno\u015b\u0107 za d\u0142ugotrwa\u0142y sukces firmy, dlatego podejmujemy dzia\u0142ania na rzecz jej stabilnego rozwoju i przysz\u0142o\u015bci.<\/p>\n<ul>\n<li><strong>Jako\u015b\u0107 us\u0142ug.<\/strong><\/li>\n<\/ul>\n<p>D\u0105\u017cymy do tego, by zapewnia\u0107 najwy\u017csz\u0105 jako\u015b\u0107 us\u0142ug. Oferujemy naszym klientom szerok\u0105 gam\u0119 rozwi\u0105za\u0144, a presti\u017c marki OFM opieramy na profesjonalizmie i skuteczno\u015bci. [\/vc_column_text][\/vc_column][\/vc_row]<\/p>\n<\/div>","protected":false},"excerpt":{"rendered":"<p>[vc_row][vc_column][vc_column_text] Nasze warto\u015bci [\/vc_column_text][\/vc_column][\/vc_row][vc_row css=&#8221;.vc_custom_1578041908434{margin-top: 25px !important;}&#8221;][vc_column][vc_column_text] Zobowi\u0105zania ,Cel a Warto\u015bci [\/vc_column_text][\/vc_column][\/vc_row][vc_row][vc_column][vc_column_text]Nasze Zobowi\u0105zania\u00a0Jeste\u015bmy do\u015bwiadczonym zespo\u0142em specjalist\u00f3w w zarz\u0105dzaniu nieruchomo\u015bciami i kredytami hipotecznymi, a nasze do\u015bwiadczenie i profesjonalizm przyczyni\u0142y si\u0119 do zdobycia presti\u017cu w bran\u017cy. Nasz\u0105 misj\u0105 jest \u015bwiadczenie wysokiej jako\u015bci us\u0142ug, kt\u00f3re spe\u0142niaj\u0105 najwy\u017csze standardy i stanowi\u0105 fundament naszego biznesu, podnosz\u0105c presti\u017c naszej firmy. &nbsp; Nasz Cel\u00a0D\u0105\u017cymy do zdobycia pozycji lidera w bran\u017cy nieruchomo\u015bci &#8230;<\/p>\n","protected":false},"author":2,"featured_media":0,"parent":0,"menu_order":0,"comment_status":"closed","ping_status":"closed","template":"","meta":{"footnotes":""},"acf":[],"_links":{"self":[{"href":"https:\/\/oldfarmhouses.es\/pl\/wp-json\/wp\/v2\/pages\/39972"}],"collection":[{"href":"https:\/\/oldfarmhouses.es\/pl\/wp-json\/wp\/v2\/pages"}],"about":[{"href":"https:\/\/oldfarmhouses.es\/pl\/wp-json\/wp\/v2\/types\/page"}],"author":[{"embeddable":true,"href":"https:\/\/oldfarmhouses.es\/pl\/wp-json\/wp\/v2\/users\/2"}],"replies":[{"embeddable":true,"href":"https:\/\/oldfarmhouses.es\/pl\/wp-json\/wp\/v2\/comments?post=39972"}],"version-history":[{"count":2,"href":"https:\/\/oldfarmhouses.es\/pl\/wp-json\/wp\/v2\/pages\/39972\/revisions"}],"predecessor-version":[{"id":39974,"href":"https:\/\/oldfarmhouses.es\/pl\/wp-json\/wp\/v2\/pages\/39972\/revisions\/39974"}],"wp:attachment":[{"href":"https:\/\/oldfarmhouses.es\/pl\/wp-json\/wp\/v2\/media?parent=39972"}],"curies":[{"name":"wp","href":"https:\/\/api.w.org\/{rel}","templated":true}]}}