{"id":40058,"date":"2024-12-02T16:24:01","date_gmt":"2024-12-02T15:24:01","guid":{"rendered":"https:\/\/oldfarmhouses.es\/?page_id=40058"},"modified":"2024-12-03T10:42:40","modified_gmt":"2024-12-03T09:42:40","slug":"home","status":"publish","type":"page","link":"https:\/\/oldfarmhouses.es\/pt\/","title":{"rendered":"Home"},"content":{"rendered":"<div class=\"wpb-content-wrapper\"><p>[vc_row][vc_column][vc_column_text css=&#8221;.vc_custom_1655378803370{margin-top: -250px !important;}&#8221;][BAmbos KUBE][\/vc_column_text][\/vc_column][\/vc_row][vc_row css=&#8221;.vc_custom_1655378923073{margin-top: 40px !important;}&#8221;][vc_column][vc_single_image image=&#8221;39856&#8243; img_size=&#8221;full&#8221; alignment=&#8221;center&#8221; onclick=&#8221;custom_link&#8221; link=&#8221;https:\/\/oldfarmhouses.es\/propiedad\/villas-el-alba-residencial-mediterraneo-18981892\/&#8221;][\/vc_column][\/vc_row][vc_row full_width=&#8221;stretch_row&#8221; type=&#8221;in_container&#8221; full_screen_row_position=&#8221;middle&#8221; column_margin=&#8221;default&#8221; scene_position=&#8221;center&#8221; text_color=&#8221;dark&#8221; text_align=&#8221;left&#8221; overlay_strength=&#8221;0.3&#8243; shape_divider_position=&#8221;bottom&#8221; bg_image_animation=&#8221;none&#8221; css=&#8221;.vc_custom_1501066072255{padding-bottom: 60px !important;background-color: #ffffff !important;}&#8221;][vc_column column_padding=&#8221;no-extra-padding&#8221; column_padding_position=&#8221;all&#8221; background_color_opacity=&#8221;1&#8243; background_hover_color_opacity=&#8221;1&#8243; column_link_target=&#8221;_self&#8221; column_shadow=&#8221;none&#8221; column_border_radius=&#8221;none&#8221; tablet_width_inherit=&#8221;default&#8221; tablet_text_alignment=&#8221;default&#8221; phone_text_alignment=&#8221;default&#8221; overlay_strength=&#8221;0.3&#8243; column_border_width=&#8221;none&#8221; column_border_style=&#8221;solid&#8221; bg_image_animation=&#8221;none&#8221;][vc_row_inner text_align=&#8221;left&#8221; column_margin=&#8221;default&#8221;][vc_column_inner width=&#8221;1\/6&#8243; column_padding=&#8221;no-extra-padding&#8221; column_padding_position=&#8221;all&#8221; background_color_opacity=&#8221;1&#8243; background_hover_color_opacity=&#8221;1&#8243; column_shadow=&#8221;none&#8221; column_border_radius=&#8221;none&#8221; column_link_target=&#8221;_self&#8221; tablet_width_inherit=&#8221;default&#8221; overlay_strength=&#8221;0.3&#8243; column_border_width=&#8221;none&#8221; column_border_style=&#8221;solid&#8221; bg_image_animation=&#8221;none&#8221;][\/vc_column_inner][vc_column_inner width=&#8221;2\/3&#8243; column_padding=&#8221;no-extra-padding&#8221; column_padding_position=&#8221;all&#8221; background_color_opacity=&#8221;1&#8243; background_hover_color_opacity=&#8221;1&#8243; column_shadow=&#8221;none&#8221; column_border_radius=&#8221;none&#8221; column_link_target=&#8221;_self&#8221; tablet_width_inherit=&#8221;default&#8221; overlay_strength=&#8221;0.3&#8243; column_border_width=&#8221;none&#8221; column_border_style=&#8221;solid&#8221; bg_image_animation=&#8221;none&#8221;][vc_column_text css_animation=&#8221;bottom-to-top&#8221; css=&#8221;.vc_custom_1732874335906{padding-top: 40px !important;padding-bottom: 40px !important;}&#8221;]<\/p>\n<h1 style=\"font-weight: bold; color: #31312c; text-align: center;\"><span style=\"font-size: 50px; font-weight: 300; letter-spacing: -2px; color: #000000;\">Propriedades com <\/span><span style=\"font-size: 50px; font-weight: bold; color: #f2b745; letter-spacing: -2px;\">encanto<\/span><\/h1>\n<p>[\/vc_column_text][\/vc_column_inner][vc_column_inner width=&#8221;1\/6&#8243; column_padding=&#8221;no-extra-padding&#8221; column_padding_position=&#8221;all&#8221; background_color_opacity=&#8221;1&#8243; background_hover_color_opacity=&#8221;1&#8243; column_shadow=&#8221;none&#8221; column_border_radius=&#8221;none&#8221; column_link_target=&#8221;_self&#8221; tablet_width_inherit=&#8221;default&#8221; overlay_strength=&#8221;0.3&#8243; column_border_width=&#8221;none&#8221; column_border_style=&#8221;solid&#8221; bg_image_animation=&#8221;none&#8221;][\/vc_column_inner][\/vc_row_inner][vc_row_inner][vc_column_inner][vc_column_text][Destacadas KUBE][\/vc_column_text][\/vc_column_inner][\/vc_row_inner][\/vc_column][\/vc_row][vc_row full_width=&#8221;stretch_row&#8221; equal_height=&#8221;yes&#8221; content_placement=&#8221;middle&#8221; bg_type=&#8221;image&#8221; parallax_style=&#8221;vcpb-default&#8221; bg_image_new=&#8221;id^35335|url^https:\/\/oldfarmhouses.es\/wp-content\/uploads\/2020\/01\/banner-home.jpg|caption^null|alt^null|title^banner-home|description^null&#8221; bg_image_repeat=&#8221;no-repeat&#8221; bg_image_posiiton=&#8221;40% 50%&#8221; enable_overlay=&#8221;enable_overlay_value&#8221; overlay_color=&#8221;#0a0a0a&#8221; overlay_pattern_opacity=&#8221;45&#8243; overlay_pattern_size=&#8221;500&#8243; type=&#8221;full_width_background&#8221; full_screen_row_position=&#8221;middle&#8221; column_margin=&#8221;default&#8221; bg_image=&#8221;19388&#8243; bg_position=&#8221;center center&#8221; bg_repeat=&#8221;no-repeat&#8221; bg_color=&#8221;#eaeaea&#8221; scene_position=&#8221;center&#8221; text_color=&#8221;dark&#8221; text_align=&#8221;left&#8221; enable_gradient=&#8221;true&#8221; color_overlay=&#8221;#dddddd&#8221; color_overlay_2=&#8221;#aaaaaa&#8221; gradient_direction=&#8221;top_to_bottom&#8221; overlay_strength=&#8221;0.5&#8243; shape_divider_position=&#8221;bottom&#8221; bg_image_animation=&#8221;none&#8221; css=&#8221;.vc_custom_1578583447798{border-top-width: 5px !important;background-position: center !important;background-repeat: no-repeat !important;background-size: contain !important;border-top-color: #f2b745 !important;border-top-style: solid !important;}&#8221; shape_type=&#8221;&#8221;][vc_column column_padding=&#8221;no-extra-padding&#8221; column_padding_position=&#8221;all&#8221; background_color_opacity=&#8221;1&#8243; background_hover_color_opacity=&#8221;1&#8243; column_link_target=&#8221;_self&#8221; column_shadow=&#8221;none&#8221; column_border_radius=&#8221;none&#8221; top_margin=&#8221;65&#8243; bottom_margin=&#8221;65&#8243; tablet_width_inherit=&#8221;default&#8221; tablet_text_alignment=&#8221;default&#8221; phone_text_alignment=&#8221;default&#8221; overlay_strength=&#8221;0.3&#8243; column_border_width=&#8221;none&#8221; column_border_style=&#8221;solid&#8221; bg_image_animation=&#8221;none&#8221; css=&#8221;.vc_custom_1560961247466{padding-top: 75px !important;padding-bottom: 75px !important;}&#8221;][vc_column_text css=&#8221;.vc_custom_1733218954790{margin-bottom: 15px !important;}&#8221;]<\/p>\n<p style=\"text-align: center;\"><span style=\"text-align: center; font-size: 50px; font-weight: bold; color: #f2b745; letter-spacing: -2px;\">Empressa<\/span><\/p>\n<p>[\/vc_column_text][vc_column_text css=&#8221;.vc_custom_1576682530236{margin-top: 0px !important;margin-bottom: 15px !important;padding-top: 0px !important;padding-bottom: 0px !important;}&#8221;]<\/p>\n<p style=\"text-align: center;\"><span style=\"color: #ffffff; font-size: 23px;\"><strong>OLD FARMHOUSES<\/strong><\/span><\/p>\n<p>[\/vc_column_text][vc_column_text]<\/p>\n<p style=\"text-align: center;\"><span style=\"color: #ffffff; font-size: 16px;\">Somos uma empresa de consultoria imobili\u00e1ria dedicada \u00e0 gest\u00e3o comercial, marketing imobili\u00e1rio e intermedia\u00e7\u00e3o na compra, venda e arrendamento de im\u00f3veis a n\u00edvel nacional e internacional. O nosso principal objetivo \u00e9 cobrir todas as necessidades imobili\u00e1rias dos nossos clientes, tanto compradores como vendedores, raz\u00e3o pela qual contamos com os melhores profissionais com forma\u00e7\u00e3o multidisciplinar e mais de vinte anos de experi\u00eancia no sector.<\/span><\/p>\n<p>[\/vc_column_text][\/vc_column][vc_column][\/vc_column][\/vc_row][vc_row full_width=&#8221;stretch_row_content_no_spaces&#8221; disable_element=&#8221;yes&#8221; type=&#8221;in_container&#8221; full_screen_row_position=&#8221;middle&#8221; column_margin=&#8221;default&#8221; scene_position=&#8221;center&#8221; text_color=&#8221;dark&#8221; text_align=&#8221;left&#8221; overlay_strength=&#8221;0.3&#8243; shape_divider_position=&#8221;bottom&#8221; bg_image_animation=&#8221;none&#8221; css=&#8221;.vc_custom_1578992320032{padding-bottom: 60px !important;background-color: #ffffff !important;}&#8221; el_id=&#8221;primerRow&#8221;][vc_column column_padding=&#8221;no-extra-padding&#8221; column_padding_position=&#8221;all&#8221; background_color_opacity=&#8221;1&#8243; background_hover_color_opacity=&#8221;1&#8243; column_link_target=&#8221;_self&#8221; column_shadow=&#8221;none&#8221; column_border_radius=&#8221;none&#8221; tablet_width_inherit=&#8221;default&#8221; tablet_text_alignment=&#8221;default&#8221; phone_text_alignment=&#8221;default&#8221; overlay_strength=&#8221;0.3&#8243; column_border_width=&#8221;none&#8221; column_border_style=&#8221;solid&#8221; bg_image_animation=&#8221;none&#8221;][vc_column_text css_animation=&#8221;bottom-to-top&#8221; css=&#8221;.vc_custom_1573493233735{padding-top: 40px !important;padding-bottom: 40px !important;}&#8221;]<\/p>\n<h2 style=\"font-weight: bold; color: #31312c; text-align: center;\"><span style=\"font-size: 50px; font-weight: 300; letter-spacing: -2px; color: #000000;\">Promociones <\/span><span style=\"font-size: 50px; font-weight: bold; color: #f2b745; letter-spacing: -2px;\">Obra Nueva<\/span><\/h2>\n<p style=\"text-align: center; font-size: 18px; font-weight: 300;\">Descubre nuestras promociones de obra nueva<\/p>\n<p>[\/vc_column_text][\/vc_column][\/vc_row][vc_row type=&#8221;in_container&#8221; full_screen_row_position=&#8221;middle&#8221; column_margin=&#8221;default&#8221; scene_position=&#8221;center&#8221; text_color=&#8221;dark&#8221; text_align=&#8221;left&#8221; overlay_strength=&#8221;0.3&#8243; shape_divider_position=&#8221;bottom&#8221; bg_image_animation=&#8221;none&#8221;][vc_column column_padding=&#8221;no-extra-padding&#8221; column_padding_position=&#8221;all&#8221; background_color_opacity=&#8221;1&#8243; background_hover_color_opacity=&#8221;1&#8243; column_link_target=&#8221;_self&#8221; column_shadow=&#8221;none&#8221; column_border_radius=&#8221;none&#8221; tablet_width_inherit=&#8221;default&#8221; tablet_text_alignment=&#8221;default&#8221; phone_text_alignment=&#8221;default&#8221; overlay_strength=&#8221;0.3&#8243; column_border_width=&#8221;none&#8221; column_border_style=&#8221;solid&#8221; bg_image_animation=&#8221;none&#8221;][vc_column_text css_animation=&#8221;bottom-to-top&#8221; css=&#8221;.vc_custom_1732874650696{padding-top: 40px !important;padding-bottom: 40px !important;}&#8221;]<\/p>\n<h2 style=\"font-weight: bold; color: #31312c; text-align: center;\"><span style=\"font-size: 50px; font-weight: bold; color: #f2b745; letter-spacing: -2px;\">Novas <\/span> <span style=\"font-size: 50px; font-weight: 300; letter-spacing: -2px; color: #000000;\"> propriedades<\/span><\/h2>\n<p>[\/vc_column_text][vc_column_text][Nuevas KUBE][\/vc_column_text][vc_raw_html]JTNDJTJGZGl2JTNF[\/vc_raw_html][\/vc_column][\/vc_row]<\/p>\n<\/div>","protected":false},"excerpt":{"rendered":"<p>[vc_row][vc_column][vc_column_text css=&#8221;.vc_custom_1655378803370{margin-top: -250px !important;}&#8221;][BAmbos KUBE][\/vc_column_text][\/vc_column][\/vc_row][vc_row css=&#8221;.vc_custom_1655378923073{margin-top: 40px !important;}&#8221;][vc_column][vc_single_image image=&#8221;39856&#8243; img_size=&#8221;full&#8221; alignment=&#8221;center&#8221; onclick=&#8221;custom_link&#8221; link=&#8221;https:\/\/oldfarmhouses.es\/propiedad\/villas-el-alba-residencial-mediterraneo-18981892\/&#8221;][\/vc_column][\/vc_row][vc_row full_width=&#8221;stretch_row&#8221; type=&#8221;in_container&#8221; full_screen_row_position=&#8221;middle&#8221; column_margin=&#8221;default&#8221; scene_position=&#8221;center&#8221; text_color=&#8221;dark&#8221; text_align=&#8221;left&#8221; overlay_strength=&#8221;0.3&#8243; shape_divider_position=&#8221;bottom&#8221; bg_image_animation=&#8221;none&#8221; css=&#8221;.vc_custom_1501066072255{padding-bottom: 60px !important;background-color: #ffffff !important;}&#8221;][vc_column column_padding=&#8221;no-extra-padding&#8221; column_padding_position=&#8221;all&#8221; background_color_opacity=&#8221;1&#8243; background_hover_color_opacity=&#8221;1&#8243; column_link_target=&#8221;_self&#8221; column_shadow=&#8221;none&#8221; column_border_radius=&#8221;none&#8221; tablet_width_inherit=&#8221;default&#8221; tablet_text_alignment=&#8221;default&#8221; phone_text_alignment=&#8221;default&#8221; overlay_strength=&#8221;0.3&#8243; column_border_width=&#8221;none&#8221; column_border_style=&#8221;solid&#8221; bg_image_animation=&#8221;none&#8221;][vc_row_inner text_align=&#8221;left&#8221; column_margin=&#8221;default&#8221;][vc_column_inner width=&#8221;1\/6&#8243; column_padding=&#8221;no-extra-padding&#8221; column_padding_position=&#8221;all&#8221; background_color_opacity=&#8221;1&#8243; background_hover_color_opacity=&#8221;1&#8243; column_shadow=&#8221;none&#8221; column_border_radius=&#8221;none&#8221; column_link_target=&#8221;_self&#8221; tablet_width_inherit=&#8221;default&#8221; overlay_strength=&#8221;0.3&#8243; column_border_width=&#8221;none&#8221; column_border_style=&#8221;solid&#8221; bg_image_animation=&#8221;none&#8221;][\/vc_column_inner][vc_column_inner width=&#8221;2\/3&#8243; column_padding=&#8221;no-extra-padding&#8221; column_padding_position=&#8221;all&#8221; background_color_opacity=&#8221;1&#8243; background_hover_color_opacity=&#8221;1&#8243; column_shadow=&#8221;none&#8221; column_border_radius=&#8221;none&#8221; &#8230;<\/p>\n","protected":false},"author":2,"featured_media":0,"parent":0,"menu_order":0,"comment_status":"closed","ping_status":"closed","template":"","meta":{"footnotes":""},"acf":[],"_links":{"self":[{"href":"https:\/\/oldfarmhouses.es\/pt\/wp-json\/wp\/v2\/pages\/40058"}],"collection":[{"href":"https:\/\/oldfarmhouses.es\/pt\/wp-json\/wp\/v2\/pages"}],"about":[{"href":"https:\/\/oldfarmhouses.es\/pt\/wp-json\/wp\/v2\/types\/page"}],"author":[{"embeddable":true,"href":"https:\/\/oldfarmhouses.es\/pt\/wp-json\/wp\/v2\/users\/2"}],"replies":[{"embeddable":true,"href":"https:\/\/oldfarmhouses.es\/pt\/wp-json\/wp\/v2\/comments?post=40058"}],"version-history":[{"count":2,"href":"https:\/\/oldfarmhouses.es\/pt\/wp-json\/wp\/v2\/pages\/40058\/revisions"}],"predecessor-version":[{"id":40086,"href":"https:\/\/oldfarmhouses.es\/pt\/wp-json\/wp\/v2\/pages\/40058\/revisions\/40086"}],"wp:attachment":[{"href":"https:\/\/oldfarmhouses.es\/pt\/wp-json\/wp\/v2\/media?parent=40058"}],"curies":[{"name":"wp","href":"https:\/\/api.w.org\/{rel}","templated":true}]}}