{"id":40065,"date":"2024-12-02T16:29:01","date_gmt":"2024-12-02T15:29:01","guid":{"rendered":"https:\/\/oldfarmhouses.es\/?page_id=40065"},"modified":"2024-12-02T16:29:01","modified_gmt":"2024-12-02T15:29:01","slug":"personal-shopper-imobiliario","status":"publish","type":"page","link":"https:\/\/oldfarmhouses.es\/pt\/personal-shopper-imobiliario\/","title":{"rendered":"Personal shopper imobili\u00e1rio"},"content":{"rendered":"<div class=\"wpb-content-wrapper\"><p>[vc_row][vc_column][vc_column_text css_animation=&#8221;fadeInLeft&#8221;]<\/p>\n<h2 style=\"font-weight: bold; color: #31312c; text-align: left;\"><span style=\"font-size: 50px; font-weight: 500; letter-spacing: -2px; color: #000000;\">PERSONAL SHOPPER<br \/>\n<\/span><span style=\"font-size: 50px; font-weight: bold; color: #f2b745; letter-spacing: -2px;\">IMOBILI\u00c1RIO<\/span><\/h2>\n<p>[\/vc_column_text][\/vc_column][\/vc_row][vc_row][vc_column width=&#8221;1\/2&#8243;][vc_column_text css_animation=&#8221;fadeInLeft&#8221;]Um <strong>Personal Shopper Imobili\u00e1rio<\/strong> \u00e9 um <strong>profissional<\/strong> consultivo que <strong>acompanha o cliente<\/strong> durante todo o processo de compra. Ele informa sobre todos os procedimentos legais necess\u00e1rios, encontra <strong>a melhor op\u00e7\u00e3o<\/strong> de acordo com as <strong>prefer\u00eancias do cliente<\/strong> e encarrega-se de traduzir e explicar todas as etapas, para que o cliente compreenda todos os detalhes. Al\u00e9m disso, ajuda na instala\u00e7\u00e3o na nova resid\u00eancia.<\/p>\n<h2><span style=\"font-size: 12pt;\"><strong>N\u00e3o o deixamos de lado: Agente do comprador<\/strong><\/span><\/h2>\n<p>Ao contr\u00e1rio de outros servi\u00e7os, o papel do <strong>Personal Shopper Imobili\u00e1rio<\/strong> \u00e9 <strong>proteger o cliente<\/strong>. O comprador precisa de assist\u00eancia constante, pois a compra de um im\u00f3vel \u00e9 uma decis\u00e3o muito importante.N\u00f3s cuidamos de proteger os seus <strong>interesses<\/strong>. N\u00e3o nos limitamos a ajudar o vendedor; ambos, comprador e vendedor, s\u00e3o cruciais em qualquer opera\u00e7\u00e3o.<\/p>\n<p>Na <a href=\"https:\/\/oldfarmhouses.es\/pt-pt\/\"><strong>Old Farmhouses<\/strong><\/a> reunimos as tr\u00eas fun\u00e7\u00f5es (comprador, intermedi\u00e1rio e vendedor) para oferecer aos nossos clientes um servi\u00e7o mais completo.[\/vc_column_text][\/vc_column][vc_column width=&#8221;1\/2&#8243;][vc_single_image image=&#8221;36271&#8243; img_size=&#8221;full&#8221; alignment=&#8221;center&#8221; css_animation=&#8221;fadeInRight&#8221;][\/vc_column][\/vc_row][vc_row][vc_column][vc_column_text css_animation=&#8221;fadeInLeft&#8221;]<\/p>\n<h2><strong>Vantagens de contratar um Personal Shopper Imobili\u00e1rio<\/strong><\/h2>\n<p>Poder\u00e1 receber quantas fotografias forem necess\u00e1rias, usufruir de <strong>visitas virtuais <\/strong> e obter uma <strong>lista de vantagens e desvantagens de cada im\u00f3vel<\/strong>, gra\u00e7as \u00e0 nossa vasta experi\u00eancia. Al\u00e9m disso, oferecemos:[\/vc_column_text][\/vc_column][\/vc_row][vc_row][vc_column width=&#8221;1\/2&#8243;][vc_column_text css_animation=&#8221;fadeInLeft&#8221;]<strong>Te Orienta\u00e7\u00e3o<\/strong>: Identificamos as suas necessidades e encontramos a solu\u00e7\u00e3o que melhor se adapta a si.<\/p>\n<p><strong>Assist\u00eancia<\/strong>: Acompanhamos todo o processo de pesquisa e compra. Escutamo-lo constantemente, apresentamos v\u00e1rias op\u00e7\u00f5es e analisamos a melhor para si.<\/p>\n<p><strong>Poupan\u00e7a de dinheiro<\/strong>: Pode negociar o pre\u00e7o do im\u00f3vel, evitar desloca\u00e7\u00f5es desnecess\u00e1rias para encontrar a propriedade e deixar de se preocupar com os procedimentos legais. N\u00e3o precisa de estar fisicamente presente, pois o Personal Shopper trata de tudo.<\/p>\n<p><strong>Poupan\u00e7a de tempo<\/strong>: A compra de um im\u00f3vel n\u00e3o \u00e9 apenas uma das decis\u00f5es mais importantes da vida, mas tamb\u00e9m exige muito tempo e pode ser stressante. O Personal Shopper poupa-lhe esse desconforto, tratando das gest\u00f5es e procedimentos por si.[\/vc_column_text][\/vc_column][vc_column width=&#8221;1\/2&#8243;][vc_column_text css_animation=&#8221;fadeInRight&#8221;]<strong>\u00c9 imprescind\u00edvel conhecer os documentos exigidos<\/strong>: Para a compra de um im\u00f3vel, especialmente se for mudar-se para outro pa\u00eds. Com o Personal Shopper, n\u00e3o ter\u00e1 de se preocupar. N\u00f3s tratamos de:<\/p>\n<p>&#8211; Obten\u00e7\u00e3o do <strong>NIE<\/strong>.<\/p>\n<p>&#8211; <strong>Procura\u00e7\u00e3o<\/strong>.<\/p>\n<p>&#8211; <strong>Abertura de conta banc\u00e1ria em Espanha.<\/strong>.<\/p>\n<p>&#8211; <strong>Gest\u00e3o legal<\/strong>.<\/p>\n<p>&#8211; <strong>Tradu\u00e7\u00e3o<\/strong> de contratos e documentos.<\/p>\n<p>&#8211; Contrato de sinal (<strong>ARRAS<\/strong>).<\/p>\n<p>&#8211; <strong>Altera\u00e7\u00e3o de titularidade<\/strong> nas faturas.[\/vc_column_text][\/vc_column][\/vc_row][vc_row disable_element=&#8221;yes&#8221;][vc_column][vc_single_image image=&#8221;36286&#8243; img_size=&#8221;full&#8221;][vc_column_text css_animation=&#8221;fadeInLeft&#8221; el_id=&#8221;texto1&#8243;]<span style=\"font-size: 14pt;\"><span style=\"color: #ffffff;\">Todo esto con una<\/span> <span style=\"font-size: 18pt; color: #000000;\">tarifa plana<\/span> <span style=\"color: #ffffff;\">que<\/span> <span style=\"color: #000000; font-size: 18pt;\">no pagar\u00e1s hasta haber encontrado tu propiedad.<\/span><span style=\"color: #ffffff;\"> Nuestra m\u00e1xima es hacer que encuentres tu nuevo hogar.<\/span><\/span><\/p>\n<p>&nbsp;<\/p>\n<p><span style=\"font-size: 14pt;\"><span style=\"color: #ffffff;\">Conoce a tu <\/span><span style=\"font-size: 18pt; color: #000000;\">Personal Shopper Inmobiliario<\/span><span style=\"color: #ffffff;\"> en Murcia con la garant\u00eda de Old Farmhouses.<\/span><\/span>[\/vc_column_text][vc_column_text css_animation=&#8221;fadeInLeft&#8221; el_id=&#8221;texto2&#8243;]<span style=\"font-size: 10pt; color: #000000;\"><span style=\"color: #ffffff;\">Todo esto con una<\/span> <span style=\"font-size: 12pt;\">tarifa plana<\/span> <span style=\"color: #ffffff;\">que<\/span> <span style=\"font-size: 12pt;\">no pagar\u00e1s hasta haber encontrado tu propieda<\/span>d. <span style=\"color: #ffffff;\">Nuestra m\u00e1xima es hacer que encuentres tu nuevo hogar.<\/span><\/span><\/p>\n<p><span style=\"font-size: 10pt; color: #000000;\"><span style=\"color: #ffffff;\">Conoce a tu <span style=\"color: #000000; font-size: 12pt;\">Personal<\/span><\/span> <span style=\"font-size: 12pt;\">Shopper Inmobiliario<\/span> <span style=\"color: #ffffff;\">en Murcia con la garant\u00eda de Old Farmhouses.<\/span><\/span>[\/vc_column_text][vc_column_text css_animation=&#8221;fadeInLeft&#8221; el_id=&#8221;texto3&#8243;]<span style=\"font-size: 8pt; color: #000000;\"><span style=\"color: #ffffff;\">Todo esto con una<\/span> <span style=\"font-size: 10pt;\">tarifa plana<\/span> <span style=\"color: #ffffff;\">que<\/span><span style=\"font-size: 10pt;\"> no pagar\u00e1s hasta haber encontrado tu propiedad.<\/span> <span style=\"color: #ffffff;\">Nuestra m\u00e1xima es hacer que encuentres tu nuevo hogar.<\/span><\/span><\/p>\n<p><span style=\"font-size: 8pt; color: #000000;\"><span style=\"color: #ffffff;\">Conoce a tu<span style=\"font-size: 10pt; color: #000000;\"> Personal<\/span><\/span><span style=\"font-size: 10pt;\"> Shopper Inmobiliario<\/span> <span style=\"color: #ffffff;\">en Murcia con la garant\u00eda de Old Farmhouses.<\/span><\/span>[\/vc_column_text][\/vc_column][\/vc_row][vc_row disable_element=&#8221;yes&#8221;][vc_column width=&#8221;1\/2&#8243;][vc_video link=&#8221;https:\/\/www.youtube.com\/watch?v=_SLZPNiNeXI&amp;ab_channel=OldFarmhousesSpain&#8221;][\/vc_column][vc_column width=&#8221;1\/2&#8243;][vc_video link=&#8221;https:\/\/www.youtube.com\/watch?v=9dqoC-tHIDc&amp;ab_channel=OldFarmhousesSpain&#8221;][\/vc_column][\/vc_row][vc_row][vc_column][vc_column_text css_animation=&#8221;bounceInLeft&#8221;]<strong>Quer que o ajudemos a encontrar a sua casa ideal com as vantagens da compra de bens pessoais? Diga-nos como entrar em contacto consigo:<\/strong>[\/vc_column_text][\/vc_column][\/vc_row][vc_row][vc_column css_animation=&#8221;fadeInLeft&#8221; width=&#8221;2\/3&#8243;]\n<div class=\"wpcf7 no-js\" id=\"wpcf7-f40004-o1\" lang=\"es-ES\" dir=\"ltr\">\n<div class=\"screen-reader-response\"><p role=\"status\" aria-live=\"polite\" aria-atomic=\"true\"><\/p> <ul><\/ul><\/div>\n<form action=\"\/pt\/wp-json\/wp\/v2\/pages\/40065#wpcf7-f40004-o1\" method=\"post\" class=\"wpcf7-form init\" aria-label=\"Contact form\" novalidate=\"novalidate\" data-status=\"init\">\n<div style=\"display: none;\">\n<input type=\"hidden\" name=\"_wpcf7\" value=\"40004\" \/>\n<input type=\"hidden\" name=\"_wpcf7_version\" value=\"5.7.7\" \/>\n<input type=\"hidden\" name=\"_wpcf7_locale\" value=\"es_ES\" \/>\n<input type=\"hidden\" name=\"_wpcf7_unit_tag\" value=\"wpcf7-f40004-o1\" \/>\n<input type=\"hidden\" name=\"_wpcf7_container_post\" value=\"0\" \/>\n<input type=\"hidden\" name=\"_wpcf7_posted_data_hash\" value=\"\" \/>\n<input type=\"hidden\" name=\"_wpcf7_recaptcha_response\" value=\"\" \/>\n<\/div>\n<p><label> Nome (obrigat\u00f3rio)<br \/>\n<span class=\"wpcf7-form-control-wrap\" data-name=\"your-name\"><input size=\"40\" class=\"wpcf7-form-control wpcf7-text wpcf7-validates-as-required\" aria-required=\"true\" aria-invalid=\"false\" value=\"\" type=\"text\" name=\"your-name\" \/><\/span> <\/label>\n<\/p>\n<p><label> Email (obrigat\u00f3rio)<br \/>\n<span class=\"wpcf7-form-control-wrap\" data-name=\"your-email\"><input size=\"40\" class=\"wpcf7-form-control wpcf7-text wpcf7-email wpcf7-validates-as-required wpcf7-validates-as-email\" aria-required=\"true\" aria-invalid=\"false\" value=\"\" type=\"email\" name=\"your-email\" \/><\/span> <\/label>\n<\/p>\n<p><label> Telefone (obrigat\u00f3rio)<br \/>\n<span class=\"wpcf7-form-control-wrap\" data-name=\"phone\"><input size=\"40\" class=\"wpcf7-form-control wpcf7-text wpcf7-tel wpcf7-validates-as-required wpcf7-validates-as-tel\" aria-required=\"true\" aria-invalid=\"false\" value=\"\" type=\"tel\" name=\"phone\" \/><\/span> <\/label>\n<\/p>\n<p><label> Assunto<br \/>\n<span class=\"wpcf7-form-control-wrap\" data-name=\"your-subject\"><input size=\"40\" class=\"wpcf7-form-control wpcf7-text\" aria-invalid=\"false\" value=\"\" type=\"text\" name=\"your-subject\" \/><\/span> <\/label>\n<\/p>\n<p><label> Mensagem<br \/>\n<span class=\"wpcf7-form-control-wrap\" data-name=\"your-message\"><textarea cols=\"40\" rows=\"10\" class=\"wpcf7-form-control wpcf7-textarea\" aria-invalid=\"false\" name=\"your-message\"><\/textarea><\/span> <\/label>\n<\/p>\n<p><input class=\"wpcf7-form-control has-spinner wpcf7-submit\" type=\"submit\" value=\"Enviar\" \/>\n<\/p><div class=\"wpcf7-response-output\" aria-hidden=\"true\"><\/div>\n<\/form>\n<\/div>\n[\/vc_column][vc_column width=&#8221;1\/3&#8243;][vc_column_text css_animation=&#8221;fadeInRight&#8221;]<\/p>\n<h3>Contacto<\/h3>\n<p>[\/vc_column_text][vc_column_text css_animation=&#8221;fadeInRight&#8221;]<\/p>\n<h4>Escrit\u00f3rio central<\/h4>\n<p>Avda. Balsicas 4, bajo<br \/>\n30709 Rold\u00e1n, M\u00farcia<br \/>\n<a href=\"tel:+34868701655\">Tel: +34 868 701 655<\/a><br \/>\n<a href=\"tel:+34623018292\">Tel: +34 623 018 292<\/a><br \/>\nfarmhouses@oldfarmhouses.es[\/vc_column_text][vc_separator][vc_column_text css_animation=&#8221;fadeInRight&#8221;]<\/p>\n<h4>Oficina Central<\/h4>\n<p>Avda. Balsicas 4 bajo<br \/>\n30709 Roldan, Murcia<br \/>\n<a href=\"tel:+34868701655\">Tel: +34 868 701 655<\/a><br \/>\n<a href=\"tel:+34623018292\">Tel: +34 623 018 292<\/a><br \/>\nfarmhouses@oldfarmhouses.es[\/vc_column_text][vc_separator][\/vc_column][\/vc_row]<\/p>\n<\/div>","protected":false},"excerpt":{"rendered":"<p>[vc_row][vc_column][vc_column_text css_animation=&#8221;fadeInLeft&#8221;] PERSONAL SHOPPER IMOBILI\u00c1RIO [\/vc_column_text][\/vc_column][\/vc_row][vc_row][vc_column width=&#8221;1\/2&#8243;][vc_column_text css_animation=&#8221;fadeInLeft&#8221;]Um Personal Shopper Imobili\u00e1rio \u00e9 um profissional consultivo que acompanha o cliente durante todo o processo de compra. Ele informa sobre todos os procedimentos legais necess\u00e1rios, encontra a melhor op\u00e7\u00e3o de acordo com as prefer\u00eancias do cliente e encarrega-se de traduzir e explicar todas as etapas, para que o cliente compreenda todos os detalhes. Al\u00e9m disso, ajuda &#8230;<\/p>\n","protected":false},"author":2,"featured_media":0,"parent":0,"menu_order":0,"comment_status":"closed","ping_status":"closed","template":"","meta":{"footnotes":""},"acf":[],"_links":{"self":[{"href":"https:\/\/oldfarmhouses.es\/pt\/wp-json\/wp\/v2\/pages\/40065"}],"collection":[{"href":"https:\/\/oldfarmhouses.es\/pt\/wp-json\/wp\/v2\/pages"}],"about":[{"href":"https:\/\/oldfarmhouses.es\/pt\/wp-json\/wp\/v2\/types\/page"}],"author":[{"embeddable":true,"href":"https:\/\/oldfarmhouses.es\/pt\/wp-json\/wp\/v2\/users\/2"}],"replies":[{"embeddable":true,"href":"https:\/\/oldfarmhouses.es\/pt\/wp-json\/wp\/v2\/comments?post=40065"}],"version-history":[{"count":2,"href":"https:\/\/oldfarmhouses.es\/pt\/wp-json\/wp\/v2\/pages\/40065\/revisions"}],"predecessor-version":[{"id":40068,"href":"https:\/\/oldfarmhouses.es\/pt\/wp-json\/wp\/v2\/pages\/40065\/revisions\/40068"}],"wp:attachment":[{"href":"https:\/\/oldfarmhouses.es\/pt\/wp-json\/wp\/v2\/media?parent=40065"}],"curies":[{"name":"wp","href":"https:\/\/api.w.org\/{rel}","templated":true}]}}