{"id":40075,"date":"2024-12-02T16:33:46","date_gmt":"2024-12-02T15:33:46","guid":{"rendered":"https:\/\/oldfarmhouses.es\/?page_id=40075"},"modified":"2024-12-03T10:41:37","modified_gmt":"2024-12-03T09:41:37","slug":"empressa","status":"publish","type":"page","link":"https:\/\/oldfarmhouses.es\/pt\/empressa\/","title":{"rendered":"Empressa"},"content":{"rendered":"<div class=\"wpb-content-wrapper\"><p>[vc_row type=&#8221;in_container&#8221; full_screen_row_position=&#8221;middle&#8221; column_margin=&#8221;default&#8221; scene_position=&#8221;center&#8221; text_color=&#8221;dark&#8221; text_align=&#8221;left&#8221; overlay_strength=&#8221;0.3&#8243; shape_divider_position=&#8221;bottom&#8221; bg_image_animation=&#8221;none&#8221;][vc_column column_padding=&#8221;no-extra-padding&#8221; column_padding_position=&#8221;all&#8221; background_color_opacity=&#8221;1&#8243; background_hover_color_opacity=&#8221;1&#8243; column_link_target=&#8221;_self&#8221; column_shadow=&#8221;none&#8221; column_border_radius=&#8221;none&#8221; tablet_width_inherit=&#8221;default&#8221; tablet_text_alignment=&#8221;default&#8221; phone_text_alignment=&#8221;default&#8221; overlay_strength=&#8221;0.3&#8243; column_border_width=&#8221;none&#8221; column_border_style=&#8221;solid&#8221; bg_image_animation=&#8221;none&#8221;][vc_column_text]<\/p>\n<h2 style=\"font-weight: bold; color: #31312c; text-align: center;\"><span style=\"font-size: 50px; font-weight: 500; letter-spacing: -2px; color: #000000;\">A nossa <\/span><span style=\"font-size: 50px; font-weight: bold; color: #f2b745; letter-spacing: -2px;\">empressa<\/span><\/h2>\n<p>[\/vc_column_text][vc_row_inner column_margin=&#8221;default&#8221; text_align=&#8221;left&#8221;][vc_column_inner width=&#8221;1\/2&#8243; column_padding=&#8221;no-extra-padding&#8221; column_padding_position=&#8221;all&#8221; background_color_opacity=&#8221;1&#8243; background_hover_color_opacity=&#8221;1&#8243; column_shadow=&#8221;none&#8221; column_border_radius=&#8221;none&#8221; column_link_target=&#8221;_self&#8221; tablet_width_inherit=&#8221;default&#8221; overlay_strength=&#8221;0.3&#8243; column_border_width=&#8221;none&#8221; column_border_style=&#8221;solid&#8221; bg_image_animation=&#8221;none&#8221;][vc_column_text]Old Farm Houses Spain \u00e9 uma ag\u00eancia imobili\u00e1ria dedicada \u00e0 gest\u00e3o comercial, ao marketing imobili\u00e1rio e \u00e0 intermedia\u00e7\u00e3o na compra, venda e arrendamento de im\u00f3veis, tanto a n\u00edvel nacional como internacional.<\/p>\n<p>O nosso principal objetivo \u00e9 satisfazer as necessidades imobili\u00e1rias de todos os nossos clientes, sejam eles compradores ou vendedores: compra, venda, arrendamento e gest\u00e3o de habita\u00e7\u00f5es, escrit\u00f3rios, locais comerciais, terrenos, entre outros. Al\u00e9m disso, realizamos qualquer tipo de opera\u00e7\u00e3o relacionada com o setor imobili\u00e1rio, bem como todas as gest\u00f5es e servi\u00e7os que os nossos clientes possam necessitar ap\u00f3s a venda.[\/vc_column_text][\/vc_column_inner][vc_column_inner width=&#8221;1\/2&#8243; column_padding=&#8221;no-extra-padding&#8221; column_padding_position=&#8221;all&#8221; background_color_opacity=&#8221;1&#8243; background_hover_color_opacity=&#8221;1&#8243; column_shadow=&#8221;none&#8221; column_border_radius=&#8221;none&#8221; column_link_target=&#8221;_self&#8221; tablet_width_inherit=&#8221;default&#8221; overlay_strength=&#8221;0.3&#8243; column_border_width=&#8221;none&#8221; column_border_style=&#8221;solid&#8221; bg_image_animation=&#8221;none&#8221;][vc_column_text]A OFH re\u00fane profissionais com forma\u00e7\u00e3o multidisciplinar (e mais de 20 anos de experi\u00eancia no setor) e novos agentes altamente qualificados no mundo do marketing e da comercializa\u00e7\u00e3o imobili\u00e1ria, tanto a n\u00edvel local como internacional.<\/p>\n<p>A nossa empresa construiu uma reputa\u00e7\u00e3o pr\u00f3pria, prestigiada e reconhecida, baseada numa rela\u00e7\u00e3o direta com os nossos clientes. Al\u00e9m disso, oferecemos sempre solu\u00e7\u00f5es profissionais adaptadas \u00e0s necessidades pessoais de cada um.[\/vc_column_text][\/vc_column_inner][\/vc_row_inner][vc_column_text]A OFH destaca-se pelos seus valores pessoais e profissionais, pela atitude e aptid\u00e3o dos seus agentes, bem como por um sistema de processos de trabalho com uma metodologia s\u00f3lida e profundo conhecimento do mercado: oferta, procura, enquadramento jur\u00eddico e econ\u00f3mico, entre outros aspetos que podem influenciar as opera\u00e7\u00f5es de compra e venda de im\u00f3veis.<\/p>\n<p>O conhecimento dos mercados locais, nacionais e internacionais, assim como das \u00faltimas tend\u00eancias e t\u00e9cnicas de marketing imobili\u00e1rio, exige de n\u00f3s uma forma\u00e7\u00e3o e especializa\u00e7\u00e3o constante.<\/p>\n<p>A Old Farmhouses Spain e a sua equipa est\u00e3o comprometidas com uma conduta rigorosamente \u00e9tica e profissional.[\/vc_column_text][\/vc_column][\/vc_row][vc_row full_width=&#8221;stretch_row_content&#8221; equal_height=&#8221;yes&#8221; content_placement=&#8221;middle&#8221; type=&#8221;in_container&#8221; full_screen_row_position=&#8221;middle&#8221; column_margin=&#8221;default&#8221; scene_position=&#8221;center&#8221; text_color=&#8221;dark&#8221; text_align=&#8221;left&#8221; overlay_strength=&#8221;0.3&#8243; shape_divider_position=&#8221;bottom&#8221; bg_image_animation=&#8221;none&#8221;][vc_column width=&#8221;1\/2&#8243; column_padding=&#8221;no-extra-padding&#8221; column_padding_position=&#8221;all&#8221; background_color_opacity=&#8221;1&#8243; background_hover_color_opacity=&#8221;1&#8243; column_link_target=&#8221;_self&#8221; column_shadow=&#8221;none&#8221; column_border_radius=&#8221;none&#8221; tablet_width_inherit=&#8221;default&#8221; tablet_text_alignment=&#8221;default&#8221; phone_text_alignment=&#8221;default&#8221; overlay_strength=&#8221;0.3&#8243; column_border_width=&#8221;none&#8221; column_border_style=&#8221;solid&#8221; bg_image_animation=&#8221;none&#8221;][\/vc_column][vc_column width=&#8221;1\/2&#8243; column_padding=&#8221;no-extra-padding&#8221; column_padding_position=&#8221;all&#8221; background_color_opacity=&#8221;1&#8243; background_hover_color_opacity=&#8221;1&#8243; column_link_target=&#8221;_self&#8221; column_shadow=&#8221;none&#8221; column_border_radius=&#8221;none&#8221; tablet_width_inherit=&#8221;default&#8221; tablet_text_alignment=&#8221;default&#8221; phone_text_alignment=&#8221;default&#8221; overlay_strength=&#8221;0.3&#8243; column_border_width=&#8221;none&#8221; column_border_style=&#8221;solid&#8221; bg_image_animation=&#8221;none&#8221; css=&#8221;.vc_custom_1561720951145{background-color: #f4f9fd !important;}&#8221;][vc_row_inner column_margin=&#8221;default&#8221; text_align=&#8221;left&#8221;][vc_column_inner width=&#8221;1\/4&#8243; column_padding=&#8221;no-extra-padding&#8221; column_padding_position=&#8221;all&#8221; background_color_opacity=&#8221;1&#8243; background_hover_color_opacity=&#8221;1&#8243; column_shadow=&#8221;none&#8221; column_border_radius=&#8221;none&#8221; column_link_target=&#8221;_self&#8221; tablet_width_inherit=&#8221;default&#8221; overlay_strength=&#8221;0.3&#8243; column_border_width=&#8221;none&#8221; column_border_style=&#8221;solid&#8221; bg_image_animation=&#8221;none&#8221;][\/vc_column_inner][vc_column_inner width=&#8221;1\/2&#8243; column_padding=&#8221;no-extra-padding&#8221; column_padding_position=&#8221;all&#8221; background_color_opacity=&#8221;1&#8243; background_hover_color_opacity=&#8221;1&#8243; column_shadow=&#8221;none&#8221; column_border_radius=&#8221;none&#8221; column_link_target=&#8221;_self&#8221; tablet_width_inherit=&#8221;default&#8221; overlay_strength=&#8221;0.3&#8243; column_border_width=&#8221;none&#8221; column_border_style=&#8221;solid&#8221; bg_image_animation=&#8221;none&#8221;][vc_column_text]<\/p>\n<h2 style=\"font-weight: bold; color: #31312c; text-align: left;\"><span style=\"font-size: 50px; font-weight: 500; letter-spacing: -2px; color: #000000;\">Os nossos <\/span><span style=\"font-size: 50px; font-weight: bolder; color: #000; letter-spacing: -2px;\">SERVI\u00c7OS<\/span><\/h2>\n<p>[\/vc_column_text][vc_column_text]A Old Farm Houses Spain n\u00e3o \u00e9 apenas uma empresa imobili\u00e1ria, mas sim um fornecedor completo de todos os servi\u00e7os imobili\u00e1rios.<\/p>\n<p>A OFH oferece uma ampla gama de servi\u00e7os imobili\u00e1rios, baseada em anos de experi\u00eancia nos mercados e nas compet\u00eancias dos seus colaboradores:<\/p>\n<ul>\n<li>Consultoria imobili\u00e1ria: Comercializa\u00e7\u00e3o, venda e arrendamento de im\u00f3veis.<\/li>\n<li>Assessoria jur\u00eddica e fiscal em opera\u00e7\u00f5es imobili\u00e1rias.<\/li>\n<li>Investimento imobili\u00e1rio.<\/li>\n<li>Gest\u00e3o de im\u00f3veis para arrendamento.<\/li>\n<li>Manuten\u00e7\u00e3o de im\u00f3veis, remodela\u00e7\u00f5es e servi\u00e7os adicionais.<\/li>\n<li>Plano de marketing e comercializa\u00e7\u00e3o imobili\u00e1ria para desenvolvimento de empreendimentos.<\/li>\n<li>Gest\u00e3o de pontos de venda e apartamentos modelo.<\/li>\n<li>Gest\u00e3o de equipas comerciais para desenvolvimento imobili\u00e1rio.<\/li>\n<\/ul>\n<p>[\/vc_column_text][\/vc_column_inner][vc_column_inner width=&#8221;1\/4&#8243; column_padding=&#8221;no-extra-padding&#8221; column_padding_position=&#8221;all&#8221; background_color_opacity=&#8221;1&#8243; background_hover_color_opacity=&#8221;1&#8243; column_shadow=&#8221;none&#8221; column_border_radius=&#8221;none&#8221; column_link_target=&#8221;_self&#8221; tablet_width_inherit=&#8221;default&#8221; overlay_strength=&#8221;0.3&#8243; column_border_width=&#8221;none&#8221; column_border_style=&#8221;solid&#8221; bg_image_animation=&#8221;none&#8221;][\/vc_column_inner][\/vc_row_inner][\/vc_column][\/vc_row][vc_row type=&#8221;in_container&#8221; full_screen_row_position=&#8221;middle&#8221; column_margin=&#8221;default&#8221; scene_position=&#8221;center&#8221; text_color=&#8221;dark&#8221; text_align=&#8221;left&#8221; overlay_strength=&#8221;0.3&#8243; shape_divider_position=&#8221;bottom&#8221; bg_image_animation=&#8221;none&#8221;][vc_column column_padding=&#8221;no-extra-padding&#8221; column_padding_position=&#8221;all&#8221; background_color_opacity=&#8221;1&#8243; background_hover_color_opacity=&#8221;1&#8243; column_link_target=&#8221;_self&#8221; column_shadow=&#8221;none&#8221; column_border_radius=&#8221;none&#8221; tablet_width_inherit=&#8221;default&#8221; tablet_text_alignment=&#8221;default&#8221; phone_text_alignment=&#8221;default&#8221; overlay_strength=&#8221;0.3&#8243; column_border_width=&#8221;none&#8221; column_border_style=&#8221;solid&#8221; bg_image_animation=&#8221;none&#8221;][\/vc_column][\/vc_row]<\/p>\n<\/div>","protected":false},"excerpt":{"rendered":"<p>[vc_row type=&#8221;in_container&#8221; full_screen_row_position=&#8221;middle&#8221; column_margin=&#8221;default&#8221; scene_position=&#8221;center&#8221; text_color=&#8221;dark&#8221; text_align=&#8221;left&#8221; overlay_strength=&#8221;0.3&#8243; shape_divider_position=&#8221;bottom&#8221; bg_image_animation=&#8221;none&#8221;][vc_column column_padding=&#8221;no-extra-padding&#8221; column_padding_position=&#8221;all&#8221; background_color_opacity=&#8221;1&#8243; background_hover_color_opacity=&#8221;1&#8243; column_link_target=&#8221;_self&#8221; column_shadow=&#8221;none&#8221; column_border_radius=&#8221;none&#8221; tablet_width_inherit=&#8221;default&#8221; tablet_text_alignment=&#8221;default&#8221; phone_text_alignment=&#8221;default&#8221; overlay_strength=&#8221;0.3&#8243; column_border_width=&#8221;none&#8221; column_border_style=&#8221;solid&#8221; bg_image_animation=&#8221;none&#8221;][vc_column_text] A nossa empressa [\/vc_column_text][vc_row_inner column_margin=&#8221;default&#8221; text_align=&#8221;left&#8221;][vc_column_inner width=&#8221;1\/2&#8243; column_padding=&#8221;no-extra-padding&#8221; column_padding_position=&#8221;all&#8221; background_color_opacity=&#8221;1&#8243; background_hover_color_opacity=&#8221;1&#8243; column_shadow=&#8221;none&#8221; column_border_radius=&#8221;none&#8221; column_link_target=&#8221;_self&#8221; tablet_width_inherit=&#8221;default&#8221; overlay_strength=&#8221;0.3&#8243; column_border_width=&#8221;none&#8221; column_border_style=&#8221;solid&#8221; bg_image_animation=&#8221;none&#8221;][vc_column_text]Old Farm Houses Spain \u00e9 uma ag\u00eancia imobili\u00e1ria dedicada \u00e0 gest\u00e3o comercial, ao marketing imobili\u00e1rio e \u00e0 intermedia\u00e7\u00e3o na compra, venda e &#8230;<\/p>\n","protected":false},"author":2,"featured_media":0,"parent":0,"menu_order":0,"comment_status":"closed","ping_status":"closed","template":"","meta":{"footnotes":""},"acf":[],"_links":{"self":[{"href":"https:\/\/oldfarmhouses.es\/pt\/wp-json\/wp\/v2\/pages\/40075"}],"collection":[{"href":"https:\/\/oldfarmhouses.es\/pt\/wp-json\/wp\/v2\/pages"}],"about":[{"href":"https:\/\/oldfarmhouses.es\/pt\/wp-json\/wp\/v2\/types\/page"}],"author":[{"embeddable":true,"href":"https:\/\/oldfarmhouses.es\/pt\/wp-json\/wp\/v2\/users\/2"}],"replies":[{"embeddable":true,"href":"https:\/\/oldfarmhouses.es\/pt\/wp-json\/wp\/v2\/comments?post=40075"}],"version-history":[{"count":3,"href":"https:\/\/oldfarmhouses.es\/pt\/wp-json\/wp\/v2\/pages\/40075\/revisions"}],"predecessor-version":[{"id":40085,"href":"https:\/\/oldfarmhouses.es\/pt\/wp-json\/wp\/v2\/pages\/40075\/revisions\/40085"}],"wp:attachment":[{"href":"https:\/\/oldfarmhouses.es\/pt\/wp-json\/wp\/v2\/media?parent=40075"}],"curies":[{"name":"wp","href":"https:\/\/api.w.org\/{rel}","templated":true}]}}