{"id":38460,"date":"2022-06-01T13:53:54","date_gmt":"2022-06-01T11:53:54","guid":{"rendered":"https:\/\/oldfarmhouses.es\/?page_id=38460"},"modified":"2023-11-06T08:00:14","modified_gmt":"2023-11-06T07:00:14","slug":"rental-solution","status":"publish","type":"page","link":"https:\/\/oldfarmhouses.es\/ru\/rental-solution\/","title":{"rendered":"Rental Solution"},"content":{"rendered":"<div class=\"wpb-content-wrapper\"><p>[vc_row][vc_column][vc_column_text]<\/p>\n<h1 style=\"font-weight: bold; color: #31312c; text-align: center;\"><span style=\"font-size: 50px; font-weight: bold; color: #f2b745; letter-spacing: -2px;\">OFH <\/span><span style=\"font-size: 50px; font-weight: 500; letter-spacing: -2px; color: #000000;\">RENTAL SOLUTION<\/span><\/h1>\n<p>[\/vc_column_text][\/vc_column][\/vc_row][vc_row equal_height=&#187;yes&#187; content_placement=&#187;middle&#187;][vc_column width=&#187;1\/2&#8243;][vc_column_text css_animation=&#187;fadeInLeft&#187;]<\/p>\n<h2>\u0422\u043e\u0442\u0430\u043b\u044c\u043d\u043e\u0435 \u0443\u043f\u0440\u0430\u0432\u043b\u0435\u043d\u0438\u0435 \u0430\u0440\u0435\u043d\u0434\u044b \u0432\u0430\u0448\u0435\u0439 \u043d\u0435\u0434\u0432\u0438\u0436\u0438\u043c\u043e\u0441\u0442\u0438.<\/h2>\n<p>\u041d\u0430\u0448\u0438 \u0443\u0441\u043b\u0443\u0433\u0438 \u043d\u0435 \u043e\u0433\u0440\u0430\u043d\u0438\u0447\u0438\u0432\u0430\u044e\u0442\u0441\u044f \u043d\u0430 \u0442\u0435\u0440\u0440\u0438\u0442\u043e\u0440\u0438\u044e \u041c\u0443\u0440\u0441\u0438\u0438 \u0438 \u043d\u0430 \u043c\u0435\u0441\u0442\u043e\u043f\u043e\u043b\u043e\u0436\u0435\u043d\u0438\u0435 \u043d\u0430\u0448\u0435\u0433\u043e \u0431\u044e\u0440\u043e. \u041f\u043e\u0441\u043b\u0435 \u043f\u043e\u0434\u0440\u043e\u0431\u043d\u043e\u0433\u043e \u0430\u043d\u0430\u043b\u0438\u0437\u0430 \u043f\u043e\u0442\u0440\u0435\u0431\u043d\u043e\u0441\u0442\u0435\u0439 \u043d\u0430\u0448\u0438\u0445 \u043a\u043b\u0438\u0435\u043d\u0442\u043e\u0432 \u043c\u044b \u0437\u0430\u043c\u0435\u0447\u0430\u0435\u043c, \u0447\u0442\u043e \u0431\u043e\u043b\u044c\u0448\u0438\u043d\u0441\u0442\u0432\u043e \u0438\u0437 \u043d\u0438\u0445 \u0442\u0440\u0435\u0431\u0443\u044e\u0442 \u0443\u0441\u043b\u0443\u0433\u0438 \u043f\u043e \u0443\u043f\u0440\u0430\u0432\u043b\u0435\u043d\u0438\u044e \u0441\u0432\u043e\u0435\u0439 \u043d\u0435\u0434\u0432\u0438\u0436\u0438\u043c\u043e\u0441\u0442\u0438 \u0432 \u0430\u0440\u0435\u043d\u0434\u0443.<\/p>\n<p>\u041f\u043e\u044d\u0442\u043e\u043c\u0443, \u043c\u044b \u043f\u0440\u0435\u0434\u043b\u0430\u0433\u0430\u0435\u043c OFH Rental Solution. \u041b\u0438\u0448\u044c \u0437\u0430 35\u20ac \u0432 \u043c\u0435\u0441\u044f\u0446 \u043c\u043e\u0436\u043d\u043e \u043d\u0430\u0441\u043b\u0430\u0436\u0434\u0430\u0442\u044c\u0441\u044f \u0435\u0451 \u0432\u044b\u0433\u043e\u0434\u043d\u044b\u043c\u0438 \u0443\u0441\u043b\u0443\u0433\u0430\u043c\u0438.[\/vc_column_text][\/vc_column][vc_column width=&#187;1\/2&#8243;][vc_single_image image=&#187;35966&#8243; img_size=&#187;large&#187; alignment=&#187;center&#187; css_animation=&#187;fadeInRight&#187; el_class=&#187;imgCasa&#187;][\/vc_column][\/vc_row][vc_row equal_height=&#187;yes&#187; content_placement=&#187;middle&#187;][vc_column width=&#187;1\/2&#8243;][vc_column_text css_animation=&#187;fadeInLeft&#187;]<\/p>\n<h3>\u041a\u0430\u043a\u0438\u0435 \u0443\u0441\u043b\u0443\u0433\u0438 \u0432\u043a\u043b\u044e\u0447\u0430\u044e\u0442\u0441\u044f \u0432 OFH Rental Solution?<\/h3>\n<p>&#8212; \u0413\u0430\u0440\u0430\u043d\u0442\u0438\u0440\u043e\u0432\u0430\u043d\u043d\u0430\u044f \u0430\u0440\u0435\u043d\u0434\u043d\u0430\u044f \u043e\u043f\u043b\u0430\u0442\u0430.<br \/>\n&#8212; \u042e\u0440\u0438\u0434\u0438\u0447\u0435\u0441\u043a\u0430\u044f \u043f\u043e\u043c\u043e\u0449\u044c.<br \/>\n&#8212; \u0420\u0435\u043a\u043b\u0430\u043c\u0430 \u0432\u0430\u0448\u0435\u0433\u043e \u0438\u043c\u0443\u0449\u0435\u0441\u0442\u0432\u0430 \u043d\u0430 \u0441\u043e\u0446\u0438\u0430\u043b\u044c\u043d\u044b\u0445 \u0441\u0435\u0442\u044f\u0445.<strong><br \/>\n<\/strong>&#8212; \u0420\u0435\u0433\u0443\u043b\u044f\u0440\u043d\u0430\u044f \u043f\u0440\u043e\u0432\u0435\u0440\u043a\u0430 \u0441\u043e\u0441\u0442\u043e\u044f\u043d\u0438\u044f \u0432\u0430\u0448\u0435\u0439 \u043d\u0435\u0434\u0432\u0438\u0436\u0438\u043c\u043e\u0441\u0442\u0438.<br \/>\n&#8212; \u0418\u0437\u043c\u0435\u043d\u0435\u043d\u0438\u0435 \u043e\u0431\u043b\u0430\u0434\u0430\u0442\u0435\u043b\u044f \u044d\u043b\u0435\u043a\u0442\u0440\u0438\u0447\u0435\u0441\u043a\u043e\u0433\u043e \u0438 \u0432\u043e\u0434\u043d\u043e\u0433\u043e \u0441\u043d\u0430\u0431\u0436\u0435\u043d\u0438\u044f.<br \/>\n&#8212; \u041f\u043e\u043c\u043e\u0449\u044c \u0441 \u043e\u0431\u0440\u0430\u0449\u0435\u043d\u0438\u0435\u043c \u043a \u0436\u0438\u043b\u0438\u0449\u043d\u043e\u043c\u0443 \u043a\u043e\u043e\u043f\u0435\u0440\u0430\u0442\u0438\u0432\u0443.<strong><br \/>\n<\/strong>&#8212; \u0423\u0431\u043e\u0440\u043a\u0430 \u0438 \u043f\u0435\u0440\u0435\u0441\u0442\u0440\u043e\u0439\u043a\u0430 \u0432\u0430\u0448\u0435\u0433\u043e \u0438\u043c\u0443\u0449\u0435\u0441\u0442\u0432\u0430.<br \/>\n&#8212; \u041f\u0440\u043e\u0432\u0435\u0440\u043a\u0430 \u0432\u044a\u0435\u0437\u0434\u0430 \u0438 \u0432\u044b\u0435\u0437\u0434\u0430 \u0430\u0440\u0435\u043d\u0434\u0430\u0442\u043e\u0440\u0430.<strong><br \/>\n<\/strong>&#8212; \u0425\u0440\u0430\u043d\u0435\u043d\u0438\u0435 \u043a\u043b\u044e\u0447\u0435\u0439.<strong><br \/>\n<\/strong>&#8212; \u0423\u043f\u0440\u0430\u0432\u043b\u0435\u043d\u0438\u0435 \u0432\u0440\u0435\u0434\u043e\u0432 \u0441 \u0441\u0442\u0440\u0430\u0445\u043e\u0432\u043e\u0439 \u043a\u043e\u043c\u043f\u0430\u043d\u0438\u0435\u0439 \u0432 \u0441\u043b\u0443\u0447\u0430\u0435 \u043f\u043e\u0436\u0430\u0440\u0430, \u0437\u0435\u043c\u043b\u0435\u0442\u0440\u044f\u0441\u0435\u043d\u0438\u044f \u0438 \u043f\u043e\u0434\u043e\u0431\u043d\u044b\u0445 \u043f\u0440\u043e\u0438\u0441\u0448\u0435\u0441\u0442\u0432\u0438\u0439.<br \/>\n&#8212; \u041f\u0440\u043e\u0434\u0430\u0436\u0430 \u0432\u0430\u0448\u0435\u0439 \u043d\u0435\u0434\u0432\u0438\u0436\u0438\u043c\u043e\u0441\u0442\u0438.[\/vc_column_text][\/vc_column][vc_column width=&#187;1\/2&#8243;][vc_column_text css_animation=&#187;fadeInRight&#187;]\u041a\u043e\u043d\u0442\u0430\u043a\u0442\u0438\u0440\u0443\u0439\u0442\u0435 \u043d\u0430\u0441 \u043f\u043e\u0436\u0430\u043b\u0443\u0439\u0441\u0442\u0430 \u0435\u0441\u043b\u0438 \u0432\u044b \u0445\u043e\u0442\u0438\u0442\u0435 \u043d\u0430\u043d\u044f\u0442\u044c \u043d\u0430\u0448\u0438 \u0443\u0441\u043b\u0443\u0433\u0438 \u0438\u043b\u0438 \u043f\u043e\u043b\u0443\u0447\u0438\u0442\u044c \u0431\u043e\u043b\u044c\u0448\u0435 \u0438\u043d\u0444\u043e\u0440\u043c\u0430\u0446\u0438\u0438. \u0412\u044b \u043c\u043e\u0436\u0435\u0442\u0435 \u043d\u0430\u043c \u043f\u043e\u0437\u0432\u043e\u043d\u0438\u0442\u044c \u0438\u043b\u0438 \u0437\u0430\u043f\u043e\u043b\u043d\u0438\u0442\u044c \u0430\u043d\u043a\u0435\u0442\u0443.[\/vc_column_text][\/vc_column][\/vc_row][vc_row equal_height=&#187;yes&#187;][vc_column width=&#187;1\/2&#8243; offset=&#187;vc_hidden-md vc_hidden-sm vc_hidden-xs&#187;][vc_single_image image=&#187;35979&#8243; img_size=&#187;430&#215;792&#8243; alignment=&#187;center&#187; css_animation=&#187;zoomInUp&#187;][\/vc_column][vc_column width=&#187;1\/2&#8243; offset=&#187;vc_hidden-md vc_hidden-sm vc_hidden-xs&#187;][vc_column_text css_animation=&#187;fadeInRight&#187;]<\/p>\n<h3 style=\"text-align: left;\"><span style=\"font-size: 24pt;\"><strong>\u0414\u043b\u044f \u043a\u043e\u0433\u043e \u0431\u044b\u043b \u0441\u043e\u0437\u0434\u0430\u043d<\/strong><\/span><\/h3>\n<h3 style=\"text-align: left;\"><span style=\"font-size: 24pt;\"> OFH RENTAL SOLUTION<\/span><\/h3>\n<p>[\/vc_column_text][vc_column_text css_animation=&#187;fadeIn&#187; css=&#187;.vc_custom_1654084758045{padding-top: 40px !important;padding-right: 200px !important;padding-bottom: 40px !important;padding-left: 20px !important;background-image: url(http:\/\/oldfarmhouses.es\/wp-content\/uploads\/2020\/12\/ALQUILER.png?id=35985) !important;background-position: center !important;background-repeat: no-repeat !important;background-size: contain !important;}&#187;]<span style=\"color: #000000; font-size: 18pt;\">\u0427\u0430\u0441\u0442\u043d\u043e\u0435 \u043b\u0438\u0446\u043e<\/span><br \/>\n<span style=\"color: #ffffff; font-size: 14pt;\">\u0410\u0440\u0435\u043d\u0434\u0430<\/span><\/p>\n<p><span style=\"color: #000000;\">\u042d\u0442\u043e \u0443\u0441\u043b\u0443\u0433\u0430 \u0434\u043b\u044f \u0432\u0430\u0441 \u0435\u0441\u043b\u0438 \u0432\u044b \u043d\u0443\u0436\u0434\u0430\u0435\u0442\u0435\u0441\u044c<br \/>\n\u0432 \u043f\u043e\u043b\u043d\u043e\u043c \u0443\u043f\u0440\u0430\u0432\u043b\u0435\u043d\u0438\u0438<br \/>\n\u0432\u0430\u0448\u0435\u0433\u043e \u0438\u043c\u0443\u0449\u0435\u0441\u0442\u0432\u0430.<\/span>[\/vc_column_text][vc_column_text css_animation=&#187;fadeIn&#187; css=&#187;.vc_custom_1654084407233{padding-top: 40px !important;padding-right: 200px !important;padding-bottom: 40px !important;padding-left: 20px !important;background-image: url(http:\/\/oldfarmhouses.es\/wp-content\/uploads\/2020\/12\/VENTA.png?id=36046) !important;background-position: center !important;background-repeat: no-repeat !important;background-size: contain !important;}&#187;]<span style=\"color: #000000; font-size: 18pt;\">\u0427\u0430\u0441\u0442\u043d\u043e\u0435 \u043b\u0438\u0446\u043e<\/span><br \/>\n<span style=\"color: #ffffff; font-size: 14pt;\">\u041f\u0440\u043e\u0434\u0430\u0436\u0430<\/span><\/p>\n<p><span style=\"color: #000000;\">A \u0442\u0430\u043a\u0436\u0435, \u0435\u0441\u043b\u0438 \u0432\u044b \u0440\u0435\u0448\u0438\u0442\u0435 \u043a\u043e\u0433\u0434\u0430-\u043d\u0438\u0431\u0443\u0434\u044c \u043f\u0440\u043e\u0434\u0430\u0442\u044c \u0441\u0432\u043e\u044e \u043d\u0435\u0434\u0432\u0438\u0436\u0438\u043c\u043e\u0441\u0442\u044c, \u044d\u0442\u043e \u0442\u043e\u0436\u0435 \u0432\u043e\u0437\u043c\u043e\u0436\u043d\u043e \u0441\u0434\u0435\u043b\u0430\u0442\u044c \u0441 OFH Rental Solution.<\/span>[\/vc_column_text][\/vc_column][\/vc_row][vc_row equal_height=&#187;yes&#187;][vc_column offset=&#187;vc_hidden-lg vc_hidden-sm vc_hidden-xs&#187;][vc_single_image image=&#187;35979&#8243; img_size=&#187;430&#215;792&#8243; alignment=&#187;center&#187;][vc_column_text]<\/p>\n<h3 style=\"text-align: left;\"><span style=\"font-size: 24pt;\"><strong>A qui\u00e9n va dirigido<\/strong><\/span><\/h3>\n<h3 style=\"text-align: left;\"><span style=\"font-size: 24pt;\"> OFH RENTAL SOLUTION<\/span><\/h3>\n<p>[\/vc_column_text][vc_column_text css=&#187;.vc_custom_1625576885107{padding-top: 80px !important;padding-right: 360px !important;padding-bottom: 80px !important;padding-left: 20px !important;background-image: url(http:\/\/oldfarmhouses.es\/wp-content\/uploads\/2020\/12\/ALQUILER.png?id=35985) !important;background-position: center !important;background-repeat: no-repeat !important;background-size: cover !important;}&#187;]<span style=\"color: #000000; font-size: 18pt;\">PARTICULARES<\/span><br \/>\n<span style=\"color: #ffffff; font-size: 14pt;\">ALQUILER<\/span><\/p>\n<p><span style=\"color: #000000;\">Si est\u00e1s buscando una soluci\u00f3n completa de la gesti\u00f3n del alquiler de tu vivienda, OFH RENTAL SOLUTION es para ti.<\/span>[\/vc_column_text][vc_column_text css=&#187;.vc_custom_1625576871139{padding-top: 80px !important;padding-right: 360px !important;padding-bottom: 80px !important;padding-left: 20px !important;background-image: url(http:\/\/oldfarmhouses.es\/wp-content\/uploads\/2020\/12\/VENTA.png?id=36046) !important;background-position: center !important;background-repeat: no-repeat !important;background-size: cover !important;}&#187;]<span style=\"color: #000000; font-size: 18pt;\">PARTICULARES<\/span><br \/>\n<span style=\"color: #ffffff; font-size: 14pt;\">VENTA<\/span><\/p>\n<p><span style=\"color: #000000;\">Adem\u00e1s, si en alg\u00fan momento decides poner en venta tu vivienda o gestionarla con tus inquilinos, gracias a <a style=\"color: #000000;\" href=\"https:\/\/oldfarmhouses.es\/\">OFH<\/a> RENTAL SOLUTION podr\u00e1s hacerlo de una forma muy sencilla.<\/span>[\/vc_column_text][\/vc_column][\/vc_row][vc_row equal_height=&#187;yes&#187;][vc_column offset=&#187;vc_hidden-lg vc_hidden-md&#187;][vc_single_image image=&#187;35979&#8243; img_size=&#187;430&#215;792&#8243; alignment=&#187;center&#187;][vc_column_text]<\/p>\n<h3 style=\"text-align: left;\"><span style=\"font-size: 24pt;\"><strong>A qui\u00e9n va dirigido<\/strong><\/span><\/h3>\n<h3 style=\"text-align: left;\"><span style=\"font-size: 24pt;\"> OFH RENTAL SOLUTION<\/span><\/h3>\n<p>[\/vc_column_text][vc_column_text css=&#187;.vc_custom_1625577040266{padding-top: 80px !important;padding-right: 20px !important;padding-bottom: 80px !important;padding-left: 20px !important;background-color: #e3b845 !important;background-position: center !important;background-repeat: no-repeat !important;background-size: cover !important;}&#187;]<span style=\"color: #000000; font-size: 18pt;\">PARTICULARES<\/span><br \/>\n<span style=\"color: #ffffff; font-size: 14pt;\">ALQUILER<\/span><\/p>\n<p><span style=\"color: #000000;\">Si est\u00e1s buscando una soluci\u00f3n completa de la gesti\u00f3n del alquiler de tu vivienda, OFH RENTAL SOLUTION es para ti.<\/span>[\/vc_column_text][vc_column_text css=&#187;.vc_custom_1625577055779{padding-top: 80px !important;padding-right: 20px !important;padding-bottom: 80px !important;padding-left: 20px !important;background-color: #e3b845 !important;background-position: center !important;background-repeat: no-repeat !important;background-size: cover !important;}&#187;]<span style=\"color: #000000; font-size: 18pt;\">PARTICULARES<\/span><br \/>\n<span style=\"color: #ffffff; font-size: 14pt;\">VENTA<\/span><\/p>\n<p><span style=\"color: #000000;\">Adem\u00e1s, si en alg\u00fan momento decides poner en venta tu vivienda o gestionarla con tus inquilinos, gracias a <a style=\"color: #000000;\" href=\"https:\/\/oldfarmhouses.es\/\">OFH<\/a> RENTAL SOLUTION podr\u00e1s hacerlo de una forma muy sencilla.<\/span>[\/vc_column_text][\/vc_column][\/vc_row][vc_row equal_height=&#187;yes&#187; disable_element=&#187;yes&#187; css=&#187;.vc_custom_1625571131544{padding-right: 50px !important;}&#187;][vc_column width=&#187;1\/2&#8243;][vc_single_image image=&#187;35979&#8243; img_size=&#187;430&#215;792&#8243; alignment=&#187;center&#187;][\/vc_column][vc_column width=&#187;1\/2&#8243;][vc_column_text]<\/p>\n<h3 style=\"text-align: left;\"><span style=\"font-size: 24pt;\"><strong>A qui\u00e9n va dirigido<\/strong><\/span><\/h3>\n<h3 style=\"text-align: left;\"><span style=\"font-size: 24pt;\"> OFH RENTAL SOLUTION<\/span><\/h3>\n<p>[\/vc_column_text][vc_hoverbox image=&#187;35985&#8243; primary_title=&#187;PARTICULARES ALQUILER&#187; primary_align=&#187;left&#187; hover_title=&#187;PARTICULARES ALQUILER&#187; hover_background_color=&#187;custom&#187; el_width=&#187;80&#8243; align=&#187;left&#187; hover_custom_background=&#187;#e1b947&#8243; css=&#187;.vc_custom_1608224142298{padding-bottom: 20px !important;}&#187;]<span style=\"color: #ffffff;\">Si est\u00e1s buscando una soluci\u00f3n completa de la gesti\u00f3n del alquiler de tu vivienda, OFH RENTAL SOLUTION es para ti.<\/span>[\/vc_hoverbox][vc_hoverbox image=&#187;36046&#8243; primary_title=&#187;PARTICULARES VENTA&#187; primary_align=&#187;left&#187; hover_title=&#187;PARTICULARES VENTA&#187; hover_background_color=&#187;custom&#187; el_width=&#187;80&#8243; align=&#187;right&#187; hover_custom_background=&#187;#e1b947&#8243; css=&#187;.vc_custom_1608224188311{padding-top: 30px !important;}&#187;]<span style=\"color: #ffffff;\">Adem\u00e1s, si en alg\u00fan momento decides poner en venta tu vivienda o gestionarla con tus inquilinos, gracias a <a style=\"color: #ffffff;\" href=\"https:\/\/oldfarmhouses.es\/\">OFH<\/a> RENTAL SOLUTION podr\u00e1s hacerlo de una forma muy sencilla.<\/span>[\/vc_hoverbox][\/vc_column][\/vc_row][vc_row][vc_column width=&#187;2\/3&#8243;]\n<div class=\"wpcf7 no-js\" id=\"wpcf7-f38463-o1\" lang=\"es-ES\" dir=\"ltr\">\n<div class=\"screen-reader-response\"><p role=\"status\" aria-live=\"polite\" aria-atomic=\"true\"><\/p> <ul><\/ul><\/div>\n<form action=\"\/ru\/wp-json\/wp\/v2\/pages\/38460#wpcf7-f38463-o1\" method=\"post\" class=\"wpcf7-form init\" aria-label=\"Formulario de contacto\" novalidate=\"novalidate\" data-status=\"init\">\n<div style=\"display: none;\">\n<input type=\"hidden\" name=\"_wpcf7\" value=\"38463\" \/>\n<input type=\"hidden\" name=\"_wpcf7_version\" value=\"5.7.7\" \/>\n<input type=\"hidden\" name=\"_wpcf7_locale\" value=\"es_ES\" \/>\n<input type=\"hidden\" name=\"_wpcf7_unit_tag\" value=\"wpcf7-f38463-o1\" \/>\n<input type=\"hidden\" name=\"_wpcf7_container_post\" value=\"0\" \/>\n<input type=\"hidden\" name=\"_wpcf7_posted_data_hash\" value=\"\" \/>\n<input type=\"hidden\" name=\"_wpcf7_recaptcha_response\" value=\"\" \/>\n<\/div>\n<p><label> \u0418\u043c\u044f (\u0442\u0440\u0435\u0431\u0443\u0435\u0442\u0441\u044f)<br \/>\n<span class=\"wpcf7-form-control-wrap\" data-name=\"your-name\"><input size=\"40\" class=\"wpcf7-form-control wpcf7-text wpcf7-validates-as-required\" aria-required=\"true\" aria-invalid=\"false\" value=\"\" type=\"text\" name=\"your-name\" \/><\/span> <\/label>\n<\/p>\n<p><label> \u041f\u043e\u0447\u0442\u0430 (\u0442\u0440\u0435\u0431\u0443\u0435\u0442\u0441\u044f)<br \/>\n<span class=\"wpcf7-form-control-wrap\" data-name=\"your-email\"><input size=\"40\" class=\"wpcf7-form-control wpcf7-text wpcf7-email wpcf7-validates-as-required wpcf7-validates-as-email\" aria-required=\"true\" aria-invalid=\"false\" value=\"\" type=\"email\" name=\"your-email\" \/><\/span> <\/label>\n<\/p>\n<p><label> \u0422\u0435\u043b\u0435\u0444\u043e\u043d (\u0442\u0440\u0435\u0431\u0443\u0435\u0442\u0441\u044f)<br \/>\n<span class=\"wpcf7-form-control-wrap\" data-name=\"phone\"><input size=\"40\" class=\"wpcf7-form-control wpcf7-text wpcf7-tel wpcf7-validates-as-required wpcf7-validates-as-tel\" aria-required=\"true\" aria-invalid=\"false\" value=\"\" type=\"tel\" name=\"phone\" \/><\/span> <\/label>\n<\/p>\n<p><label> \u0422\u0435\u043c\u0430<br \/>\n<span class=\"wpcf7-form-control-wrap\" data-name=\"your-subject\"><input size=\"40\" class=\"wpcf7-form-control wpcf7-text\" aria-invalid=\"false\" value=\"\" type=\"text\" name=\"your-subject\" \/><\/span> <\/label>\n<\/p>\n<p><label> \u0421\u043e\u043e\u0431\u0449\u0435\u043d\u0438\u0435<br \/>\n<span class=\"wpcf7-form-control-wrap\" data-name=\"your-message\"><textarea cols=\"40\" rows=\"10\" class=\"wpcf7-form-control wpcf7-textarea\" aria-invalid=\"false\" name=\"your-message\"><\/textarea><\/span> <\/label>\n<\/p>\n<p><input class=\"wpcf7-form-control has-spinner wpcf7-submit\" type=\"submit\" value=\"\u041e\u0442\u043f\u0440\u0430\u0432\u043b\u044f\u0442\u044c\" \/>\n<\/p><div class=\"wpcf7-response-output\" aria-hidden=\"true\"><\/div>\n<\/form>\n<\/div>\n[\/vc_column][vc_column width=&#187;1\/3&#8243;][vc_column_text]<\/p>\n<h3>\u041e\u0442\u043f\u0440\u0430\u0432\u0438\u0442\u044c \u043d\u0430\u043c \u0441\u043e\u043e\u0431\u0449\u0435\u043d\u0438\u0435<\/h3>\n<p>[\/vc_column_text][vc_column_text]<\/p>\n<h4>\u0426\u0435\u043d\u0442\u0440\u0430\u043b\u044c\u043d\u044b\u0439 \u043e\u0444\u0438\u0441<\/h4>\n<p>Avda. Balsicas 4 bajo<br \/>\n30709 Roldan, Murcia<br \/>\n<a href=\"tel:+34868701655\">Tel: +34 868 701 655<\/a><br \/>\n<a href=\"tel:+34623018292\">Tel: +34 623 018 292<\/a><br \/>\nfarmhouses@oldfarmhouses.es[\/vc_column_text][\/vc_column][\/vc_row]<\/p>\n<\/div>","protected":false},"excerpt":{"rendered":"<p>[vc_row][vc_column][vc_column_text] OFH RENTAL SOLUTION [\/vc_column_text][\/vc_column][\/vc_row][vc_row equal_height=&#187;yes&#187; content_placement=&#187;middle&#187;][vc_column width=&#187;1\/2&#8243;][vc_column_text css_animation=&#187;fadeInLeft&#187;] \u0422\u043e\u0442\u0430\u043b\u044c\u043d\u043e\u0435 \u0443\u043f\u0440\u0430\u0432\u043b\u0435\u043d\u0438\u0435 \u0430\u0440\u0435\u043d\u0434\u044b \u0432\u0430\u0448\u0435\u0439 \u043d\u0435\u0434\u0432\u0438\u0436\u0438\u043c\u043e\u0441\u0442\u0438. \u041d\u0430\u0448\u0438 \u0443\u0441\u043b\u0443\u0433\u0438 \u043d\u0435 \u043e\u0433\u0440\u0430\u043d\u0438\u0447\u0438\u0432\u0430\u044e\u0442\u0441\u044f \u043d\u0430 \u0442\u0435\u0440\u0440\u0438\u0442\u043e\u0440\u0438\u044e \u041c\u0443\u0440\u0441\u0438\u0438 \u0438 \u043d\u0430 \u043c\u0435\u0441\u0442\u043e\u043f\u043e\u043b\u043e\u0436\u0435\u043d\u0438\u0435 \u043d\u0430\u0448\u0435\u0433\u043e \u0431\u044e\u0440\u043e. \u041f\u043e\u0441\u043b\u0435 \u043f\u043e\u0434\u0440\u043e\u0431\u043d\u043e\u0433\u043e \u0430\u043d\u0430\u043b\u0438\u0437\u0430 \u043f\u043e\u0442\u0440\u0435\u0431\u043d\u043e\u0441\u0442\u0435\u0439 \u043d\u0430\u0448\u0438\u0445 \u043a\u043b\u0438\u0435\u043d\u0442\u043e\u0432 \u043c\u044b \u0437\u0430\u043c\u0435\u0447\u0430\u0435\u043c, \u0447\u0442\u043e \u0431\u043e\u043b\u044c\u0448\u0438\u043d\u0441\u0442\u0432\u043e \u0438\u0437 \u043d\u0438\u0445 \u0442\u0440\u0435\u0431\u0443\u044e\u0442 \u0443\u0441\u043b\u0443\u0433\u0438 \u043f\u043e \u0443\u043f\u0440\u0430\u0432\u043b\u0435\u043d\u0438\u044e \u0441\u0432\u043e\u0435\u0439 \u043d\u0435\u0434\u0432\u0438\u0436\u0438\u043c\u043e\u0441\u0442\u0438 \u0432 \u0430\u0440\u0435\u043d\u0434\u0443. \u041f\u043e\u044d\u0442\u043e\u043c\u0443, \u043c\u044b \u043f\u0440\u0435\u0434\u043b\u0430\u0433\u0430\u0435\u043c OFH Rental Solution. \u041b\u0438\u0448\u044c \u0437\u0430 35\u20ac \u0432 \u043c\u0435\u0441\u044f\u0446 \u043c\u043e\u0436\u043d\u043e \u043d\u0430\u0441\u043b\u0430\u0436\u0434\u0430\u0442\u044c\u0441\u044f \u0435\u0451 \u0432\u044b\u0433\u043e\u0434\u043d\u044b\u043c\u0438 \u0443\u0441\u043b\u0443\u0433\u0430\u043c\u0438.[\/vc_column_text][\/vc_column][vc_column width=&#187;1\/2&#8243;][vc_single_image image=&#187;35966&#8243; &#8230;<\/p>\n","protected":false},"author":2,"featured_media":0,"parent":0,"menu_order":0,"comment_status":"closed","ping_status":"closed","template":"","meta":{"footnotes":""},"acf":[],"_links":{"self":[{"href":"https:\/\/oldfarmhouses.es\/ru\/wp-json\/wp\/v2\/pages\/38460"}],"collection":[{"href":"https:\/\/oldfarmhouses.es\/ru\/wp-json\/wp\/v2\/pages"}],"about":[{"href":"https:\/\/oldfarmhouses.es\/ru\/wp-json\/wp\/v2\/types\/page"}],"author":[{"embeddable":true,"href":"https:\/\/oldfarmhouses.es\/ru\/wp-json\/wp\/v2\/users\/2"}],"replies":[{"embeddable":true,"href":"https:\/\/oldfarmhouses.es\/ru\/wp-json\/wp\/v2\/comments?post=38460"}],"version-history":[{"count":6,"href":"https:\/\/oldfarmhouses.es\/ru\/wp-json\/wp\/v2\/pages\/38460\/revisions"}],"predecessor-version":[{"id":38467,"href":"https:\/\/oldfarmhouses.es\/ru\/wp-json\/wp\/v2\/pages\/38460\/revisions\/38467"}],"wp:attachment":[{"href":"https:\/\/oldfarmhouses.es\/ru\/wp-json\/wp\/v2\/media?parent=38460"}],"curies":[{"name":"wp","href":"https:\/\/api.w.org\/{rel}","templated":true}]}}