{"id":38968,"date":"2023-03-13T16:15:46","date_gmt":"2023-03-13T15:15:46","guid":{"rendered":"https:\/\/oldfarmhouses.es\/?page_id=38968"},"modified":"2023-03-23T10:16:05","modified_gmt":"2023-03-23T09:16:05","slug":"firma","status":"publish","type":"page","link":"https:\/\/oldfarmhouses.es\/sv\/firma\/","title":{"rendered":"Firma"},"content":{"rendered":"<div class=\"wpb-content-wrapper\"><p>[vc_row type=&#8221;in_container&#8221; full_screen_row_position=&#8221;middle&#8221; column_margin=&#8221;default&#8221; scene_position=&#8221;center&#8221; text_color=&#8221;dark&#8221; text_align=&#8221;left&#8221; overlay_strength=&#8221;0.3&#8243; shape_divider_position=&#8221;bottom&#8221; bg_image_animation=&#8221;none&#8221;][vc_column column_padding=&#8221;no-extra-padding&#8221; column_padding_position=&#8221;all&#8221; background_color_opacity=&#8221;1&#8243; background_hover_color_opacity=&#8221;1&#8243; column_link_target=&#8221;_self&#8221; column_shadow=&#8221;none&#8221; column_border_radius=&#8221;none&#8221; tablet_width_inherit=&#8221;default&#8221; tablet_text_alignment=&#8221;default&#8221; phone_text_alignment=&#8221;default&#8221; overlay_strength=&#8221;0.3&#8243; column_border_width=&#8221;none&#8221; column_border_style=&#8221;solid&#8221; bg_image_animation=&#8221;none&#8221;][vc_column_text]<\/p>\n<h2 style=\"font-weight: bold; color: #31312c; text-align: center;\"><span style=\"font-size: 50px; font-weight: 500; letter-spacing: -2px; color: #000000;\">V\u00e5r <\/span><span style=\"font-size: 50px; font-weight: bold; color: #f2b745; letter-spacing: -2px;\">firma<\/span><\/h2>\n<p>[\/vc_column_text][vc_row_inner column_margin=&#8221;default&#8221; text_align=&#8221;left&#8221;][vc_column_inner width=&#8221;1\/2&#8243; column_padding=&#8221;no-extra-padding&#8221; column_padding_position=&#8221;all&#8221; background_color_opacity=&#8221;1&#8243; background_hover_color_opacity=&#8221;1&#8243; column_shadow=&#8221;none&#8221; column_border_radius=&#8221;none&#8221; column_link_target=&#8221;_self&#8221; tablet_width_inherit=&#8221;default&#8221; overlay_strength=&#8221;0.3&#8243; column_border_width=&#8221;none&#8221; column_border_style=&#8221;solid&#8221; bg_image_animation=&#8221;none&#8221;][vc_column_text]Old Farm Houses \u00e4r en fastighetsbyr\u00e5 fokuserad p\u00e5 management, marketing och f\u00f6rmedlingstj\u00e4nster p\u00e5 nationell och internationell niv\u00e5.<\/p>\n<p>Bel\u00e5tna kunder \u00e4r v\u00e5rt m\u00e5l, b\u00e5de k\u00f6pare och s\u00e4ljare. Vi sysslar med: K\u00f6p, f\u00f6rs\u00e4ljning, hyra, uthyrning och f\u00f6rvaltning av hus, byr\u00e5ar, lokaler, tomtar, allts\u00e5, med varje aktivitet som sammanh\u00e4nger med fastighetssektorn, och varje operation och tj\u00e4nst som kunder kan beh\u00f6va efter aff\u00e4rsavveckling.[\/vc_column_text][\/vc_column_inner][vc_column_inner width=&#8221;1\/2&#8243; column_padding=&#8221;no-extra-padding&#8221; column_padding_position=&#8221;all&#8221; background_color_opacity=&#8221;1&#8243; background_hover_color_opacity=&#8221;1&#8243; column_shadow=&#8221;none&#8221; column_border_radius=&#8221;none&#8221; column_link_target=&#8221;_self&#8221; tablet_width_inherit=&#8221;default&#8221; overlay_strength=&#8221;0.3&#8243; column_border_width=&#8221;none&#8221; column_border_style=&#8221;solid&#8221; bg_image_animation=&#8221;none&#8221;][vc_column_text]Old Farm Houses syssels\u00e4tter multidisciplin\u00e4rt utbildade, i sektorn mycket erfarna och h\u00f6gkvalificerade fackm\u00e4n i marketing och marknadsf\u00f6ring av fastigheter p\u00e5 nationell och internationell niv\u00e5.<\/p>\n<p>D\u00e4rigenom har vi bildat v\u00e5r aff\u00e4rsmodell, vars framg\u00e5ng best\u00e5r i ett direkt umg\u00e4nge med kunden. Dessutom erbjuder vi alltid denna l\u00f6sning som \u00e4r b\u00e4st l\u00e4mpad f\u00f6r kundens behov.[\/vc_column_text][\/vc_column_inner][\/vc_row_inner][vc_column_text]OFHs framtr\u00e4der genom en str\u00e4ng arbetsmoral, beg\u00e5vningarna av sina anst\u00e4llda, ett solitt tillv\u00e4gag\u00e5ngss\u00e4tt p\u00e5 arbete och omfattande ekonomikunskaper i varje gren som kan p\u00e5verka k\u00f6p- eller f\u00f6rs\u00e4ljningstransaktioner.<\/p>\n<p>Det n\u00f6diga know-how i lokala, nationella och internationella marknaderna liksom de nya utvecklingarna i fastighetsmarketingsgebitet garanterar vi genom av oss erbjudna ut-och fortbildningar<\/p>\n<p>Old Farm Houses och dess personal \u00e4r f\u00f6rpliktade till ett str\u00e4ngt etiskt och professionellt tillv\u00e4gag\u00e5ngss\u00e4tt.[\/vc_column_text][\/vc_column][\/vc_row][vc_row full_width=&#8221;stretch_row_content&#8221; equal_height=&#8221;yes&#8221; content_placement=&#8221;middle&#8221; type=&#8221;in_container&#8221; full_screen_row_position=&#8221;middle&#8221; column_margin=&#8221;default&#8221; scene_position=&#8221;center&#8221; text_color=&#8221;dark&#8221; text_align=&#8221;left&#8221; overlay_strength=&#8221;0.3&#8243; shape_divider_position=&#8221;bottom&#8221; bg_image_animation=&#8221;none&#8221;][vc_column width=&#8221;1\/2&#8243; column_padding=&#8221;no-extra-padding&#8221; column_padding_position=&#8221;all&#8221; background_color_opacity=&#8221;1&#8243; background_hover_color_opacity=&#8221;1&#8243; column_link_target=&#8221;_self&#8221; column_shadow=&#8221;none&#8221; column_border_radius=&#8221;none&#8221; tablet_width_inherit=&#8221;default&#8221; tablet_text_alignment=&#8221;default&#8221; phone_text_alignment=&#8221;default&#8221; overlay_strength=&#8221;0.3&#8243; column_border_width=&#8221;none&#8221; column_border_style=&#8221;solid&#8221; bg_image_animation=&#8221;none&#8221;][\/vc_column][vc_column width=&#8221;1\/2&#8243; column_padding=&#8221;no-extra-padding&#8221; column_padding_position=&#8221;all&#8221; background_color_opacity=&#8221;1&#8243; background_hover_color_opacity=&#8221;1&#8243; column_link_target=&#8221;_self&#8221; column_shadow=&#8221;none&#8221; column_border_radius=&#8221;none&#8221; tablet_width_inherit=&#8221;default&#8221; tablet_text_alignment=&#8221;default&#8221; phone_text_alignment=&#8221;default&#8221; overlay_strength=&#8221;0.3&#8243; column_border_width=&#8221;none&#8221; column_border_style=&#8221;solid&#8221; bg_image_animation=&#8221;none&#8221; css=&#8221;.vc_custom_1561720951145{background-color: #f4f9fd !important;}&#8221;][vc_row_inner column_margin=&#8221;default&#8221; text_align=&#8221;left&#8221;][vc_column_inner width=&#8221;1\/4&#8243; column_padding=&#8221;no-extra-padding&#8221; column_padding_position=&#8221;all&#8221; background_color_opacity=&#8221;1&#8243; background_hover_color_opacity=&#8221;1&#8243; column_shadow=&#8221;none&#8221; column_border_radius=&#8221;none&#8221; column_link_target=&#8221;_self&#8221; tablet_width_inherit=&#8221;default&#8221; overlay_strength=&#8221;0.3&#8243; column_border_width=&#8221;none&#8221; column_border_style=&#8221;solid&#8221; bg_image_animation=&#8221;none&#8221;][\/vc_column_inner][vc_column_inner width=&#8221;1\/2&#8243; column_padding=&#8221;no-extra-padding&#8221; column_padding_position=&#8221;all&#8221; background_color_opacity=&#8221;1&#8243; background_hover_color_opacity=&#8221;1&#8243; column_shadow=&#8221;none&#8221; column_border_radius=&#8221;none&#8221; column_link_target=&#8221;_self&#8221; tablet_width_inherit=&#8221;default&#8221; overlay_strength=&#8221;0.3&#8243; column_border_width=&#8221;none&#8221; column_border_style=&#8221;solid&#8221; bg_image_animation=&#8221;none&#8221;][vc_column_text]<\/p>\n<h2 style=\"font-weight: bold; color: #31312c; text-align: left;\"><span style=\"font-size: 50px; font-weight: 500; letter-spacing: -2px; color: #000000;\">V\u00e5ra TJ\u00c4NSTER<\/span><\/h2>\n<p>[\/vc_column_text][vc_column_text]Vi \u00e4r inte bara en fastighetsm\u00e4klare. Vi tillhandah\u00e5ller varje tj\u00e4nst som har n\u00e5gon att g\u00f6ra med fastigheter.<\/p>\n<p>Genom v\u00e5r \u00f6ver 20 \u00e5r erfarenhet i sektorn \u00e4r vi i st\u00e5nd till att st\u00e4lla ett omf\u00e5ngsrikt utbud av tj\u00e4nster:<\/p>\n<ul>\n<li>Marknadsf\u00f6ring, f\u00f6rs\u00e4ljning och uthyrning av fastigheter.<\/li>\n<li>Juristisk och fiskalisk r\u00e5dgivning vid fastighetstransaktioner.<\/li>\n<li><span class=\"TextRun SCXW266327937 BCX0\" lang=\"SV-SE\" xml:lang=\"SV-SE\" data-contrast=\"auto\"><span class=\"NormalTextRun SCXW266327937 BCX0\">Investeringar i fastigheter.<\/span><\/span><\/li>\n<li>F\u00f6rvaltning av uthyrda fastigheter.<\/li>\n<li>Marketings- och s\u00e4ljfr\u00e4mjande plan f\u00f6r promotioner.<\/li>\n<li>Marketings- och s\u00e4ljfr\u00e4mjande plan f\u00f6r promotioner.<\/li>\n<\/ul>\n<p>[\/vc_column_text][\/vc_column_inner][vc_column_inner width=&#8221;1\/4&#8243; column_padding=&#8221;no-extra-padding&#8221; column_padding_position=&#8221;all&#8221; background_color_opacity=&#8221;1&#8243; background_hover_color_opacity=&#8221;1&#8243; column_shadow=&#8221;none&#8221; column_border_radius=&#8221;none&#8221; column_link_target=&#8221;_self&#8221; tablet_width_inherit=&#8221;default&#8221; overlay_strength=&#8221;0.3&#8243; column_border_width=&#8221;none&#8221; column_border_style=&#8221;solid&#8221; bg_image_animation=&#8221;none&#8221;][\/vc_column_inner][\/vc_row_inner][\/vc_column][\/vc_row][vc_row type=&#8221;in_container&#8221; full_screen_row_position=&#8221;middle&#8221; column_margin=&#8221;default&#8221; scene_position=&#8221;center&#8221; text_color=&#8221;dark&#8221; text_align=&#8221;left&#8221; overlay_strength=&#8221;0.3&#8243; shape_divider_position=&#8221;bottom&#8221; bg_image_animation=&#8221;none&#8221;][vc_column column_padding=&#8221;no-extra-padding&#8221; column_padding_position=&#8221;all&#8221; background_color_opacity=&#8221;1&#8243; background_hover_color_opacity=&#8221;1&#8243; column_link_target=&#8221;_self&#8221; column_shadow=&#8221;none&#8221; column_border_radius=&#8221;none&#8221; tablet_width_inherit=&#8221;default&#8221; tablet_text_alignment=&#8221;default&#8221; phone_text_alignment=&#8221;default&#8221; overlay_strength=&#8221;0.3&#8243; column_border_width=&#8221;none&#8221; column_border_style=&#8221;solid&#8221; bg_image_animation=&#8221;none&#8221;][\/vc_column][\/vc_row]<\/p>\n<\/div>","protected":false},"excerpt":{"rendered":"<p>[vc_row type=&#8221;in_container&#8221; full_screen_row_position=&#8221;middle&#8221; column_margin=&#8221;default&#8221; scene_position=&#8221;center&#8221; text_color=&#8221;dark&#8221; text_align=&#8221;left&#8221; overlay_strength=&#8221;0.3&#8243; shape_divider_position=&#8221;bottom&#8221; bg_image_animation=&#8221;none&#8221;][vc_column column_padding=&#8221;no-extra-padding&#8221; column_padding_position=&#8221;all&#8221; background_color_opacity=&#8221;1&#8243; background_hover_color_opacity=&#8221;1&#8243; column_link_target=&#8221;_self&#8221; column_shadow=&#8221;none&#8221; column_border_radius=&#8221;none&#8221; tablet_width_inherit=&#8221;default&#8221; tablet_text_alignment=&#8221;default&#8221; phone_text_alignment=&#8221;default&#8221; overlay_strength=&#8221;0.3&#8243; column_border_width=&#8221;none&#8221; column_border_style=&#8221;solid&#8221; bg_image_animation=&#8221;none&#8221;][vc_column_text] V\u00e5r firma [\/vc_column_text][vc_row_inner column_margin=&#8221;default&#8221; text_align=&#8221;left&#8221;][vc_column_inner width=&#8221;1\/2&#8243; column_padding=&#8221;no-extra-padding&#8221; column_padding_position=&#8221;all&#8221; background_color_opacity=&#8221;1&#8243; background_hover_color_opacity=&#8221;1&#8243; column_shadow=&#8221;none&#8221; column_border_radius=&#8221;none&#8221; column_link_target=&#8221;_self&#8221; tablet_width_inherit=&#8221;default&#8221; overlay_strength=&#8221;0.3&#8243; column_border_width=&#8221;none&#8221; column_border_style=&#8221;solid&#8221; bg_image_animation=&#8221;none&#8221;][vc_column_text]Old Farm Houses \u00e4r en fastighetsbyr\u00e5 fokuserad p\u00e5 management, marketing och f\u00f6rmedlingstj\u00e4nster p\u00e5 nationell och internationell niv\u00e5. Bel\u00e5tna kunder \u00e4r v\u00e5rt m\u00e5l, b\u00e5de &#8230;<\/p>\n","protected":false},"author":2,"featured_media":0,"parent":0,"menu_order":0,"comment_status":"closed","ping_status":"closed","template":"","meta":{"footnotes":""},"acf":[],"_links":{"self":[{"href":"https:\/\/oldfarmhouses.es\/sv\/wp-json\/wp\/v2\/pages\/38968"}],"collection":[{"href":"https:\/\/oldfarmhouses.es\/sv\/wp-json\/wp\/v2\/pages"}],"about":[{"href":"https:\/\/oldfarmhouses.es\/sv\/wp-json\/wp\/v2\/types\/page"}],"author":[{"embeddable":true,"href":"https:\/\/oldfarmhouses.es\/sv\/wp-json\/wp\/v2\/users\/2"}],"replies":[{"embeddable":true,"href":"https:\/\/oldfarmhouses.es\/sv\/wp-json\/wp\/v2\/comments?post=38968"}],"version-history":[{"count":5,"href":"https:\/\/oldfarmhouses.es\/sv\/wp-json\/wp\/v2\/pages\/38968\/revisions"}],"predecessor-version":[{"id":39016,"href":"https:\/\/oldfarmhouses.es\/sv\/wp-json\/wp\/v2\/pages\/38968\/revisions\/39016"}],"wp:attachment":[{"href":"https:\/\/oldfarmhouses.es\/sv\/wp-json\/wp\/v2\/media?parent=38968"}],"curies":[{"name":"wp","href":"https:\/\/api.w.org\/{rel}","templated":true}]}}