{"id":38990,"date":"2023-03-14T12:45:34","date_gmt":"2023-03-14T11:45:34","guid":{"rendered":"https:\/\/oldfarmhouses.es\/?page_id=38990"},"modified":"2023-11-06T07:58:19","modified_gmt":"2023-11-06T06:58:19","slug":"personal-shopper","status":"publish","type":"page","link":"https:\/\/oldfarmhouses.es\/sv\/personal-shopper\/","title":{"rendered":"Personal shopper"},"content":{"rendered":"<div class=\"wpb-content-wrapper\"><p>[vc_row][vc_column][vc_column_text css_animation=&#8221;fadeInLeft&#8221;]<\/p>\n<h2 style=\"font-weight: bold; color: #31312c; text-align: left;\"><span style=\"font-size: 50px; font-weight: 500; letter-spacing: -2px; color: #000000;\">PERSONAL<br \/>\n<\/span><span style=\"font-size: 50px; font-weight: bold; color: #f2b745; letter-spacing: -2px;\">SHOPPER<\/span><\/h2>\n<p>[\/vc_column_text][\/vc_column][\/vc_row][vc_row][vc_column width=&#8221;1\/2&#8243;][vc_column_text css_animation=&#8221;fadeInLeft&#8221;]En Personal Shopper \u00e4r en r\u00e5dgivare som hj\u00e4lper k\u00f6paren med hela k\u00f6pprocessen, informerar honom om alla n\u00f6dv\u00e4ndiga legala procedurerna, v\u00e4ljer ut optionen som passar sig b\u00e4st till k\u00f6parens behov och tolkar alla regler s\u00e5 att han kan f\u00f6rst\u00e5 allt. Dessutom hj\u00e4lper han k\u00f6paren att flytta in i sitt nya hem.<\/p>\n<h2><span style=\"font-size: 12pt;\"><strong>Vi l\u00e4mnar dig inte i sticket.<\/strong><\/span><\/h2>\n<p>Till skillnad fr\u00e5n andra tj\u00e4nster, best\u00e5r Personal Shoppers plikten i att skydda kundens intressen. Kunden m\u00e5ste f\u00e5 en st\u00e4ndig assistans eftersom att k\u00f6pa en fastighet \u00e4r ett mycket stort beslut. Vi vidtar alla beh\u00f6vliga \u00e5tg\u00e4rderna f\u00f6r att tillf\u00f6rs\u00e4kra kundens intressen. Vi begr\u00e4nsar oss inte till att hj\u00e4lpa bara k\u00f6paren. Alla personer \u00e4r viktiga f\u00f6r varje operation. <strong>Old Farmhouses<\/strong> sysslar med k\u00f6p-, f\u00f6rs\u00e4ljnings- och f\u00f6rmedlingsoperationer f\u00f6r att kunna erbjuda en b\u00e4ttre tj\u00e4nst till v\u00e5ra kunder.[\/vc_column_text][\/vc_column][vc_column width=&#8221;1\/2&#8243;][vc_single_image image=&#8221;36271&#8243; img_size=&#8221;full&#8221; alignment=&#8221;center&#8221; css_animation=&#8221;fadeInRight&#8221;][\/vc_column][\/vc_row][vc_row][vc_column][vc_column_text css_animation=&#8221;fadeInLeft&#8221;]<\/p>\n<h2>F\u00f6rdelarna med Personal Shopper tj\u00e4nsten<\/h2>\n<p>Tack vare v\u00e5r l\u00e5nga erfarenhet, du f\u00e5r s\u00e5 m\u00e5nga fotografier som beh\u00f6vs, en virtuell besiktning och en uppteckning \u00f6ver b\u00e5de f\u00f6rdelar och nackdelarna.[\/vc_column_text][\/vc_column][\/vc_row][vc_row][vc_column width=&#8221;1\/2&#8243;][vc_column_text css_animation=&#8221;fadeInLeft&#8221;]<strong>Orientering<\/strong>: Vi informerar oss om dina behov och finner d\u00e4refter den b\u00e4sta l\u00f6sningen f\u00f6r dig.<\/p>\n<p><strong>R\u00e5dgivning<\/strong> under hela s\u00f6k- och k\u00f6pprocessen. Vi erbjuder flera m\u00f6jligheter och analyserar detta som anpassar denna process efter dina behov.<\/p>\n<p><strong>Du sparar pengar<\/strong>: Den Personal Shopper sysslar med allt. Han f\u00f6rhandlar om priset och utr\u00e4ttar alla procedurerna \u00e5t dig, s\u00e5 att du inte beh\u00f6ver vara fysiskt p\u00e5 plats.<\/p>\n<p><strong>Det kr\u00e4ver mindre tid<\/strong>: Att k\u00f6pa en fastighet \u00e4r v\u00e4l ett av de st\u00f6rsta besluten som man kommer att ta n\u00e5gonsin. Med denna tj\u00e4nsten besparar du dig stressen av de byr\u00e5kratiska procedurerna.[\/vc_column_text][\/vc_column][vc_column width=&#8221;1\/2&#8243;][vc_column_text css_animation=&#8221;fadeInRight&#8221;]<strong>Vi skaffar fram alla erforderliga dokument<\/strong> som beh\u00f6vs f\u00f6r att k\u00f6pa en fastighet utomlands. Vi skaffar:<\/p>\n<p>&#8211; <strong>NIE (Identifikationsnummer f\u00f6r utl\u00e4nningar i Spanien)<\/strong>.<\/p>\n<p>&#8211; <strong>Handlingsfullmakt<\/strong>.<\/p>\n<p>&#8211; <strong>\u00d6ppning av bankkontor i Spanien<\/strong>.<\/p>\n<p>&#8211; <strong>Juridisk r\u00e5dgivning<\/strong>.<\/p>\n<p>&#8211; <strong>\u00d6vers\u00e4ttning av aktstycken och vidare dokument<\/strong>.<\/p>\n<p>&#8211; <strong>Reserveringskontrakt<\/strong>.<\/p>\n<p>&#8211; <strong>Namn\u00e4ndring p\u00e5 fakturor<\/strong>.[\/vc_column_text][\/vc_column][\/vc_row][vc_row disable_element=&#8221;yes&#8221;][vc_column][vc_single_image image=&#8221;36286&#8243; img_size=&#8221;full&#8221;][vc_column_text css_animation=&#8221;fadeInLeft&#8221; el_id=&#8221;texto1&#8243;]<span style=\"font-size: 14pt;\"><span style=\"color: #ffffff;\">Todo esto con una<\/span> <span style=\"font-size: 18pt; color: #000000;\">tarifa plana<\/span> <span style=\"color: #ffffff;\">que<\/span> <span style=\"color: #000000; font-size: 18pt;\">no pagar\u00e1s hasta haber encontrado tu propiedad.<\/span><span style=\"color: #ffffff;\"> Nuestra m\u00e1xima es hacer que encuentres tu nuevo hogar.<\/span><\/span><\/p>\n<p>&nbsp;<\/p>\n<p><span style=\"font-size: 14pt;\"><span style=\"color: #ffffff;\">Conoce a tu <\/span><span style=\"font-size: 18pt; color: #000000;\">Personal Shopper Inmobiliario<\/span><span style=\"color: #ffffff;\"> en Murcia con la garant\u00eda de Old Farmhouses.<\/span><\/span>[\/vc_column_text][vc_column_text css_animation=&#8221;fadeInLeft&#8221; el_id=&#8221;texto2&#8243;]<span style=\"font-size: 10pt; color: #000000;\"><span style=\"color: #ffffff;\">Todo esto con una<\/span> <span style=\"font-size: 12pt;\">tarifa plana<\/span> <span style=\"color: #ffffff;\">que<\/span> <span style=\"font-size: 12pt;\">no pagar\u00e1s hasta haber encontrado tu propieda<\/span>d. <span style=\"color: #ffffff;\">Nuestra m\u00e1xima es hacer que encuentres tu nuevo hogar.<\/span><\/span><\/p>\n<p><span style=\"font-size: 10pt; color: #000000;\"><span style=\"color: #ffffff;\">Conoce a tu <span style=\"color: #000000; font-size: 12pt;\">Personal<\/span><\/span> <span style=\"font-size: 12pt;\">Shopper Inmobiliario<\/span> <span style=\"color: #ffffff;\">en Murcia con la garant\u00eda de Old Farmhouses.<\/span><\/span>[\/vc_column_text][vc_column_text css_animation=&#8221;fadeInLeft&#8221; el_id=&#8221;texto3&#8243;]<span style=\"font-size: 8pt; color: #000000;\"><span style=\"color: #ffffff;\">Todo esto con una<\/span> <span style=\"font-size: 10pt;\">tarifa plana<\/span> <span style=\"color: #ffffff;\">que<\/span><span style=\"font-size: 10pt;\"> no pagar\u00e1s hasta haber encontrado tu propiedad.<\/span> <span style=\"color: #ffffff;\">Nuestra m\u00e1xima es hacer que encuentres tu nuevo hogar.<\/span><\/span><\/p>\n<p><span style=\"font-size: 8pt; color: #000000;\"><span style=\"color: #ffffff;\">Conoce a tu<span style=\"font-size: 10pt; color: #000000;\"> Personal<\/span><\/span><span style=\"font-size: 10pt;\"> Shopper Inmobiliario<\/span> <span style=\"color: #ffffff;\">en Murcia con la garant\u00eda de Old Farmhouses.<\/span><\/span>[\/vc_column_text][\/vc_column][\/vc_row][vc_row][vc_column width=&#8221;1\/2&#8243;][vc_video link=&#8221;https:\/\/www.youtube.com\/watch?v=_SLZPNiNeXI&amp;ab_channel=OldFarmhousesSpain&#8221;][\/vc_column][vc_column width=&#8221;1\/2&#8243;][vc_video link=&#8221;https:\/\/www.youtube.com\/watch?v=9dqoC-tHIDc&amp;ab_channel=OldFarmhousesSpain&#8221;][\/vc_column][\/vc_row][vc_row][vc_column][vc_column_text css_animation=&#8221;bounceInLeft&#8221;]<strong>\u00bfQuieres que te ayudemos a encontrar tu casa ideal con los beneficios del personal shopping inmobiliario? Dinos c\u00f3mo ponernos en contacto contigo:<\/strong>[\/vc_column_text][\/vc_column][\/vc_row][vc_row][vc_column css_animation=&#8221;fadeInLeft&#8221; width=&#8221;2\/3&#8243;]\n<div class=\"wpcf7 no-js\" id=\"wpcf7-f19741-o1\" lang=\"es-ES\" dir=\"ltr\">\n<div class=\"screen-reader-response\"><p role=\"status\" aria-live=\"polite\" aria-atomic=\"true\"><\/p> <ul><\/ul><\/div>\n<form action=\"\/sv\/wp-json\/wp\/v2\/pages\/38990#wpcf7-f19741-o1\" method=\"post\" class=\"wpcf7-form init\" aria-label=\"Formulario de contacto\" novalidate=\"novalidate\" data-status=\"init\">\n<div style=\"display: none;\">\n<input type=\"hidden\" name=\"_wpcf7\" value=\"19741\" \/>\n<input type=\"hidden\" name=\"_wpcf7_version\" value=\"5.7.7\" \/>\n<input type=\"hidden\" name=\"_wpcf7_locale\" value=\"es_ES\" \/>\n<input type=\"hidden\" name=\"_wpcf7_unit_tag\" value=\"wpcf7-f19741-o1\" \/>\n<input type=\"hidden\" name=\"_wpcf7_container_post\" value=\"0\" \/>\n<input type=\"hidden\" name=\"_wpcf7_posted_data_hash\" value=\"\" \/>\n<input type=\"hidden\" name=\"_wpcf7_recaptcha_response\" value=\"\" \/>\n<\/div>\n<p><label> Tu nombre (requerido)<br \/>\n<span class=\"wpcf7-form-control-wrap\" data-name=\"your-name\"><input size=\"40\" class=\"wpcf7-form-control wpcf7-text wpcf7-validates-as-required\" aria-required=\"true\" aria-invalid=\"false\" value=\"\" type=\"text\" name=\"your-name\" \/><\/span> <\/label>\n<\/p>\n<p><label> Tu correo electr\u00f3nico (requerido)<br \/>\n<span class=\"wpcf7-form-control-wrap\" data-name=\"your-email\"><input size=\"40\" class=\"wpcf7-form-control wpcf7-text wpcf7-email wpcf7-validates-as-required wpcf7-validates-as-email\" aria-required=\"true\" aria-invalid=\"false\" value=\"\" type=\"email\" name=\"your-email\" \/><\/span> <\/label>\n<\/p>\n<p><label> Tel\u00e9fono (requerido)<br \/>\n<span class=\"wpcf7-form-control-wrap\" data-name=\"phone\"><input size=\"40\" class=\"wpcf7-form-control wpcf7-text wpcf7-tel wpcf7-validates-as-required wpcf7-validates-as-tel\" aria-required=\"true\" aria-invalid=\"false\" value=\"\" type=\"tel\" name=\"phone\" \/><\/span> <\/label>\n<\/p>\n<p><label> Asunto<br \/>\n<span class=\"wpcf7-form-control-wrap\" data-name=\"your-subject\"><input size=\"40\" class=\"wpcf7-form-control wpcf7-text\" aria-invalid=\"false\" value=\"\" type=\"text\" name=\"your-subject\" \/><\/span> <\/label>\n<\/p>\n<p><label> Tu mensaje<br \/>\n<span class=\"wpcf7-form-control-wrap\" data-name=\"your-message\"><textarea cols=\"40\" rows=\"10\" class=\"wpcf7-form-control wpcf7-textarea\" aria-invalid=\"false\" name=\"your-message\"><\/textarea><\/span> <\/label>\n<\/p>\n<p><input class=\"wpcf7-form-control has-spinner wpcf7-submit\" type=\"submit\" value=\"Enviar\" \/>\n<\/p><div class=\"wpcf7-response-output\" aria-hidden=\"true\"><\/div>\n<\/form>\n<\/div>\n[\/vc_column][vc_column width=&#8221;1\/3&#8243;][vc_column_text css_animation=&#8221;fadeInRight&#8221;]<\/p>\n<h3>Contactos<\/h3>\n<p>[\/vc_column_text][vc_column_text css_animation=&#8221;fadeInRight&#8221;]<\/p>\n<h4>Oficina Central<\/h4>\n<p>Avda. Balsicas 4 bajo<br \/>\n30709 Roldan, Murcia<br \/>\n<a href=\"tel:+34868701655\">Tel: +34 868 701 655<\/a><br \/>\n<a href=\"tel:+34623018292\">Tel: +34 623 018 292<\/a><br \/>\nfarmhouses@oldfarmhouses.es[\/vc_column_text][vc_separator][vc_column_text css_animation=&#8221;fadeInRight&#8221;]<\/p>\n<h4>Oficina Central<\/h4>\n<p>Avda. Balsicas 4 bajo<br \/>\n30709 Roldan, Murcia<br \/>\n<a href=\"tel:+34868701655\">Tel: +34 868 701 655<\/a><br \/>\n<a href=\"tel:+34623018292\">Tel: +34 623 018 292<\/a><br \/>\nfarmhouses@oldfarmhouses.es[\/vc_column_text][vc_separator][\/vc_column][\/vc_row]<\/p>\n<\/div>","protected":false},"excerpt":{"rendered":"<p>[vc_row][vc_column][vc_column_text css_animation=&#8221;fadeInLeft&#8221;] PERSONAL SHOPPER [\/vc_column_text][\/vc_column][\/vc_row][vc_row][vc_column width=&#8221;1\/2&#8243;][vc_column_text css_animation=&#8221;fadeInLeft&#8221;]En Personal Shopper \u00e4r en r\u00e5dgivare som hj\u00e4lper k\u00f6paren med hela k\u00f6pprocessen, informerar honom om alla n\u00f6dv\u00e4ndiga legala procedurerna, v\u00e4ljer ut optionen som passar sig b\u00e4st till k\u00f6parens behov och tolkar alla regler s\u00e5 att han kan f\u00f6rst\u00e5 allt. Dessutom hj\u00e4lper han k\u00f6paren att flytta in i sitt nya hem. Vi l\u00e4mnar dig inte i sticket. Till skillnad &#8230;<\/p>\n","protected":false},"author":2,"featured_media":0,"parent":0,"menu_order":0,"comment_status":"closed","ping_status":"closed","template":"","meta":{"footnotes":""},"acf":[],"_links":{"self":[{"href":"https:\/\/oldfarmhouses.es\/sv\/wp-json\/wp\/v2\/pages\/38990"}],"collection":[{"href":"https:\/\/oldfarmhouses.es\/sv\/wp-json\/wp\/v2\/pages"}],"about":[{"href":"https:\/\/oldfarmhouses.es\/sv\/wp-json\/wp\/v2\/types\/page"}],"author":[{"embeddable":true,"href":"https:\/\/oldfarmhouses.es\/sv\/wp-json\/wp\/v2\/users\/2"}],"replies":[{"embeddable":true,"href":"https:\/\/oldfarmhouses.es\/sv\/wp-json\/wp\/v2\/comments?post=38990"}],"version-history":[{"count":6,"href":"https:\/\/oldfarmhouses.es\/sv\/wp-json\/wp\/v2\/pages\/38990\/revisions"}],"predecessor-version":[{"id":38996,"href":"https:\/\/oldfarmhouses.es\/sv\/wp-json\/wp\/v2\/pages\/38990\/revisions\/38996"}],"wp:attachment":[{"href":"https:\/\/oldfarmhouses.es\/sv\/wp-json\/wp\/v2\/media?parent=38990"}],"curies":[{"name":"wp","href":"https:\/\/api.w.org\/{rel}","templated":true}]}}